 {"id":2813,"date":"2021-05-12T07:22:33","date_gmt":"2021-05-12T07:22:33","guid":{"rendered":"https:\/\/ks.comoditahome.com\/?page_id=2813"},"modified":"2025-09-17T15:09:47","modified_gmt":"2025-09-17T13:09:47","slug":"dhoma-e-ndenjes","status":"publish","type":"page","link":"https:\/\/www.comoditahome.com\/al\/dhoma-e-ndenjes\/","title":{"rendered":"DHOMA E NDENJ\u00cbS"},"content":{"rendered":"\t\t<div data-elementor-type=\"wp-page\" data-elementor-id=\"2813\" class=\"elementor elementor-2813\" data-elementor-settings=\"[]\">\n\t\t\t\t\t\t\t<div class=\"elementor-section-wrap\">\n\t\t\t\t\t\t\t<section class=\"elementor-section elementor-top-section elementor-element elementor-element-f27475c elementor-section-full_width elementor-section-stretched elementor-section-height-default elementor-section-height-default\" data-id=\"f27475c\" data-element_type=\"section\" data-settings=\"{&quot;stretch_section&quot;:&quot;section-stretched&quot;,&quot;background_background&quot;:&quot;classic&quot;}\">\n\t\t\t\t\t\t<div class=\"elementor-container elementor-column-gap-default\">\n\t\t\t\t\t<div class=\"elementor-column elementor-col-25 elementor-top-column elementor-element elementor-element-2fc74c6\" data-id=\"2fc74c6\" data-element_type=\"column\">\n\t\t\t<div class=\"elementor-widget-wrap\">\n\t\t\t\t\t\t\t\t\t<\/div>\n\t\t<\/div>\n\t\t\t\t<div class=\"elementor-column elementor-col-50 elementor-top-column elementor-element elementor-element-fe9a644\" data-id=\"fe9a644\" data-element_type=\"column\">\n\t\t\t<div class=\"elementor-widget-wrap elementor-element-populated\">\n\t\t\t\t\t\t\t\t<div class=\"elementor-element elementor-element-a9a3e2e elementor-widget elementor-widget-text-editor\" data-id=\"a9a3e2e\" data-element_type=\"widget\" data-widget_type=\"text-editor.default\">\n\t\t\t\t<div class=\"elementor-widget-container\">\n\t\t\t\t\t\t\t<p>Sht\u00ebpia \u00ebsht\u00eb ambienti ku zhvillojm\u00eb jet\u00ebn, aty ku familja jon\u00eb rritet! Prandaj modeloni k\u00ebt\u00eb hap\u00ebsir\u00eb me sip\u00ebrfaqe t\u00eb dizajnuara p\u00ebr ndenj\u00eb dhe relaks. Hijeshoni dhom\u00ebn e ndenj\u00ebs me batanije dekorative, vazo q\u00eb shk\u00eblqejn\u00eb, qilima shum\u00eb ngjyr\u00ebsh apo kolltuqe q\u00eb garantojn\u00eb rehatin\u00eb.<\/p>\t\t\t\t\t\t<\/div>\n\t\t\t\t<\/div>\n\t\t\t\t\t<\/div>\n\t\t<\/div>\n\t\t\t\t<div class=\"elementor-column elementor-col-25 elementor-top-column elementor-element elementor-element-cf74d43\" data-id=\"cf74d43\" data-element_type=\"column\">\n\t\t\t<div class=\"elementor-widget-wrap\">\n\t\t\t\t\t\t\t\t\t<\/div>\n\t\t<\/div>\n\t\t\t\t\t\t\t<\/div>\n\t\t<\/section>\n\t\t\t\t<section class=\"elementor-section elementor-top-section elementor-element elementor-element-e7ed9ba elementor-section-full_width elementor-section-stretched elementor-section-height-default elementor-section-height-default\" data-id=\"e7ed9ba\" data-element_type=\"section\" data-settings=\"{&quot;stretch_section&quot;:&quot;section-stretched&quot;}\">\n\t\t\t\t\t\t<div class=\"elementor-container elementor-column-gap-no\">\n\t\t\t\t\t<div class=\"elementor-column elementor-col-25 elementor-top-column elementor-element elementor-element-7e88e56\" data-id=\"7e88e56\" data-element_type=\"column\">\n\t\t\t<div class=\"elementor-widget-wrap elementor-element-populated\">\n\t\t\t\t\t\t\t\t<div class=\"elementor-element elementor-element-7e558aa elementor-widget elementor-widget-sober-banner\" data-id=\"7e558aa\" data-element_type=\"widget\" data-widget_type=\"sober-banner.default\">\n\t\t\t\t<div class=\"elementor-widget-container\">\n\t\t\t\t\t<div class=\"sober-banner-image sober-banner--elementor sober-banner-image--hover-zoom sober-banner-image--button-visible-always sober-banner-image--content-center-middle sober-banner-image--content-sm-left-top sober-banner-image--content-xs-left-top\">\n\t\t\t<a class=\"sober-banner-image__link\" href=\"https:\/\/www.comoditahome.com\/al\/product-category\/dhoma-e-ndenjes\/lageshtues-ajri\/\">\t\t\t\t<img loading=\"lazy\" decoding=\"async\" width=\"640\" height=\"867\" src=\"https:\/\/www.comoditahome.com\/al\/wp-content\/uploads\/2022\/05\/Lageshtues.jpg\" class=\"attachment-full size-full\" alt=\"\" srcset=\"https:\/\/www.comoditahome.com\/al\/wp-content\/uploads\/2022\/05\/Lageshtues.jpg 640w, https:\/\/www.comoditahome.com\/al\/wp-content\/uploads\/2022\/05\/Lageshtues-221x300.jpg 221w\" sizes=\"(max-width: 640px) 100vw, 640px\" \/>\n\t\t\t\t<div class=\"sober-banner-image__content\">\n\t\t\t\t\t\n\t\t\t\t\t\t\t\t\t\t\t<div class=\"sober-banner-image__title\">LAG\u00cbSHTUES<\/div>\n\t\t\t\t\t\n\t\t\t\t\t\n\t\t\t\t\t<div class=\"sober-banner-image__buttons\">\n\t\t\t\t\t\t\t\t\t\t\t\t\t\t\t\t\t<\/div>\n\t\t\t\t<\/div>\n\t\t\t<\/a>\t\t<\/div>\n\t\t\t\t<\/div>\n\t\t\t\t<\/div>\n\t\t\t\t\t<\/div>\n\t\t<\/div>\n\t\t\t\t<div class=\"elementor-column elementor-col-25 elementor-top-column elementor-element elementor-element-b008a65\" data-id=\"b008a65\" data-element_type=\"column\">\n\t\t\t<div class=\"elementor-widget-wrap elementor-element-populated\">\n\t\t\t\t\t\t\t\t<div class=\"elementor-element elementor-element-8ef9358 elementor-widget elementor-widget-sober-banner\" data-id=\"8ef9358\" data-element_type=\"widget\" data-widget_type=\"sober-banner.default\">\n\t\t\t\t<div class=\"elementor-widget-container\">\n\t\t\t\t\t<div class=\"sober-banner-image sober-banner--elementor sober-banner-image--hover-zoom sober-banner-image--button-visible-always sober-banner-image--content-center-middle sober-banner-image--content-sm-left-top sober-banner-image--content-xs-left-top\">\n\t\t\t<a class=\"sober-banner-image__link\" href=\"https:\/\/www.comoditahome.com\/al\/product-category\/dhoma-e-ndenjes\/ndenje\/\">\t\t\t\t<img loading=\"lazy\" decoding=\"async\" width=\"640\" height=\"867\" src=\"https:\/\/www.comoditahome.com\/al\/wp-content\/uploads\/2022\/05\/Ndenje.jpg\" class=\"attachment-full size-full\" alt=\"\" srcset=\"https:\/\/www.comoditahome.com\/al\/wp-content\/uploads\/2022\/05\/Ndenje.jpg 640w, https:\/\/www.comoditahome.com\/al\/wp-content\/uploads\/2022\/05\/Ndenje-221x300.jpg 221w\" sizes=\"(max-width: 640px) 100vw, 640px\" \/>\n\t\t\t\t<div class=\"sober-banner-image__content\">\n\t\t\t\t\t\n\t\t\t\t\t\t\t\t\t\t\t<div class=\"sober-banner-image__title\">UL\u00cbSE<\/div>\n\t\t\t\t\t\n\t\t\t\t\t\n\t\t\t\t\t<div class=\"sober-banner-image__buttons\">\n\t\t\t\t\t\t\t\t\t\t\t\t\t\t\t\t\t<\/div>\n\t\t\t\t<\/div>\n\t\t\t<\/a>\t\t<\/div>\n\t\t\t\t<\/div>\n\t\t\t\t<\/div>\n\t\t\t\t\t<\/div>\n\t\t<\/div>\n\t\t\t\t<div class=\"elementor-column elementor-col-25 elementor-top-column elementor-element elementor-element-77a7d77\" data-id=\"77a7d77\" data-element_type=\"column\">\n\t\t\t<div class=\"elementor-widget-wrap elementor-element-populated\">\n\t\t\t\t\t\t\t\t<div class=\"elementor-element elementor-element-4c168ed elementor-widget elementor-widget-sober-banner\" data-id=\"4c168ed\" data-element_type=\"widget\" data-widget_type=\"sober-banner.default\">\n\t\t\t\t<div class=\"elementor-widget-container\">\n\t\t\t\t\t<div class=\"sober-banner-image sober-banner--elementor sober-banner-image--hover-zoom sober-banner-image--button-visible-always sober-banner-image--content-center-middle sober-banner-image--content-sm-left-top sober-banner-image--content-xs-left-top\">\n\t\t\t<a class=\"sober-banner-image__link\" href=\"https:\/\/www.comoditahome.com\/al\/product-category\/dhoma-e-ndenjes\/dekore\/\">\t\t\t\t<img loading=\"lazy\" decoding=\"async\" width=\"640\" height=\"867\" src=\"https:\/\/www.comoditahome.com\/al\/wp-content\/uploads\/2025\/09\/Sub-dekore.jpg\" class=\"attachment-full size-full\" alt=\"\" srcset=\"https:\/\/www.comoditahome.com\/al\/wp-content\/uploads\/2025\/09\/Sub-dekore.jpg 640w, https:\/\/www.comoditahome.com\/al\/wp-content\/uploads\/2025\/09\/Sub-dekore-221x300.jpg 221w\" sizes=\"(max-width: 640px) 100vw, 640px\" \/>\n\t\t\t\t<div class=\"sober-banner-image__content\">\n\t\t\t\t\t\n\t\t\t\t\t\t\t\t\t\t\t<div class=\"sober-banner-image__title\">DEKOR<\/div>\n\t\t\t\t\t\n\t\t\t\t\t\n\t\t\t\t\t<div class=\"sober-banner-image__buttons\">\n\t\t\t\t\t\t\t\t\t\t\t\t\t\t\t\t\t<\/div>\n\t\t\t\t<\/div>\n\t\t\t<\/a>\t\t<\/div>\n\t\t\t\t<\/div>\n\t\t\t\t<\/div>\n\t\t\t\t\t<\/div>\n\t\t<\/div>\n\t\t\t\t<div class=\"elementor-column elementor-col-25 elementor-top-column elementor-element elementor-element-11d2f5a\" data-id=\"11d2f5a\" data-element_type=\"column\">\n\t\t\t<div class=\"elementor-widget-wrap elementor-element-populated\">\n\t\t\t\t\t\t\t\t<div class=\"elementor-element elementor-element-8ae4cb3 elementor-widget elementor-widget-sober-banner\" data-id=\"8ae4cb3\" data-element_type=\"widget\" data-widget_type=\"sober-banner.default\">\n\t\t\t\t<div class=\"elementor-widget-container\">\n\t\t\t\t\t<div class=\"sober-banner-image sober-banner--elementor sober-banner-image--hover-zoom sober-banner-image--button-visible-always sober-banner-image--content-center-middle sober-banner-image--content-sm-left-top sober-banner-image--content-xs-left-top\">\n\t\t\t<a class=\"sober-banner-image__link\" href=\"https:\/\/www.comoditahome.com\/al\/product-category\/gjumi\/batanije\/\">\t\t\t\t<img loading=\"lazy\" decoding=\"async\" width=\"640\" height=\"867\" src=\"https:\/\/www.comoditahome.com\/al\/wp-content\/uploads\/2025\/09\/Sub-batanije.jpg\" class=\"attachment-full size-full\" alt=\"\" srcset=\"https:\/\/www.comoditahome.com\/al\/wp-content\/uploads\/2025\/09\/Sub-batanije.jpg 640w, https:\/\/www.comoditahome.com\/al\/wp-content\/uploads\/2025\/09\/Sub-batanije-221x300.jpg 221w\" sizes=\"(max-width: 640px) 100vw, 640px\" \/>\n\t\t\t\t<div class=\"sober-banner-image__content\">\n\t\t\t\t\t\n\t\t\t\t\t\t\t\t\t\t\t<div class=\"sober-banner-image__title\">BATANIJE DEKORATIVE<\/div>\n\t\t\t\t\t\n\t\t\t\t\t\n\t\t\t\t\t<div class=\"sober-banner-image__buttons\">\n\t\t\t\t\t\t\t\t\t\t\t\t\t\t\t\t\t<\/div>\n\t\t\t\t<\/div>\n\t\t\t<\/a>\t\t<\/div>\n\t\t\t\t<\/div>\n\t\t\t\t<\/div>\n\t\t\t\t\t<\/div>\n\t\t<\/div>\n\t\t\t\t\t\t\t<\/div>\n\t\t<\/section>\n\t\t\t\t<section class=\"elementor-section elementor-top-section elementor-element elementor-element-1e6501f elementor-section-full_width elementor-section-stretched elementor-section-height-default elementor-section-height-default\" data-id=\"1e6501f\" data-element_type=\"section\" data-settings=\"{&quot;stretch_section&quot;:&quot;section-stretched&quot;}\">\n\t\t\t\t\t\t<div class=\"elementor-container elementor-column-gap-no\">\n\t\t\t\t\t<div class=\"elementor-column elementor-col-25 elementor-top-column elementor-element elementor-element-1517702\" data-id=\"1517702\" data-element_type=\"column\">\n\t\t\t<div class=\"elementor-widget-wrap elementor-element-populated\">\n\t\t\t\t\t\t\t\t<div class=\"elementor-element elementor-element-6157614 elementor-widget elementor-widget-sober-banner\" data-id=\"6157614\" data-element_type=\"widget\" data-widget_type=\"sober-banner.default\">\n\t\t\t\t<div class=\"elementor-widget-container\">\n\t\t\t\t\t<div class=\"sober-banner-image sober-banner--elementor sober-banner-image--hover-zoom sober-banner-image--button-visible-always sober-banner-image--content-center-middle sober-banner-image--content-sm-left-top sober-banner-image--content-xs-left-top\">\n\t\t\t<a class=\"sober-banner-image__link\" href=\"https:\/\/www.comoditahome.com\/al\/product-category\/dhoma-e-ndenjes\/ore\/\">\t\t\t\t<img loading=\"lazy\" decoding=\"async\" width=\"640\" height=\"867\" src=\"https:\/\/www.comoditahome.com\/al\/wp-content\/uploads\/2025\/09\/Sub-ore.jpg\" class=\"attachment-full size-full\" alt=\"\" srcset=\"https:\/\/www.comoditahome.com\/al\/wp-content\/uploads\/2025\/09\/Sub-ore.jpg 640w, https:\/\/www.comoditahome.com\/al\/wp-content\/uploads\/2025\/09\/Sub-ore-221x300.jpg 221w\" sizes=\"(max-width: 640px) 100vw, 640px\" \/>\n\t\t\t\t<div class=\"sober-banner-image__content\">\n\t\t\t\t\t\n\t\t\t\t\t\t\t\t\t\t\t<div class=\"sober-banner-image__title\">OR\u00cb MURI<\/div>\n\t\t\t\t\t\n\t\t\t\t\t\n\t\t\t\t\t<div class=\"sober-banner-image__buttons\">\n\t\t\t\t\t\t\t\t\t\t\t\t\t\t\t\t\t<\/div>\n\t\t\t\t<\/div>\n\t\t\t<\/a>\t\t<\/div>\n\t\t\t\t<\/div>\n\t\t\t\t<\/div>\n\t\t\t\t\t<\/div>\n\t\t<\/div>\n\t\t\t\t<div class=\"elementor-column elementor-col-25 elementor-top-column elementor-element elementor-element-af095a7\" data-id=\"af095a7\" data-element_type=\"column\">\n\t\t\t<div class=\"elementor-widget-wrap elementor-element-populated\">\n\t\t\t\t\t\t\t\t<div class=\"elementor-element elementor-element-f19427d elementor-widget elementor-widget-sober-banner\" data-id=\"f19427d\" data-element_type=\"widget\" data-widget_type=\"sober-banner.default\">\n\t\t\t\t<div class=\"elementor-widget-container\">\n\t\t\t\t\t<div class=\"sober-banner-image sober-banner--elementor sober-banner-image--hover-zoom sober-banner-image--button-visible-always sober-banner-image--content-center-middle sober-banner-image--content-sm-left-top sober-banner-image--content-xs-left-top\">\n\t\t\t<a class=\"sober-banner-image__link\" href=\"https:\/\/www.comoditahome.com\/al\/product-category\/dhoma-e-ndenjes\/llambe\/\">\t\t\t\t<img loading=\"lazy\" decoding=\"async\" width=\"640\" height=\"867\" src=\"https:\/\/www.comoditahome.com\/al\/wp-content\/uploads\/2025\/09\/Sub-Llampa.jpg\" class=\"attachment-full size-full\" alt=\"\" srcset=\"https:\/\/www.comoditahome.com\/al\/wp-content\/uploads\/2025\/09\/Sub-Llampa.jpg 640w, https:\/\/www.comoditahome.com\/al\/wp-content\/uploads\/2025\/09\/Sub-Llampa-221x300.jpg 221w\" sizes=\"(max-width: 640px) 100vw, 640px\" \/>\n\t\t\t\t<div class=\"sober-banner-image__content\">\n\t\t\t\t\t\n\t\t\t\t\t\t\t\t\t\t\t<div class=\"sober-banner-image__title\">ABAZHUR<\/div>\n\t\t\t\t\t\n\t\t\t\t\t\n\t\t\t\t\t<div class=\"sober-banner-image__buttons\">\n\t\t\t\t\t\t\t\t\t\t\t\t\t\t\t\t\t<\/div>\n\t\t\t\t<\/div>\n\t\t\t<\/a>\t\t<\/div>\n\t\t\t\t<\/div>\n\t\t\t\t<\/div>\n\t\t\t\t\t<\/div>\n\t\t<\/div>\n\t\t\t\t<div class=\"elementor-column elementor-col-25 elementor-top-column elementor-element elementor-element-60c0b76\" data-id=\"60c0b76\" data-element_type=\"column\">\n\t\t\t<div class=\"elementor-widget-wrap elementor-element-populated\">\n\t\t\t\t\t\t\t\t<div class=\"elementor-element elementor-element-04bd692 elementor-widget elementor-widget-sober-banner\" data-id=\"04bd692\" data-element_type=\"widget\" data-widget_type=\"sober-banner.default\">\n\t\t\t\t<div class=\"elementor-widget-container\">\n\t\t\t\t\t<div class=\"sober-banner-image sober-banner--elementor sober-banner-image--hover-zoom sober-banner-image--button-visible-always sober-banner-image--content-center-middle sober-banner-image--content-sm-left-top sober-banner-image--content-xs-left-top\">\n\t\t\t<a class=\"sober-banner-image__link\" href=\"https:\/\/www.comoditahome.com\/al\/product-category\/dhoma-e-ndenjes\/qilim\/\">\t\t\t\t<img loading=\"lazy\" decoding=\"async\" width=\"640\" height=\"867\" src=\"https:\/\/www.comoditahome.com\/al\/wp-content\/uploads\/2022\/05\/Qilim.jpg\" class=\"attachment-full size-full\" alt=\"\" srcset=\"https:\/\/www.comoditahome.com\/al\/wp-content\/uploads\/2022\/05\/Qilim.jpg 640w, https:\/\/www.comoditahome.com\/al\/wp-content\/uploads\/2022\/05\/Qilim-221x300.jpg 221w\" sizes=\"(max-width: 640px) 100vw, 640px\" \/>\n\t\t\t\t<div class=\"sober-banner-image__content\">\n\t\t\t\t\t\n\t\t\t\t\t\t\t\t\t\t\t<div class=\"sober-banner-image__title\">TAPET<\/div>\n\t\t\t\t\t\n\t\t\t\t\t\n\t\t\t\t\t<div class=\"sober-banner-image__buttons\">\n\t\t\t\t\t\t\t\t\t\t\t\t\t\t\t\t\t<\/div>\n\t\t\t\t<\/div>\n\t\t\t<\/a>\t\t<\/div>\n\t\t\t\t<\/div>\n\t\t\t\t<\/div>\n\t\t\t\t\t<\/div>\n\t\t<\/div>\n\t\t\t\t<div class=\"elementor-column elementor-col-25 elementor-top-column elementor-element elementor-element-bcc1cc5\" data-id=\"bcc1cc5\" data-element_type=\"column\">\n\t\t\t<div class=\"elementor-widget-wrap elementor-element-populated\">\n\t\t\t\t\t\t\t\t<div class=\"elementor-element elementor-element-56f3203 elementor-widget elementor-widget-sober-banner\" data-id=\"56f3203\" data-element_type=\"widget\" data-widget_type=\"sober-banner.default\">\n\t\t\t\t<div class=\"elementor-widget-container\">\n\t\t\t\t\t<div class=\"sober-banner-image sober-banner--elementor sober-banner-image--hover-zoom sober-banner-image--button-visible-always sober-banner-image--content-center-middle sober-banner-image--content-sm-left-top sober-banner-image--content-xs-left-top\">\n\t\t\t<a class=\"sober-banner-image__link\" href=\"https:\/\/www.comoditahome.com\/al\/product-category\/dhoma-e-ndenjes\/pasqyre\/\">\t\t\t\t<img loading=\"lazy\" decoding=\"async\" width=\"640\" height=\"867\" src=\"https:\/\/www.comoditahome.com\/al\/wp-content\/uploads\/2025\/09\/Sub-Pasqyre.jpg\" class=\"attachment-full size-full\" alt=\"\" srcset=\"https:\/\/www.comoditahome.com\/al\/wp-content\/uploads\/2025\/09\/Sub-Pasqyre.jpg 640w, https:\/\/www.comoditahome.com\/al\/wp-content\/uploads\/2025\/09\/Sub-Pasqyre-221x300.jpg 221w\" sizes=\"(max-width: 640px) 100vw, 640px\" \/>\n\t\t\t\t<div class=\"sober-banner-image__content\">\n\t\t\t\t\t\n\t\t\t\t\t\t\t\t\t\t\t<div class=\"sober-banner-image__title\">PASQYR\u00cb<\/div>\n\t\t\t\t\t\n\t\t\t\t\t\n\t\t\t\t\t<div class=\"sober-banner-image__buttons\">\n\t\t\t\t\t\t\t\t\t\t\t\t\t\t\t\t\t<\/div>\n\t\t\t\t<\/div>\n\t\t\t<\/a>\t\t<\/div>\n\t\t\t\t<\/div>\n\t\t\t\t<\/div>\n\t\t\t\t\t<\/div>\n\t\t<\/div>\n\t\t\t\t\t\t\t<\/div>\n\t\t<\/section>\n\t\t\t\t<section class=\"elementor-section elementor-top-section elementor-element elementor-element-bc83f04 elementor-section-full_width elementor-section-stretched elementor-section-height-default elementor-section-height-default\" data-id=\"bc83f04\" data-element_type=\"section\" data-settings=\"{&quot;stretch_section&quot;:&quot;section-stretched&quot;}\">\n\t\t\t\t\t\t<div class=\"elementor-container elementor-column-gap-no\">\n\t\t\t\t\t<div class=\"elementor-column elementor-col-25 elementor-top-column elementor-element elementor-element-7c5dc5a\" data-id=\"7c5dc5a\" data-element_type=\"column\">\n\t\t\t<div class=\"elementor-widget-wrap elementor-element-populated\">\n\t\t\t\t\t\t\t\t<div class=\"elementor-element elementor-element-f35ba32 elementor-widget elementor-widget-sober-banner\" data-id=\"f35ba32\" data-element_type=\"widget\" data-widget_type=\"sober-banner.default\">\n\t\t\t\t<div class=\"elementor-widget-container\">\n\t\t\t\t\t<div class=\"sober-banner-image sober-banner--elementor sober-banner-image--hover-zoom sober-banner-image--button-visible-always sober-banner-image--content-center-middle sober-banner-image--content-sm-left-top sober-banner-image--content-xs-left-top\">\n\t\t\t<a class=\"sober-banner-image__link\" href=\"https:\/\/www.comoditahome.com\/al\/product-category\/gjumi\/aromatizues\/\">\t\t\t\t<img loading=\"lazy\" decoding=\"async\" width=\"640\" height=\"867\" src=\"https:\/\/www.comoditahome.com\/al\/wp-content\/uploads\/2025\/09\/Aromatizues-2.jpg\" class=\"attachment-full size-full\" alt=\"\" srcset=\"https:\/\/www.comoditahome.com\/al\/wp-content\/uploads\/2025\/09\/Aromatizues-2.jpg 640w, https:\/\/www.comoditahome.com\/al\/wp-content\/uploads\/2025\/09\/Aromatizues-2-221x300.jpg 221w\" sizes=\"(max-width: 640px) 100vw, 640px\" \/>\n\t\t\t\t<div class=\"sober-banner-image__content\">\n\t\t\t\t\t\n\t\t\t\t\t\t\t\t\t\t\t<div class=\"sober-banner-image__title\">AROMATIZUES<\/div>\n\t\t\t\t\t\n\t\t\t\t\t\n\t\t\t\t\t<div class=\"sober-banner-image__buttons\">\n\t\t\t\t\t\t\t\t\t\t\t\t\t\t\t\t\t<\/div>\n\t\t\t\t<\/div>\n\t\t\t<\/a>\t\t<\/div>\n\t\t\t\t<\/div>\n\t\t\t\t<\/div>\n\t\t\t\t\t<\/div>\n\t\t<\/div>\n\t\t\t\t<div class=\"elementor-column elementor-col-25 elementor-top-column elementor-element elementor-element-4ff39ca\" data-id=\"4ff39ca\" data-element_type=\"column\">\n\t\t\t<div class=\"elementor-widget-wrap elementor-element-populated\">\n\t\t\t\t\t\t\t\t<div class=\"elementor-element elementor-element-5b9432e elementor-widget elementor-widget-sober-banner\" data-id=\"5b9432e\" data-element_type=\"widget\" data-widget_type=\"sober-banner.default\">\n\t\t\t\t<div class=\"elementor-widget-container\">\n\t\t\t\t\t<div class=\"sober-banner-image sober-banner--elementor sober-banner-image--hover-zoom sober-banner-image--button-visible-always sober-banner-image--content-center-middle sober-banner-image--content-sm-left-top sober-banner-image--content-xs-left-top\">\n\t\t\t<a class=\"sober-banner-image__link\" href=\"https:\/\/www.comoditahome.com\/al\/product-category\/dhoma-e-ndenjes\/organizim\/\">\t\t\t\t<img loading=\"lazy\" decoding=\"async\" width=\"640\" height=\"867\" src=\"https:\/\/www.comoditahome.com\/al\/wp-content\/uploads\/2025\/09\/Sub-organizim.jpg\" class=\"attachment-full size-full\" alt=\"\" srcset=\"https:\/\/www.comoditahome.com\/al\/wp-content\/uploads\/2025\/09\/Sub-organizim.jpg 640w, https:\/\/www.comoditahome.com\/al\/wp-content\/uploads\/2025\/09\/Sub-organizim-221x300.jpg 221w\" sizes=\"(max-width: 640px) 100vw, 640px\" \/>\n\t\t\t\t<div class=\"sober-banner-image__content\">\n\t\t\t\t\t\n\t\t\t\t\t\t\t\t\t\t\t<div class=\"sober-banner-image__title\">ORGANIZIM<\/div>\n\t\t\t\t\t\n\t\t\t\t\t\n\t\t\t\t\t<div class=\"sober-banner-image__buttons\">\n\t\t\t\t\t\t\t\t\t\t\t\t\t\t\t\t\t<\/div>\n\t\t\t\t<\/div>\n\t\t\t<\/a>\t\t<\/div>\n\t\t\t\t<\/div>\n\t\t\t\t<\/div>\n\t\t\t\t\t<\/div>\n\t\t<\/div>\n\t\t\t\t<div class=\"elementor-column elementor-col-25 elementor-top-column elementor-element elementor-element-1755560\" data-id=\"1755560\" data-element_type=\"column\">\n\t\t\t<div class=\"elementor-widget-wrap elementor-element-populated\">\n\t\t\t\t\t\t\t\t<div class=\"elementor-element elementor-element-7051405 elementor-widget elementor-widget-sober-banner\" data-id=\"7051405\" data-element_type=\"widget\" data-widget_type=\"sober-banner.default\">\n\t\t\t\t<div class=\"elementor-widget-container\">\n\t\t\t\t\t<div class=\"sober-banner-image sober-banner--elementor sober-banner-image--hover-zoom sober-banner-image--button-visible-always sober-banner-image--content-center-middle sober-banner-image--content-sm-left-top sober-banner-image--content-xs-left-top\">\n\t\t\t<a class=\"sober-banner-image__link\" href=\"https:\/\/www.comoditahome.com\/al\/product-category\/dhoma-e-ndenjes\/jastek-dekorativ\/\">\t\t\t\t<img loading=\"lazy\" decoding=\"async\" width=\"640\" height=\"867\" src=\"https:\/\/www.comoditahome.com\/al\/wp-content\/uploads\/2025\/09\/Sub-Jastek-dekorativ-2-1.jpg\" class=\"attachment-full size-full\" alt=\"\" srcset=\"https:\/\/www.comoditahome.com\/al\/wp-content\/uploads\/2025\/09\/Sub-Jastek-dekorativ-2-1.jpg 640w, https:\/\/www.comoditahome.com\/al\/wp-content\/uploads\/2025\/09\/Sub-Jastek-dekorativ-2-1-221x300.jpg 221w\" sizes=\"(max-width: 640px) 100vw, 640px\" \/>\n\t\t\t\t<div class=\"sober-banner-image__content\">\n\t\t\t\t\t\n\t\t\t\t\t\t\t\t\t\t\t<div class=\"sober-banner-image__title\">JAST\u00cbK DEKORATIV<\/div>\n\t\t\t\t\t\n\t\t\t\t\t\n\t\t\t\t\t<div class=\"sober-banner-image__buttons\">\n\t\t\t\t\t\t\t\t\t\t\t\t\t\t\t\t\t<\/div>\n\t\t\t\t<\/div>\n\t\t\t<\/a>\t\t<\/div>\n\t\t\t\t<\/div>\n\t\t\t\t<\/div>\n\t\t\t\t\t<\/div>\n\t\t<\/div>\n\t\t\t\t<div class=\"elementor-column elementor-col-25 elementor-top-column elementor-element elementor-element-c293df0\" data-id=\"c293df0\" data-element_type=\"column\">\n\t\t\t<div class=\"elementor-widget-wrap elementor-element-populated\">\n\t\t\t\t\t\t\t\t<div class=\"elementor-element elementor-element-8726ef1 elementor-widget elementor-widget-sober-banner\" data-id=\"8726ef1\" data-element_type=\"widget\" data-widget_type=\"sober-banner.default\">\n\t\t\t\t<div class=\"elementor-widget-container\">\n\t\t\t\t\t<div class=\"sober-banner-image sober-banner--elementor sober-banner-image--hover-zoom sober-banner-image--button-visible-always sober-banner-image--content-center-middle sober-banner-image--content-sm-left-top sober-banner-image--content-xs-left-top\">\n\t\t\t<a class=\"sober-banner-image__link\" href=\"https:\/\/www.comoditahome.com\/al\/product-category\/gjumi\/kornize-per-fotografi\/\">\t\t\t\t<img loading=\"lazy\" decoding=\"async\" width=\"640\" height=\"867\" src=\"https:\/\/www.comoditahome.com\/al\/wp-content\/uploads\/2025\/09\/Sub-kornize-fotografie.jpg\" class=\"attachment-full size-full\" alt=\"\" srcset=\"https:\/\/www.comoditahome.com\/al\/wp-content\/uploads\/2025\/09\/Sub-kornize-fotografie.jpg 640w, https:\/\/www.comoditahome.com\/al\/wp-content\/uploads\/2025\/09\/Sub-kornize-fotografie-221x300.jpg 221w\" sizes=\"(max-width: 640px) 100vw, 640px\" \/>\n\t\t\t\t<div class=\"sober-banner-image__content\">\n\t\t\t\t\t\n\t\t\t\t\t\t\t\t\t\t\t<div class=\"sober-banner-image__title\">KORNIZ\u00cb FOTOGRAFIE<\/div>\n\t\t\t\t\t\n\t\t\t\t\t\n\t\t\t\t\t<div class=\"sober-banner-image__buttons\">\n\t\t\t\t\t\t\t\t\t\t\t\t\t\t\t\t\t<\/div>\n\t\t\t\t<\/div>\n\t\t\t<\/a>\t\t<\/div>\n\t\t\t\t<\/div>\n\t\t\t\t<\/div>\n\t\t\t\t\t<\/div>\n\t\t<\/div>\n\t\t\t\t\t\t\t<\/div>\n\t\t<\/section>\n\t\t\t\t\t\t<\/div>\n\t\t\t\t\t<\/div>\n\t\t","protected":false},"excerpt":{"rendered":"<p>Sht\u00ebpia \u00ebsht\u00eb ambienti ku zhvillojm\u00eb jet\u00ebn, aty ku familja jon\u00eb rritet! Prandaj modeloni k\u00ebt\u00eb hap\u00ebsir\u00eb me sip\u00ebrfaqe t\u00eb dizajnuara p\u00ebr ndenj\u00eb dhe relaks. Hijeshoni dhom\u00ebn e ndenj\u00ebs me batanije dekorative,&hellip;<\/p>\n","protected":false},"author":2,"featured_media":0,"parent":0,"menu_order":0,"comment_status":"closed","ping_status":"closed","template":"templates\/homepage.php","meta":{"footnotes":""},"_links":{"self":[{"href":"https:\/\/www.comoditahome.com\/al\/wp-json\/wp\/v2\/pages\/2813"}],"collection":[{"href":"https:\/\/www.comoditahome.com\/al\/wp-json\/wp\/v2\/pages"}],"about":[{"href":"https:\/\/www.comoditahome.com\/al\/wp-json\/wp\/v2\/types\/page"}],"author":[{"embeddable":true,"href":"https:\/\/www.comoditahome.com\/al\/wp-json\/wp\/v2\/users\/2"}],"replies":[{"embeddable":true,"href":"https:\/\/www.comoditahome.com\/al\/wp-json\/wp\/v2\/comments?post=2813"}],"version-history":[{"count":74,"href":"https:\/\/www.comoditahome.com\/al\/wp-json\/wp\/v2\/pages\/2813\/revisions"}],"predecessor-version":[{"id":87282,"href":"https:\/\/www.comoditahome.com\/al\/wp-json\/wp\/v2\/pages\/2813\/revisions\/87282"}],"wp:attachment":[{"href":"https:\/\/www.comoditahome.com\/al\/wp-json\/wp\/v2\/media?parent=2813"}],"curies":[{"name":"wp","href":"https:\/\/api.w.org\/{rel}","templated":true}]}}