 {"id":2819,"date":"2021-05-12T07:23:26","date_gmt":"2021-05-12T07:23:26","guid":{"rendered":"https:\/\/ks.comoditahome.com\/?page_id=2819"},"modified":"2023-04-03T09:48:16","modified_gmt":"2023-04-03T07:48:16","slug":"udhetim","status":"publish","type":"page","link":"https:\/\/www.comoditahome.com\/al\/udhetim\/","title":{"rendered":"UDH\u00cbTIM"},"content":{"rendered":"\t\t<div data-elementor-type=\"wp-page\" data-elementor-id=\"2819\" class=\"elementor elementor-2819\" data-elementor-settings=\"[]\">\n\t\t\t\t\t\t\t<div class=\"elementor-section-wrap\">\n\t\t\t\t\t\t\t<section class=\"elementor-section elementor-top-section elementor-element elementor-element-840d49f elementor-section-full_width elementor-section-stretched elementor-section-height-default elementor-section-height-default\" data-id=\"840d49f\" data-element_type=\"section\" data-settings=\"{&quot;stretch_section&quot;:&quot;section-stretched&quot;,&quot;background_background&quot;:&quot;classic&quot;}\">\n\t\t\t\t\t\t<div class=\"elementor-container elementor-column-gap-default\">\n\t\t\t\t\t<div class=\"elementor-column elementor-col-25 elementor-top-column elementor-element elementor-element-72447a0\" data-id=\"72447a0\" data-element_type=\"column\">\n\t\t\t<div class=\"elementor-widget-wrap\">\n\t\t\t\t\t\t\t\t\t<\/div>\n\t\t<\/div>\n\t\t\t\t<div class=\"elementor-column elementor-col-50 elementor-top-column elementor-element elementor-element-d330bc4\" data-id=\"d330bc4\" data-element_type=\"column\">\n\t\t\t<div class=\"elementor-widget-wrap elementor-element-populated\">\n\t\t\t\t\t\t\t\t<div class=\"elementor-element elementor-element-3fe5901 elementor-widget elementor-widget-text-editor\" data-id=\"3fe5901\" data-element_type=\"widget\" data-widget_type=\"text-editor.default\">\n\t\t\t\t<div class=\"elementor-widget-container\">\n\t\t\t\t\t\t\tB\u00ebhuni gati p\u00ebr pushime, udh\u00ebtime dhe aventura pasionante me linj\u00eb e udh\u00ebtimit Regent! Prej valixheve n\u00eb madh\u00ebsi t\u00eb ndryshme e deri tek \u00e7antat komplekse t\u00eb p\u00ebrshtashme p\u00ebr raste t\u00eb ndryshme udh\u00ebtimi, me Regent do t\u00eb udh\u00ebtoni m\u00eb komfort. Dizajnet praktike, materiali kualitativ dhe ngjyrat e format shum\u00eb moderne, do t\u00eb ju ndihmojn\u00eb t\u00eb finalizoni pamjen elegante t\u00eb nj\u00eb udh\u00ebtari entuziast.  \t\t\t\t\t\t<\/div>\n\t\t\t\t<\/div>\n\t\t\t\t\t<\/div>\n\t\t<\/div>\n\t\t\t\t<div class=\"elementor-column elementor-col-25 elementor-top-column elementor-element elementor-element-bb148e3\" data-id=\"bb148e3\" data-element_type=\"column\">\n\t\t\t<div class=\"elementor-widget-wrap\">\n\t\t\t\t\t\t\t\t\t<\/div>\n\t\t<\/div>\n\t\t\t\t\t\t\t<\/div>\n\t\t<\/section>\n\t\t\t\t<section class=\"elementor-section elementor-top-section elementor-element elementor-element-5e43e3c elementor-section-full_width elementor-section-stretched elementor-section-height-default elementor-section-height-default\" data-id=\"5e43e3c\" data-element_type=\"section\" data-settings=\"{&quot;stretch_section&quot;:&quot;section-stretched&quot;}\">\n\t\t\t\t\t\t<div class=\"elementor-container elementor-column-gap-no\">\n\t\t\t\t\t<div class=\"elementor-column elementor-col-25 elementor-top-column elementor-element elementor-element-d39b81c\" data-id=\"d39b81c\" data-element_type=\"column\">\n\t\t\t<div class=\"elementor-widget-wrap elementor-element-populated\">\n\t\t\t\t\t\t\t\t<div class=\"elementor-element elementor-element-0d0953c elementor-widget elementor-widget-sober-banner\" data-id=\"0d0953c\" data-element_type=\"widget\" data-widget_type=\"sober-banner.default\">\n\t\t\t\t<div class=\"elementor-widget-container\">\n\t\t\t\t\t<div class=\"sober-banner-image sober-banner--elementor sober-banner-image--hover-zoom sober-banner-image--button-visible-always sober-banner-image--content-center-middle sober-banner-image--content-sm-left-top sober-banner-image--content-xs-left-top\">\n\t\t\t<a class=\"sober-banner-image__link\" href=\"https:\/\/www.comoditahome.com\/al\/product-category\/udhetim\/valixhe\/\">\t\t\t\t<img loading=\"lazy\" decoding=\"async\" width=\"640\" height=\"867\" src=\"https:\/\/www.comoditahome.com\/al\/wp-content\/uploads\/2022\/05\/Valixhe-subkategoria.jpg\" class=\"attachment-full size-full\" alt=\"\" srcset=\"https:\/\/www.comoditahome.com\/al\/wp-content\/uploads\/2022\/05\/Valixhe-subkategoria.jpg 640w, https:\/\/www.comoditahome.com\/al\/wp-content\/uploads\/2022\/05\/Valixhe-subkategoria-221x300.jpg 221w\" sizes=\"(max-width: 640px) 100vw, 640px\" \/>\n\t\t\t\t<div class=\"sober-banner-image__content\">\n\t\t\t\t\t\n\t\t\t\t\t\t\t\t\t\t\t<div class=\"sober-banner-image__title\">VALIXHE<\/div>\n\t\t\t\t\t\n\t\t\t\t\t\n\t\t\t\t\t<div class=\"sober-banner-image__buttons\">\n\t\t\t\t\t\t\t\t\t\t\t\t\t\t\t\t\t<\/div>\n\t\t\t\t<\/div>\n\t\t\t<\/a>\t\t<\/div>\n\t\t\t\t<\/div>\n\t\t\t\t<\/div>\n\t\t\t\t\t<\/div>\n\t\t<\/div>\n\t\t\t\t<div class=\"elementor-column elementor-col-25 elementor-top-column elementor-element elementor-element-df74a8a\" data-id=\"df74a8a\" data-element_type=\"column\">\n\t\t\t<div class=\"elementor-widget-wrap elementor-element-populated\">\n\t\t\t\t\t\t\t\t<div class=\"elementor-element elementor-element-2b6c329 elementor-widget elementor-widget-sober-banner\" data-id=\"2b6c329\" data-element_type=\"widget\" data-widget_type=\"sober-banner.default\">\n\t\t\t\t<div class=\"elementor-widget-container\">\n\t\t\t\t\t<div class=\"sober-banner-image sober-banner--elementor sober-banner-image--hover-zoom sober-banner-image--button-visible-always sober-banner-image--content-center-middle sober-banner-image--content-sm-left-top sober-banner-image--content-xs-left-top\">\n\t\t\t<a class=\"sober-banner-image__link\" href=\"https:\/\/www.comoditahome.com\/al\/product-category\/udhetim\/cante\/\">\t\t\t\t<img loading=\"lazy\" decoding=\"async\" width=\"640\" height=\"867\" src=\"https:\/\/www.comoditahome.com\/al\/wp-content\/uploads\/2022\/05\/Canta-Regent-3333.jpg\" class=\"attachment-full size-full\" alt=\"\" srcset=\"https:\/\/www.comoditahome.com\/al\/wp-content\/uploads\/2022\/05\/Canta-Regent-3333.jpg 640w, https:\/\/www.comoditahome.com\/al\/wp-content\/uploads\/2022\/05\/Canta-Regent-3333-221x300.jpg 221w\" sizes=\"(max-width: 640px) 100vw, 640px\" \/>\n\t\t\t\t<div class=\"sober-banner-image__content\">\n\t\t\t\t\t\n\t\t\t\t\t\t\t\t\t\t\t<div class=\"sober-banner-image__title\">\u00c7ANT\u00cb<\/div>\n\t\t\t\t\t\n\t\t\t\t\t\n\t\t\t\t\t<div class=\"sober-banner-image__buttons\">\n\t\t\t\t\t\t\t\t\t\t\t\t\t\t\t\t\t<\/div>\n\t\t\t\t<\/div>\n\t\t\t<\/a>\t\t<\/div>\n\t\t\t\t<\/div>\n\t\t\t\t<\/div>\n\t\t\t\t\t<\/div>\n\t\t<\/div>\n\t\t\t\t<div class=\"elementor-column elementor-col-25 elementor-top-column elementor-element elementor-element-04b3081\" data-id=\"04b3081\" data-element_type=\"column\">\n\t\t\t<div class=\"elementor-widget-wrap\">\n\t\t\t\t\t\t\t\t\t<\/div>\n\t\t<\/div>\n\t\t\t\t<div class=\"elementor-column elementor-col-25 elementor-top-column elementor-element elementor-element-b3f752d\" data-id=\"b3f752d\" data-element_type=\"column\">\n\t\t\t<div class=\"elementor-widget-wrap\">\n\t\t\t\t\t\t\t\t\t<\/div>\n\t\t<\/div>\n\t\t\t\t\t\t\t<\/div>\n\t\t<\/section>\n\t\t\t\t\t\t<\/div>\n\t\t\t\t\t<\/div>\n\t\t","protected":false},"excerpt":{"rendered":"<p>B\u00ebhuni gati p\u00ebr pushime, udh\u00ebtime dhe aventura pasionante me linj\u00eb e udh\u00ebtimit Regent! Prej valixheve n\u00eb madh\u00ebsi t\u00eb ndryshme e deri tek \u00e7antat komplekse t\u00eb p\u00ebrshtashme p\u00ebr raste t\u00eb ndryshme&hellip;<\/p>\n","protected":false},"author":2,"featured_media":0,"parent":0,"menu_order":0,"comment_status":"closed","ping_status":"closed","template":"templates\/homepage.php","meta":{"footnotes":""},"_links":{"self":[{"href":"https:\/\/www.comoditahome.com\/al\/wp-json\/wp\/v2\/pages\/2819"}],"collection":[{"href":"https:\/\/www.comoditahome.com\/al\/wp-json\/wp\/v2\/pages"}],"about":[{"href":"https:\/\/www.comoditahome.com\/al\/wp-json\/wp\/v2\/types\/page"}],"author":[{"embeddable":true,"href":"https:\/\/www.comoditahome.com\/al\/wp-json\/wp\/v2\/users\/2"}],"replies":[{"embeddable":true,"href":"https:\/\/www.comoditahome.com\/al\/wp-json\/wp\/v2\/comments?post=2819"}],"version-history":[{"count":23,"href":"https:\/\/www.comoditahome.com\/al\/wp-json\/wp\/v2\/pages\/2819\/revisions"}],"predecessor-version":[{"id":66925,"href":"https:\/\/www.comoditahome.com\/al\/wp-json\/wp\/v2\/pages\/2819\/revisions\/66925"}],"wp:attachment":[{"href":"https:\/\/www.comoditahome.com\/al\/wp-json\/wp\/v2\/media?parent=2819"}],"curies":[{"name":"wp","href":"https:\/\/api.w.org\/{rel}","templated":true}]}}