 {"id":2912,"date":"2021-05-15T08:31:03","date_gmt":"2021-05-15T08:31:03","guid":{"rendered":"https:\/\/ks.comoditahome.com\/?page_id=2912"},"modified":"2026-02-25T16:02:26","modified_gmt":"2026-02-25T14:02:26","slug":"rreth-nesh","status":"publish","type":"page","link":"https:\/\/www.comoditahome.com\/al\/rreth-nesh\/","title":{"rendered":"RRETH NESH"},"content":{"rendered":"\t\t<div data-elementor-type=\"wp-page\" data-elementor-id=\"2912\" class=\"elementor elementor-2912\" data-elementor-settings=\"[]\">\n\t\t\t\t\t\t\t<div class=\"elementor-section-wrap\">\n\t\t\t\t\t\t\t<section class=\"elementor-section elementor-top-section elementor-element elementor-element-ec4d7ef elementor-section-boxed elementor-section-height-default elementor-section-height-default\" data-id=\"ec4d7ef\" data-element_type=\"section\">\n\t\t\t\t\t\t<div class=\"elementor-container elementor-column-gap-default\">\n\t\t\t\t\t<div class=\"elementor-column elementor-col-100 elementor-top-column elementor-element elementor-element-0f31739\" data-id=\"0f31739\" data-element_type=\"column\">\n\t\t\t<div class=\"elementor-widget-wrap elementor-element-populated\">\n\t\t\t\t\t\t\t\t<div class=\"elementor-element elementor-element-c9f616f elementor-widget elementor-widget-text-editor\" data-id=\"c9f616f\" data-element_type=\"widget\" data-widget_type=\"text-editor.default\">\n\t\t\t\t<div class=\"elementor-widget-container\">\n\t\t\t\t\t\t\t<p style=\"text-align: left;\"><b>N\u00eb Mars t\u00eb 2014-t\u00ebs u finalizua edhe dysheku i par\u00eb i quajtur Comodita.<\/b><\/p>\n<p>Plani i bisnesit, kompleks por nj\u00ebkoh\u00ebsisht shum\u00eb i sofistikuar, p\u00ebr zinxhirin e dyqaneve t\u00eb mark\u00ebs Comodita, u jet\u00ebsua n\u00eb vitin 2015 me hapjen e 8 dyqanet tona t\u00eb para.<\/p>\n<p>N\u00eb rritje dhe zhvillim t\u00eb vazhduesh\u00ebm, Comodita sot \u00ebsht\u00eb nj\u00eb kompani e njohur e produkteve t\u00eb sht\u00ebpis\u00eb, me m\u00eb shum\u00eb se 2.500+ punonj\u00ebs dhe \u00ebsht\u00eb e pranishme n\u00eb t\u00eb<br>gjith\u00eb Kosov\u00ebn me 33 dyqane, n\u00eb Shqip\u00ebri me 38 dyqane dhe n\u00eb Maqedoni me 24 dyqane.<\/p>\n<p>Misioni kryesor i Comodita-s\u00eb \u00ebsht\u00eb q\u00eb t\u00eb drejtoj\u00eb nj\u00eb mark\u00eb t\u00eb gj\u00ebsendeve t\u00eb sht\u00ebpis\u00eb q\u00eb do t\u2019i sh\u00ebrbejn\u00eb nj\u00eb mir\u00ebqenieje m\u00eb<br>t\u00eb mir\u00eb n\u00eb \u00e7do familje. Kjo vler\u00eb promovohet jo vet\u00ebm p\u00ebrmes dizajnimit t\u00eb produkteve moderne, por edhe t\u00eb rehatshme. Secili prej produkteve t\u00eb<br>firmosura me etiket\u00ebn Comodita jan\u00eb t\u00eb kuruara me q\u00ebllimin p\u00ebr t\u00eb rritur cil\u00ebsin\u00eb e gjumit, ngr\u00ebnies, relaksimit dhe n\u00eb p\u00ebrgjith\u00ebsi t\u00eb jetes\u00ebs<br>s\u00eb p\u00ebrditshme.<\/p>\n<p>Comodita \u2013 P\u00ebr \u00e7do familje<br>Me premis\u00ebn e nd\u00ebrtimit t\u00eb nj\u00eb marke sht\u00ebpie q\u00eb do t\u00eb ofroj\u00eb p\u00ebrmir\u00ebsimin e cil\u00ebsis\u00eb s\u00eb jet\u00ebs n\u00eb sht\u00ebpi dhe familje, Comodita ka krijuar produkte dhe koleksione q\u00eb premtojn\u00eb rehati optimale dhe e kthejn\u00eb rutin\u00ebn e p\u00ebrditshme n\u00eb nj\u00eb m\u00ebnyr\u00eb jetese t\u00eb lumtu, p\u00ebrplot\u00eb me rehati. Gjumi i qet\u00eb, ushqimi i sh\u00ebndetsh\u00ebm dhe mir\u00ebqenia mes familjes, \u00ebsht\u00eb nj\u00eb pjes\u00eb<br>integrale e t\u00eb gjith\u00eb atyre q\u00eb zgjedhin mark\u00ebs Comodita.<\/p>\n<p>Brenda dyqaneve t\u00eb Comodita Home, do t\u00eb ekspozoheni nga nj\u00eb shum\u00ebllojshm\u00ebri e jasht\u00ebzakonshme e produkteve sht\u00ebpiake, t\u00eb renditura n\u00eb 7 kategori: <\/p>\n<p>Kategoria e dyshek\u00ebve, tekstilit, kuzhin\u00ebs, kategoria p\u00ebr f\u00ebmij\u00eb, kategoria e aksesor\u00ebve, ajo e udh\u00ebtimit Regent dhe kategoria e kopshtit. Kur blini n\u00eb dyqanet e Comodita, ju b\u00ebni zgjedhje t\u00eb lehta, p\u00ebr produkte q\u00eb jan\u00eb jet\u00eb-gjat\u00eb, ekonomike dhe shum\u00eb cil\u00ebsore. N\u00ebse po k\u00ebrkoni t\u00eb modeloni dhom\u00ebn tuaj t\u00eb gjumit, kuzhin\u00ebn, dhom\u00ebn e ngr\u00ebnies,<br>dhom\u00ebn e ndenjes, dhom\u00ebn e f\u00ebmij\u00ebve, planifikoni t\u00eb udh\u00ebtoni ose d\u00ebshironi t\u00eb dizajnoni kopshtin tuaj t\u00eb rehatsh\u00ebm, at\u00ebher\u00eb jeni n\u00eb vendin e duhur.<\/p>\n<p>P\u00ebr t\u2019u afruar ende m\u00eb shum\u00eb me klient\u00ebt, Comodita ka zhvilluar kanale t\u00eb shitjeve online t\u00eb cilat e b\u00ebjn\u00eb shum\u00eb m\u00eb t\u00eb leht\u00eb marr\u00ebdh\u00ebnien klient-kompani. Ju mund t\u00eb blini, t\u00eb informoheni dhe t\u00eb rezervoni nj\u00eb takim me agjent\u00ebt tan\u00eb p\u00ebrmes disa m\u00ebnyrave t\u00eb ndryshme.<br>N\u00ebse jeni person q\u00eb t\u00eb p\u00eblqen t\u00eb komunikosh p\u00ebrmes telefonit, mund t\u00eb flisni me qendr\u00ebn e thirrjeve dhe sh\u00ebrbimet hyr\u00ebse (Inbound). N\u00ebse d\u00ebshironi t\u00eb shfletoni dhe doni t\u00eb keni nj\u00eb vizion m\u00eb t\u00eb qart\u00eb se si duken produktet tona, mund t\u00eb vizitoni webfaqen ton\u00eb dhe t\u00eb bleni \u00e7do gj\u00eb q\u00eb u duhet. N\u00ebse zot\u00ebroni nj\u00eb biznes n\u00eb gastronomi, duhet t\u00eb takoni agjent\u00ebt tan\u00eb Horeca dhe t\u00eb njoftoheni me ofertat e tyre ekskluzive. Ju mund t\u00eb shkruani n\u00eb rrjetet sociale zyrtare dhe t\u00eb informoheni e bleni t\u00eb produktet m\u00eb shpejt\u00ebsi. Poashtu, p\u00ebr adhuruesit e TV-s\u00eb, Comodita ofron edhe emisionin e p\u00ebrditsh\u00ebm t\u00eb shitjes Comodita TV SHOP.<\/p>\n<p>Q\u00ebllimi dhe vizioni thelb\u00ebsor i Comodita nuk \u00ebsht\u00eb p\u00ebrfunduar ende! Duke shfryt\u00ebzuar t\u00eb gjitha p\u00ebrpjekjet, angazhimin dhe pasionin p\u00ebr pun\u00ebn, vizioni i Comodita \u00ebsht\u00eb t\u00eb zgjerohet n\u00eb m\u00eb shum\u00eb vende t\u00eb rajonit dhe s\u00eb shpejti t\u00eb b\u00ebhet nj\u00eb mark\u00eb globale.<\/p>\t\t\t\t\t\t<\/div>\n\t\t\t\t<\/div>\n\t\t\t\t\t<\/div>\n\t\t<\/div>\n\t\t\t\t\t\t\t<\/div>\n\t\t<\/section>\n\t\t\t\t\t\t<\/div>\n\t\t\t\t\t<\/div>\n\t\t","protected":false},"excerpt":{"rendered":"<p>N\u00eb Mars t\u00eb 2014-t\u00ebs u finalizua edhe dysheku i par\u00eb i quajtur Comodita. Plani i bisnesit, kompleks por nj\u00ebkoh\u00ebsisht shum\u00eb i sofistikuar, p\u00ebr zinxhirin e dyqaneve t\u00eb mark\u00ebs Comodita, u&hellip;<\/p>\n","protected":false},"author":2,"featured_media":0,"parent":0,"menu_order":0,"comment_status":"closed","ping_status":"closed","template":"templates\/homepage.php","meta":{"footnotes":""},"_links":{"self":[{"href":"https:\/\/www.comoditahome.com\/al\/wp-json\/wp\/v2\/pages\/2912"}],"collection":[{"href":"https:\/\/www.comoditahome.com\/al\/wp-json\/wp\/v2\/pages"}],"about":[{"href":"https:\/\/www.comoditahome.com\/al\/wp-json\/wp\/v2\/types\/page"}],"author":[{"embeddable":true,"href":"https:\/\/www.comoditahome.com\/al\/wp-json\/wp\/v2\/users\/2"}],"replies":[{"embeddable":true,"href":"https:\/\/www.comoditahome.com\/al\/wp-json\/wp\/v2\/comments?post=2912"}],"version-history":[{"count":91,"href":"https:\/\/www.comoditahome.com\/al\/wp-json\/wp\/v2\/pages\/2912\/revisions"}],"predecessor-version":[{"id":90377,"href":"https:\/\/www.comoditahome.com\/al\/wp-json\/wp\/v2\/pages\/2912\/revisions\/90377"}],"wp:attachment":[{"href":"https:\/\/www.comoditahome.com\/al\/wp-json\/wp\/v2\/media?parent=2912"}],"curies":[{"name":"wp","href":"https:\/\/api.w.org\/{rel}","templated":true}]}}