 {"id":3065,"date":"2021-06-07T07:11:59","date_gmt":"2021-06-07T07:11:59","guid":{"rendered":"https:\/\/ks.comoditahome.com\/?page_id=3065"},"modified":"2021-11-02T12:43:35","modified_gmt":"2021-11-02T10:43:35","slug":"termet-dhe-kushtet","status":"publish","type":"page","link":"https:\/\/www.comoditahome.com\/al\/termet-dhe-kushtet\/","title":{"rendered":"TERMET DHE KUSHTET"},"content":{"rendered":"\t\t<div data-elementor-type=\"wp-page\" data-elementor-id=\"3065\" class=\"elementor elementor-3065\" data-elementor-settings=\"[]\">\n\t\t\t\t\t\t\t<div class=\"elementor-section-wrap\">\n\t\t\t\t\t\t\t<section class=\"elementor-section elementor-top-section elementor-element elementor-element-15b9039 elementor-section-boxed elementor-section-height-default elementor-section-height-default\" data-id=\"15b9039\" data-element_type=\"section\">\n\t\t\t\t\t\t<div class=\"elementor-container elementor-column-gap-default\">\n\t\t\t\t\t<div class=\"elementor-column elementor-col-100 elementor-top-column elementor-element elementor-element-2dfd9a1\" data-id=\"2dfd9a1\" data-element_type=\"column\">\n\t\t\t<div class=\"elementor-widget-wrap elementor-element-populated\">\n\t\t\t\t\t\t\t\t<div class=\"elementor-element elementor-element-fd39c78 elementor-widget elementor-widget-text-editor\" data-id=\"fd39c78\" data-element_type=\"widget\" data-widget_type=\"text-editor.default\">\n\t\t\t\t<div class=\"elementor-widget-container\">\n\t\t\t\t\t\t\t<h3 style=\"text-align: center;\"><strong>KUSHTET E P\u00cbRDORIMIT T\u00cb COMODITA HOME<\/strong><\/h3><p>Kushtet e P\u00ebrdorimit p\u00ebrb\u00ebjn\u00eb nj\u00eb marr\u00ebveshje ligj\u00ebrisht t\u00eb detyrueshme t\u00eb b\u00ebr\u00eb midis COMODITA HOME \/ De Holding SHPK (k\u00ebtu e tutje, Ofruesi i Sh\u00ebrbimit t\u00eb Faqes, Ne, De Holding SHPK, Comodita) dhe Klientit (Kontraktorit).<\/p><p>Respektimi i Kushteve t\u00eb P\u00ebrdorimit dhe Politik\u00ebs son\u00eb t\u00eb Privat\u00ebsis\u00eb \u00ebsht\u00eb i detyruesh\u00ebm p\u00ebr hyrjen dhe p\u00ebrdorimin e k\u00ebsaj faqe n\u00eb internet, e cila \u00ebsht\u00eb n\u00eb pron\u00ebsi dhe operohet nga De Holding SHPK. K\u00ebto Kushtet e P\u00ebrdorimit zbatohen p\u00ebr transaksionet e biznesit kolektiv nd\u00ebrmjet NE.-s\u00eb dhe Klientit. Ato vlejn\u00eb p\u00ebr t\u00eb gjith\u00eb marr\u00ebdh\u00ebnien e biznesit, p\u00ebrfshir\u00eb kontratat e ardhshme. Klient\u00ebt jan\u00eb persona juridik\u00eb si dhe individ\u00eb.<\/p><p>Ju pranoni q\u00eb duke hyr\u00eb n\u00eb sit, ju keni lexuar, kuptuar dhe pranuar t\u00eb jeni t\u00eb detyruar nga t\u00eb gjitha k\u00ebto Kushte dhe Kushte. N\u00ebse nuk jeni dakord me t\u00eb gjitha k\u00ebto Kushte dhe Rregulla, at\u00ebher\u00eb ju ndalohet shprehimisht t\u00eb p\u00ebrdorni Faqen dhe duhet t\u00eb nd\u00ebrprisni p\u00ebrdorimin menj\u00ebher\u00eb.<\/p><p>Kushtet dhe kushtet shtes\u00eb ose dokumentet q\u00eb mund t\u00eb postohen n\u00eb sit her\u00eb pas here p\u00ebrfshihen shprehimisht k\u00ebtu me referenc\u00eb. Ne rezervojm\u00eb t\u00eb drejt\u00ebn, sipas gjykimit ton\u00eb t\u00eb vet\u00ebm, p\u00ebr t\u00eb b\u00ebr\u00eb ndryshime ose modifikime n\u00eb k\u00ebto Kushte dhe Kushtet n\u00eb \u00e7do koh\u00eb dhe p\u00ebr ndonj\u00eb arsye.<\/p><p>Ne do t&#8217;ju njoftojm\u00eb p\u00ebr \u00e7do ndryshim duke azhurnuar dat\u00ebn &#8220;P\u00ebrdit\u00ebsuar s\u00eb Fundmi&#8221; t\u00eb k\u00ebtyre Kushteve dhe Kushteve, dhe ju hiqni dor\u00eb nga \u00e7do e drejt\u00eb p\u00ebr t\u00eb marr\u00eb njoftim specifik p\u00ebr secilin ndryshim t\u00eb till\u00eb.<\/p><p>Adresa<\/p><p>Adresa e kompanis\u00eb \u00ebsht\u00eb n\u00eb Rrug\u00ebn Feridon Fezollari, Njesia Bashkiake Nr.6 me NIPT. L71402065J. Ofertat dhe sh\u00ebrbimet tona ofrohen n\u00eb baz\u00eb t\u00eb k\u00ebtyre Kushteve t\u00eb P\u00ebrdorimit t\u00eb ndryshuara her\u00eb pas here. Gjat\u00eb l\u00ebshimit t\u00eb nj\u00eb kontrate Klienti njeh dhe pranon k\u00ebto Kushte t\u00eb P\u00ebrdorimit. Kushtet e tjera t\u00eb p\u00ebrdorimit nuk zbatohen, p\u00ebrve\u00e7 n\u00ebse ne kemi r\u00ebn\u00eb dakord me to me shkrim.<\/p><p>P\u00ebrgjegj\u00ebsit\u00eb e Klientit<\/p><p>Klienti do t\u00eb b\u00ebj\u00eb nj\u00eb porosi dixhitale. Pasojat e mang\u00ebsive ose vonesave q\u00eb rezultojn\u00eb nga nj\u00eb formulim i paqart\u00eb, i pasakt\u00eb ose jo i plot\u00eb i detyr\u00ebs nga ana e Klientit do t\u00eb p\u00ebrballohen nga Klienti.<br \/>Porosit\u00eb nga Klienti duhet t\u00eb p\u00ebrfshijn\u00eb t\u00eb dh\u00ebnat e k\u00ebrkuara nga ne.<br \/>Pasojat e gabimeve dhe vonesave q\u00eb vijn\u00eb nga mosrespektimi i k\u00ebtyre detyrimeve nga ana e Klientit do t\u00eb barten nga Klienti.<br \/>P\u00ebrgjegj\u00ebsit\u00eb e Comodita Home\/De Holding SHPK<\/p><p>Ne do t\u00eb dor\u00ebzojm\u00eb mallin n\u00eb p\u00ebrputhje me standardet m\u00eb t\u00eb larta t\u00eb kualitetit t\u00eb sh\u00ebrbimit n\u00eb industri.<br \/>Afatet e dor\u00ebzimit sigurohen sipas korniz\u00ebs kohore t\u00eb r\u00ebn\u00eb dakord, sipas vler\u00ebsimit m\u00eb t\u00eb mir\u00eb.<br \/>Nuk do t\u00eb ket\u00eb asnj\u00eb p\u00ebrgjegj\u00ebsi p\u00ebr defektet q\u00eb vijn\u00eb nga shkelja e detyrave t\u00eb bashk\u00ebpunimit t\u00eb Klientit ose q\u00eb jan\u00eb shkaktuar nga dokumente t\u00eb gabuara, jo t\u00eb plota, terminologjike t\u00eb pasakta ose t\u00eb lexueshme dob\u00ebt.<br \/>P\u00ebrgjegj\u00ebsia n\u00eb k\u00ebt\u00eb rast \u00ebsht\u00eb e kufizuar n\u00eb d\u00ebme tipikisht t\u00eb krijuara, t\u00eb parashikueshme dhe \u00ebsht\u00eb e kufizuar n\u00eb sasin\u00eb e v\u00ebllimit t\u00eb kontrat\u00ebs s\u00eb p\u00ebrkthimit ose vepr\u00ebs tjet\u00ebr p\u00ebrkat\u00ebse. Faqja do t\u00eb jet\u00eb p\u00ebrgjegj\u00ebse vet\u00ebm p\u00ebr veprime t\u00eb q\u00ebllimshme dhe neglizhenc\u00eb t\u00eb r\u00ebnd\u00eb.<br \/>Procedura e kryerjes s\u00eb blerjes\/porosis\u00eb n\u00eb rrug\u00eb elektronike dhe anullimi saj.<\/p><p>P\u00ebr t\u00eb kryer blerje n\u00eb rrug\u00eb elektronike, Klienti duhet t\u00eb jet\u00eb mbi mosh\u00ebn 18 vje\u00e7 dhe me zot\u00ebsi t\u00eb plot\u00eb juridike p\u00ebr t\u00eb vepruar.<br \/>Klienti kryen porosin\u00eb n\u00ebp\u00ebrmjet procedur\u00ebs s\u00eb p\u00ebrshkruar n\u00eb faqen e internetit dhe konfirmon p\u00ebrmbledhjen e detajuar t\u00eb porosis\u00eb, e cila p\u00ebrmban t\u00eb dh\u00ebna mbi produktin e porositur, dhe \u00e7mimin e tij.<br \/>Verifikimi i t\u00eb dh\u00ebnave t\u00eb Klientit dhe dh\u00ebnia prej tij e numrit t\u00eb kart\u00ebs bankare p\u00ebrb\u00ebjn\u00eb n\u00ebnshkrim dhe pranim t\u00eb shprehur t\u00eb t\u00eb gjitha transaksioneve t\u00eb kryera nga ana e Klientit n\u00eb faqen e internetit t\u00eb De Holding SHPK.<br \/>N\u00ebse klienti jep komand\u00ebn \u201cProceso\u201d, pas plot\u00ebsimit t\u00eb gjith\u00eb t\u00eb dhwnave t\u00eb k\u00ebrkuara nga NE, ai nuk mund ta anulloj m\u00eb veprimin dhe De Holding nuk mban p\u00ebrgjegj\u00ebsi ekonomike lidhur m\u00eb k\u00ebt\u00eb si dhe nuk do t\u00eb procedoj me kthim e shum\u00ebs p\u00ebr veprimin e kryer.<br \/>N\u00eb rast\u00eb ngat\u00ebrrimit t\u00eb produktit p\u00ebr faj t\u00eb De Holding SHPK, shoq\u00ebria mban p\u00ebrgjegj\u00ebsi p\u00ebr nd\u00ebrrimin e tij pa kosto ekstra.<br \/>De Holding SHPK nuk do t\u00eb mbaj\u00eb asnj\u00eb p\u00ebrgjegj\u00ebsi n\u00ebse n\u00eb llogarin\u00eb p\u00ebrkat\u00ebse t\u00eb Klientit kryen blerje apo porosi nj\u00eb person tjet\u00ebr I cili \u00ebsht\u00eb v\u00ebn\u00eb n\u00eb posedim t\u00eb emrit t\u00eb p\u00ebrdoruesit dhe fjal\u00ebkalimit me apo pa dijenin\u00eb e Klientit p\u00ebrkat\u00ebs.<br \/>De Holding SHPK nuk do t\u00eb mbaj\u00eb asnj\u00eb p\u00ebrgjegj\u00ebsi n\u00ebse karta bankare t\u00eb dh\u00ebnat e s\u00eb cil\u00ebs jan\u00eb vendosur me q\u00ebllim kryerjen e pages\u00ebs \u00ebsht\u00eb nj\u00eb kart\u00eb e vjedhur apo e deklaruar e humbur, n\u00eb rast se banka p\u00ebrkat\u00ebse konfirmon pages\u00ebn.<br \/>Klienti ka t\u00eb drejt\u00eb t\u00eb anulloj\u00eb porosin\u00eb e tij, n\u00eb rast mosp\u00ebrmbushje nga De Holding SHPK t\u00eb kushteve t\u00eb dor\u00ebzimit t\u00eb parashikuar n\u00eb Pik\u00ebn m\u00eb sip\u00ebr, duke njoftuar me email n\u00eb adres\u00ebn ______________ ose n\u00eb numrin e telefonit t\u00eb sh\u00ebrbimit: _____________<br \/>K\u00ebrkesa p\u00ebr anullim do t\u00eb merret parasysh nga De Holding SHPK vet\u00ebm n\u00ebse p\u00ebrgatitja, d\u00ebrgimi apo dor\u00ebzimi i produkteve t\u00eb porositura nuk ka ndodhur sipas kushteve te pershkruara ne k\u00ebto Kushte.<br \/>P\u00ebr rastet e m\u00ebsip\u00ebrme t\u00eb anullimit, Klienti do t\u00eb rimbursohet p\u00ebr pages\u00ebn e kryer brenda nj\u00eb afati prej 10 dit\u00eb nga marrja e k\u00ebrkes\u00ebs nga De Holding SHPK.<br \/>Oferta dhe \u00e7mimet<\/p><p>T\u00eb gjitha ofertat dhe \u00e7mimet nuk jan\u00eb detyruese. Ato mund t\u00eb p\u00ebrshtaten p\u00ebr t&#8217;iu p\u00ebrshtatur kushteve aktuale dhe shpenzimeve shtes\u00eb, pa njoftim t\u00eb ve\u00e7ant\u00eb.<br \/>\u00c7mimet jan\u00eb n\u00eb euro, p\u00ebrve\u00e7 n\u00ebse \u00ebsht\u00eb r\u00ebn\u00eb dakord p\u00ebr nj\u00eb valut\u00eb tjet\u00ebr. T\u00eb gjitha \u00e7mimet e listuara n\u00eb ofertat tona jan\u00eb \u00e7mime neto dhe nuk p\u00ebrfshijn\u00eb Tatimin mbi Vler\u00ebn e Shtuar.<br \/>Kushtet e pages\u00ebs, zbritjet e parakohshme t\u00eb pagesave ose zbritjet e tjera nuk garantohen, p\u00ebrve\u00e7 n\u00ebse ato jan\u00eb rregulluar shprehimisht.<br \/>Sh\u00ebrbimet speciale k\u00ebrkojn\u00eb nj\u00eb shtes\u00eb ose do t\u00eb tarifohen sipas shpenzimeve t\u00eb m\u00ebparshme.<\/p><p>Transporti i Produktit<\/p><p>Dor\u00ebzimi i produkteve do t\u00eb kryhet brenda 3-5 dit\u00ebve nga dita pasardh\u00ebse e kryerjes sw porosisw nga De Holding SHPK ose nga shoqwritw e transportit qw ajo bashkwpunon. Si FedEx.<br \/>N\u00eb rast mungese apo vonese, Ju do t\u00eb njoftoheni nga De Holding SHPK p\u00ebr shtyrjen e afatit t\u00eb dor\u00ebzimit.<br \/>Dor\u00ebzimi i produkteve mund t\u00eb kryhet vet\u00ebm n\u00eb territorin e Republik\u00ebs s\u00eb Shqip\u00ebris\u00eb.<br \/>Vonesat n\u00eb dor\u00ebzimin e produkteve ose mosp\u00ebrmbushja e porosis\u00eb nuk do t\u00eb n\u00ebnkuptojn\u00eb d\u00ebmshp\u00ebrblimin e Klientit apo t\u00eb furnitor\u00ebve t\u00eb tij.<br \/>De Holding SHPK, n\u00ebp\u00ebrmjet transportuesit, do t\u00eb dor\u00ebzoj\u00eb produktet e porositura n\u00eb adres\u00ebn e caktuar nga Klienti, n\u00eb pik\u00ebn m\u00eb t\u00eb af\u00ebrt t\u00eb aksesuesh\u00ebm nga mjeti i transportit.<br \/>P\u00ebrgjegj\u00ebsia e pal\u00ebs s\u00eb tret\u00eb<\/p><p>Comodita nuk do t\u00eb jet\u00eb p\u00ebrgjegj\u00ebse p\u00ebr defektet dhe d\u00ebmet e shkaktuara nga pal\u00ebt e treta.<\/p><p>\u00c7do ankim i Klientit n\u00eb gjykatat e Republikws sw Shqipwriswe p\u00ebr d\u00ebmtime t\u00eb pal\u00ebve t\u00eb treta (jo-pal\u00eb n\u00eb kontrat\u00eb) \u00ebsht\u00eb i papranuesh\u00ebm.<br \/>Forca madhore<\/p><p>Ne nuk do t\u00eb jemi p\u00ebrgjegj\u00ebs p\u00ebr d\u00ebmet q\u00eb vijn\u00eb nga forca madhore (shkat\u00ebrrimet natyrore, nd\u00ebrprerja e energjis\u00eb, viruset kompjuterik\u00eb q\u00eb nuk dallohen p\u00ebrmes kontrolleve t\u00eb rregullta anti-virale, bllokimet e trafikut etj. Me t\u00eb gjitha mjetet, Comodita ka t\u00eb drejt\u00eb t\u00eb t\u00ebrhiqet nga kontrata ose t\u00eb k\u00ebrkoj\u00eb nj\u00eb periudh\u00eb t\u00eb arsyeshme hiri nga Klienti p\u00ebr ekzekutimin e kontrat\u00ebs. \u00c7do pretendim p\u00ebr d\u00ebmshp\u00ebrblim p\u00ebrjashtohet n\u00eb k\u00ebt\u00eb rast.<br \/>Para p\u00ebrfundimit t\u00eb p\u00ebrkthimit, Klienti ka t\u00eb drejt\u00eb vet\u00ebm t\u00eb anuloj\u00eb kontrat\u00ebn p\u00ebr nj\u00eb arsye t\u00eb mir\u00eb. Heqja dor\u00eb \u00ebsht\u00eb e vlefshme vet\u00ebm n\u00eb form\u00eb t\u00eb shkruar. N\u00eb rast se Klienti anulon kontrat\u00ebn, P\u00ebrkthyesi ka t\u00eb drejt\u00eb t\u00eb faturoj\u00eb rimbushjen e r\u00ebn\u00eb dakord. Sidoqoft\u00eb, P\u00ebrkthyesi nuk mund t\u00eb ngarkoj\u00eb asnj\u00eb shpenzim t\u00eb kursyer nga anulimi i kontrat\u00ebs dhe shuma e faturuar duhet t\u00eb kreditohet kundrejt fitimeve t\u00eb tjera t\u00eb fituara nga ndonj\u00eb aplikim i m\u00ebvonsh\u00ebm i kapacitetit t\u00eb pun\u00ebs, si dhe kund\u00ebr \u00e7do fitimi q\u00eb P\u00ebrkthyesi shmang me q\u00ebllim t\u00eb keq.<br \/>P\u00ebrdorimi i faqes n\u00eb internet<\/p><p>De Holding SHPK zot\u00ebron t\u00eb gjitha t\u00eb drejtat intelektuale n\u00eb k\u00ebt\u00eb faqe n\u00eb internet dhe p\u00ebrmbajtjen e saj, duke p\u00ebrfshir\u00eb por jo kufizuar n\u00eb t\u00eb gjitha logot, markat tregtare, t\u00eb dh\u00ebnat, tekstet, grafik\u00ebt, skemat, imazhet ose ndonj\u00eb material tjet\u00ebr ose algoritme audiovizive. N\u00eb var\u00ebsi t\u00eb k\u00ebtyre kushteve t\u00eb p\u00ebrdorimit, p\u00ebrdoruesit i \u00ebsht\u00eb dh\u00ebn\u00eb nj\u00eb licenc\u00eb e kufizuar, e p\u00ebrkohshme, e revokueshme dhe jo-ekskluzive p\u00ebr t\u00eb hyr\u00eb, shfletuar dhe p\u00ebrdorur k\u00ebt\u00eb faqe n\u00eb internet vet\u00ebm p\u00ebr q\u00ebllime personale dhe jo-komerciale.<\/p><p>P\u00ebrmbajtja dhe Shenjat jan\u00eb dh\u00ebn\u00eb n\u00eb Sajtin &#8220;SI IS&#8221; vet\u00ebm p\u00ebr informacionin tuaj dhe p\u00ebrdorimin personal. Me kusht q\u00eb t\u00eb keni t\u00eb drejt\u00eb t\u00eb p\u00ebrdorni Faqen, ju \u00ebsht\u00eb dh\u00ebn\u00eb nj\u00eb licenc\u00eb e kufizuar p\u00ebr t\u00eb hyr\u00eb dhe p\u00ebrdorur pjes\u00ebn e P\u00ebrmbajtjes n\u00eb t\u00eb cil\u00ebn keni fituar qasjen si\u00e7 duhet vet\u00ebm p\u00ebr p\u00ebrdorimin tuaj personal, jotregtar. Ne i rezervojm\u00eb t\u00eb gjitha t\u00eb drejtat q\u00eb nuk ju jan\u00eb dh\u00ebn\u00eb shprehimisht juve dhe sitit, p\u00ebrmbajtjes dhe shenjave.<\/p><p>Asnj\u00eb pjes\u00eb e k\u00ebsaj faqe n\u00eb internet nuk mund t\u00eb riprodhohet, dublikohet, kopjohet, shitet, rishitet, pranohet, modifikohet, ose p\u00ebrdoret ndryshe ose shfryt\u00ebzohet, qoft\u00eb plot\u00ebsisht ose pjes\u00ebrisht, p\u00ebr ndonj\u00eb q\u00ebllim paraprak pa p\u00eblqimin ton\u00eb paraprak me shkrim. Nuk lejohet t\u00eb ribotoni ndonj\u00eb pjes\u00eb t\u00eb k\u00ebsaj faqe n\u00eb internet n\u00eb \u00e7far\u00ebdo forme n\u00eb ndonj\u00eb medium tjet\u00ebr (t\u00eb shtypur, elektronik ose ndryshe) ose si pjes\u00eb e ndonj\u00eb sh\u00ebrbimi tregtar pa lejen paraprake me shkrim nga NE. T\u00eb gjitha t\u00eb drejtat e pron\u00ebs intelektuale t\u00eb p\u00ebrmendura m\u00eb lart mbeten n\u00eb pron\u00ebsi t\u00eb De Holding SHPK.<\/p><p>P\u00ebr m\u00eb tep\u00ebr, gjat\u00eb hyrjes dhe shfletimit t\u00eb k\u00ebsaj faqe n\u00eb internet, ju duhet t&#8217;i p\u00ebrmbaheni t\u00eb gjitha ligjeve, rregulloreve dhe kodeve t\u00eb aplikueshme. Ju nuk duhet t\u00eb lidheni me ndonj\u00eb pjes\u00eb t\u00eb faqes n\u00eb internet p\u00ebrve\u00e7 faqes kryesore dhe nuk duhet t\u00eb kornizoni ose p\u00ebrdorni teknika kornizimi p\u00ebr t\u00eb mbyllur faqen e internetit, ose ndonj\u00eb pjes\u00eb t\u00eb faqes s\u00eb internetit, pa miratimin ton\u00eb paraprak me shkrim, dhe pa d\u00ebmtuar reputacionin ton\u00eb, dhe pa duke sugjeruar ndonj\u00eb shoqat\u00eb, miratim ose miratim p\u00ebr mallrat ose sh\u00ebrbimet tuaja ose faqen tuaj n\u00eb internet nga Ne. Ju nuk duhet t\u00eb modifikoni, ose t\u00eb p\u00ebrpiqeni t\u00eb modifikoni, t\u00eb gjith\u00eb ose ndonj\u00eb pjes\u00eb t\u00eb p\u00ebrmbajtjes n\u00eb faqen e internetit, dhe t\u00eb mos fitoni ose t\u00eb p\u00ebrpiqeni t\u00eb fitoni qasje t\u00eb paautorizuar n\u00eb faqen e internetit, serverin n\u00eb t\u00eb cilin \u00ebsht\u00eb ruajtur faqja e internetit ose ndonj\u00eb server i pal\u00ebs s\u00eb tret\u00eb , kompjuter ose baz\u00eb t\u00eb dh\u00ebnash t\u00eb lidhur me faqen e internetit.<\/p><p>P\u00ebrgjegj\u00ebsia<\/p><p>De Holding SHPK nuk merr asnj\u00eb p\u00ebrgjegj\u00ebsi p\u00ebr d\u00ebmet ose humbjet q\u00eb rezultojn\u00eb nga vizita n\u00eb faqen e internetit https:\/\/www.comodita-home.al\/,gjithashtu nuk \u00ebsht\u00eb p\u00ebrgjegj\u00ebs p\u00ebr, dhe as nuk p\u00ebrfshin n\u00eb asnj\u00eb m\u00ebnyr\u00eb ndonj\u00eb lidhje t\u00eb pal\u00ebs s\u00eb tret\u00eb ose p\u00ebrmbajtjen e tyre. De Holding SHPK \u00ebsht\u00eb p\u00ebrgjegj\u00ebsia e informacionit e lidhur me sh\u00ebrbimet e veta p\u00ebrcaktohet gjithashtu nga Marr\u00ebveshja e Sh\u00ebrbimit me klient\u00ebt e saj p\u00ebr sh\u00ebrbime (et) specifike.<\/p><p>Zbatimi<\/p><p>N\u00ebse e t\u00ebr\u00eb ose ndonj\u00eb pjes\u00eb e ndonj\u00eb dispozite t\u00eb k\u00ebtyre kushteve t\u00eb p\u00ebrdorimit \u00ebsht\u00eb ose b\u00ebhet e pavlefshme, e pavlefshme ose e pazbatueshme p\u00ebr ndonj\u00eb arsye, e nj\u00ebjta do t\u00eb p\u00ebrjashtohet nga k\u00ebto kushte t\u00eb p\u00ebrdorimit dhe do t\u00eb b\u00ebhet e paefektshme p\u00ebr aq sa \u00ebsht\u00eb e mundur pa duke modifikuar dispozitat e mbetura t\u00eb k\u00ebtyre kushteve t\u00eb p\u00ebrdorimit dhe n\u00eb asnj\u00eb m\u00ebnyr\u00eb nuk do t\u00eb ndikoj\u00eb n\u00eb vlefshm\u00ebrin\u00eb ose zbatueshm\u00ebrin\u00eb e ndonj\u00eb dispozite tjet\u00ebr.<\/p><p>Heqja dor\u00eb<\/p><p>Asnj\u00eb heqje dor\u00eb nga ana jon\u00eb p\u00ebr ndonj\u00eb shkelje t\u00eb k\u00ebtyre kushteve t\u00eb p\u00ebrdorimit nuk do t\u00eb p\u00ebrb\u00ebj\u00eb heqje dor\u00eb nga ndonj\u00eb shkelje tjet\u00ebr paraprake ose pasuese dhe ne nuk do t\u00eb ndikohemi nga asnj\u00eb vones\u00eb, d\u00ebshtim ose mosveprim p\u00ebr t\u00eb zbatuar ose shprehur durimin e dh\u00ebn\u00eb n\u00eb lidhje me ndonj\u00eb nga veprimet tuaja lidhjet.<\/p><p>Ligji dhe juridiksioni qeveris\u00ebs<\/p><p>K\u00ebto kushte t\u00eb p\u00ebrdorimit dhe \/ ose p\u00ebrdorimi juaj i faqes n\u00eb internet rregullohen dhe interpretohen n\u00eb p\u00ebrputhje me ligjin e Republik\u00ebs s\u00eb Shqip\u00ebris\u00eb dhe gjykatat e Republik\u00ebs s\u00eb Shqip\u00ebris\u00eb do t\u00eb ken\u00eb juridiksion eksluziv p\u00ebr \u00e7do mosmarr\u00ebveshje q\u00eb mund t\u00eb lined.<\/p>\t\t\t\t\t\t<\/div>\n\t\t\t\t<\/div>\n\t\t\t\t\t<\/div>\n\t\t<\/div>\n\t\t\t\t\t\t\t<\/div>\n\t\t<\/section>\n\t\t\t\t\t\t<\/div>\n\t\t\t\t\t<\/div>\n\t\t","protected":false},"excerpt":{"rendered":"<p>KUSHTET E P\u00cbRDORIMIT T\u00cb COMODITA HOME Kushtet e P\u00ebrdorimit p\u00ebrb\u00ebjn\u00eb nj\u00eb marr\u00ebveshje ligj\u00ebrisht t\u00eb detyrueshme t\u00eb b\u00ebr\u00eb midis COMODITA HOME \/ De Holding SHPK (k\u00ebtu e tutje, Ofruesi i Sh\u00ebrbimit&hellip;<\/p>\n","protected":false},"author":2,"featured_media":0,"parent":0,"menu_order":0,"comment_status":"closed","ping_status":"closed","template":"templates\/full-width.php","meta":{"footnotes":""},"_links":{"self":[{"href":"https:\/\/www.comoditahome.com\/al\/wp-json\/wp\/v2\/pages\/3065"}],"collection":[{"href":"https:\/\/www.comoditahome.com\/al\/wp-json\/wp\/v2\/pages"}],"about":[{"href":"https:\/\/www.comoditahome.com\/al\/wp-json\/wp\/v2\/types\/page"}],"author":[{"embeddable":true,"href":"https:\/\/www.comoditahome.com\/al\/wp-json\/wp\/v2\/users\/2"}],"replies":[{"embeddable":true,"href":"https:\/\/www.comoditahome.com\/al\/wp-json\/wp\/v2\/comments?post=3065"}],"version-history":[{"count":3,"href":"https:\/\/www.comoditahome.com\/al\/wp-json\/wp\/v2\/pages\/3065\/revisions"}],"predecessor-version":[{"id":35285,"href":"https:\/\/www.comoditahome.com\/al\/wp-json\/wp\/v2\/pages\/3065\/revisions\/35285"}],"wp:attachment":[{"href":"https:\/\/www.comoditahome.com\/al\/wp-json\/wp\/v2\/media?parent=3065"}],"curies":[{"name":"wp","href":"https:\/\/api.w.org\/{rel}","templated":true}]}}