 {"id":3070,"date":"2021-06-07T07:13:49","date_gmt":"2021-06-07T07:13:49","guid":{"rendered":"https:\/\/ks.comoditahome.com\/?page_id=3070"},"modified":"2022-11-05T13:05:03","modified_gmt":"2022-11-05T11:05:03","slug":"politikat-e-privatesise","status":"publish","type":"page","link":"https:\/\/www.comoditahome.com\/al\/politikat-e-privatesise\/","title":{"rendered":"POLITIKAT E PRIVAT\u00cbSIS\u00cb"},"content":{"rendered":"\t\t<div data-elementor-type=\"wp-page\" data-elementor-id=\"3070\" class=\"elementor elementor-3070\" data-elementor-settings=\"[]\">\n\t\t\t\t\t\t\t<div class=\"elementor-section-wrap\">\n\t\t\t\t\t\t\t<section class=\"elementor-section elementor-top-section elementor-element elementor-element-600b2c7 elementor-section-boxed elementor-section-height-default elementor-section-height-default\" data-id=\"600b2c7\" data-element_type=\"section\">\n\t\t\t\t\t\t<div class=\"elementor-container elementor-column-gap-default\">\n\t\t\t\t\t<div class=\"elementor-column elementor-col-100 elementor-top-column elementor-element elementor-element-2c2a064\" data-id=\"2c2a064\" data-element_type=\"column\">\n\t\t\t<div class=\"elementor-widget-wrap elementor-element-populated\">\n\t\t\t\t\t\t\t\t<div class=\"elementor-element elementor-element-c1988f1 elementor-widget elementor-widget-text-editor\" data-id=\"c1988f1\" data-element_type=\"widget\" data-widget_type=\"text-editor.default\">\n\t\t\t\t<div class=\"elementor-widget-container\">\n\t\t\t\t\t\t\t<p style=\"text-align: center;\"><strong>POLITIKA E PRIVAT\u00cbSIS\u00cb<\/strong><\/p>\n<p>De Holding SHPK \/ Comodita Home (k\u00ebtu e tutje Ofruesi i Sh\u00ebrbimit t\u00eb Faqes, Ne, ose Ne) zotohet t&#8217;i p\u00ebrmbahet rregullave dhe parimeve t\u00eb p\u00ebrcaktuara n\u00eb k\u00ebt\u00eb politik\u00eb t\u00eb privat\u00ebsis\u00eb, e cila \u00ebsht\u00eb n\u00eb p\u00ebrputhje me Ligjin Nr.9887, dat\u00eb 10.3.2008 \u201cP\u00ebr mbrojtjen e t\u00eb dh\u00ebnave personale\u201d (t\u00eb ndryshuar). Faqja i jep r\u00ebnd\u00ebsin\u00eb e duhur privat\u00ebsis\u00eb s\u00eb individ\u00ebve dhe mbrojtjes s\u00eb t\u00eb dh\u00ebnave personale. Politika e Privat\u00ebsis\u00eb \u00ebsht\u00eb zhvilluar p\u00ebr t\u00eb p\u00ebrcaktuar q\u00ebllimet, termat dhe kushtet e p\u00ebrpunimit t\u00eb t\u00eb dh\u00ebnave personale dhe t\u00eb drejtat q\u00eb kan\u00eb t\u00eb b\u00ebjn\u00eb me t\u00eb dh\u00ebnat personale t\u00eb pronar\u00ebve t\u00eb t\u00eb dh\u00ebnave. Ne e konsiderojm\u00eb konfidencialitetin dhe mbrojtjen e t\u00eb dh\u00ebnave personale si thelb\u00ebsore dhe zotohemi p\u00ebr ligjshm\u00ebrin\u00eb e p\u00ebrpunimit t\u00eb t\u00eb dh\u00ebnave personale.<\/p>\n<p>Kjo Politik\u00eb e Privat\u00ebsis\u00eb p\u00ebrshkruan se si informacioni juaj personal mblidhet, p\u00ebrdoret dhe ndahet kur vizitoni&nbsp;<a href=\"https:\/\/www.comoditahomealbania.al\/\">https:\/\/www.comoditahomealbania.al<\/a><\/p>\n<p><strong>KUSHTET DHE PFRKUFIZIMET<\/strong><\/p>\n<p><strong>T\u00eb dh\u00ebnat personale &#8211;&nbsp;<\/strong>n\u00ebnkuptojn\u00eb \u00e7do informacion q\u00eb i p\u00ebrket nj\u00eb personi fizik t\u00eb identifikuar ose t\u00eb identifikuesh\u00ebm (referuar tani e tutje si subjekt subjekt i t\u00eb dh\u00ebnave \u2019); nj\u00eb person fizik i identifikuesh\u00ebm \u00ebsht\u00eb ai q\u00eb mund t\u00eb identifikohet, drejtp\u00ebrdrejt ose indirekt, ve\u00e7an\u00ebrisht p\u00ebrmes nj\u00eb identifikuesi t\u00eb till\u00eb si nj\u00eb em\u00ebr, nj\u00eb t\u00eb dh\u00ebne identifikimi, vendndodhjes, nj\u00eb identiteti n\u00eb internet ose nj\u00eb ose m\u00eb shum\u00eb faktor\u00ebve specifik p\u00ebr fizik, fiziologjik, biologjik, psikologjik , identiteti ekonomik, kulturor ose shoq\u00ebror i atij personi fizik.<\/p>\n<p><strong>P\u00ebrpunimi &#8211;&nbsp;<\/strong>n\u00ebnkupton \u00e7do operacion ose nj\u00eb seri operacionesh t\u00eb kryera n\u00eb t\u00eb dh\u00ebna personale ose n\u00eb grupe t\u00eb t\u00eb dh\u00ebnave personale, pavar\u00ebsisht n\u00ebse jan\u00eb ose jo me mjete t\u00eb automatizuara, t\u00eb tilla si blerja, regjistrimi, organizimi, rregullimi, ruajtja, adaptimi ose modifikimi, rikuperimi, konsultimi, p\u00ebrdorimi, zbulimi nga transmetimi, shp\u00ebrndarja ose v\u00ebnia ndryshe n\u00eb dispozicion, rreshtimi ose kombinimi, kufizimi, fshirja ose shkat\u00ebrrimi.<\/p>\n<p><strong>Kontrolluesi &#8211;&nbsp;<\/strong>n\u00ebnkupton personin fizik ose juridik, autoritetin publik ose t\u00eb qeverisjes lokale q\u00eb \u00ebsht\u00eb mbledh\u00ebsi origjinal i t\u00eb dh\u00ebnave personale. Kontrolluesi konstaton objektivat dhe mjetet e p\u00ebrpunimit t\u00eb t\u00eb dh\u00ebnave personale.<\/p>\n<p><strong>P\u00ebrpunuesi &#8211;&nbsp;<\/strong>n\u00ebnkupton nj\u00eb person fizik ose juridik, autoritet publik ose t\u00eb qeverisjes vendore q\u00eb p\u00ebrpunon t\u00eb dh\u00ebna personale n\u00eb em\u00ebr t\u00eb udh\u00ebzuesve dhe nga udh\u00ebzuesit e tyre.<\/p>\n<p><strong>Shkelja e t\u00eb dh\u00ebnave personale &#8211;&nbsp;<\/strong>n\u00ebnkupton nj\u00eb shkelje q\u00eb \u00e7on n\u00eb shkat\u00ebrrim aksidental ose t\u00eb paligjsh\u00ebm, humbje, ndryshim, zbulim t\u00eb paautorizuar ose qasje n\u00eb t\u00eb dh\u00ebnat personale t\u00eb transmetuara, t\u00eb ruajtura ose t\u00eb p\u00ebrpunuara ndryshe.<\/p>\n<p><strong>&nbsp;<\/strong><\/p>\n<p><strong>Subjekti i t\u00eb dh\u00ebnave &#8211;&nbsp;<\/strong>n\u00ebnkupton nj\u00eb person, t\u00eb dh\u00ebnat personale t\u00eb t\u00eb cilit p\u00ebrpunohen.<\/p>\n<p><strong>PARIMET<\/strong><\/p>\n<p>Kur p\u00ebrpunojm\u00eb t\u00eb dh\u00ebna personale, De Holding SHPK i p\u00ebrmbahet parimeve t\u00eb m\u00ebposhtme:<\/p>\n<ul>\n<li><em>Parimi i ligjshm\u00ebris\u00eb, drejt\u00ebsis\u00eb dhe transparenc\u00ebs<\/em>&nbsp;&#8211; t\u00eb dh\u00ebnat personale do t\u00eb p\u00ebrpunohen n\u00eb m\u00ebnyr\u00eb t\u00eb ligjshme, t\u00eb drejt\u00eb dhe n\u00eb nj\u00eb m\u00ebnyr\u00eb transparente n\u00eb lidhje me subjektin e t\u00eb dh\u00ebnave;<\/li>\n<li><em>Parimi i kufizimit t\u00eb q\u00ebllimit<\/em>&nbsp;&#8211; t\u00eb dh\u00ebnat personale duhet t\u00eb mblidhen p\u00ebr q\u00ebllime t\u00eb specifikuara, t\u00eb qarta dhe legjitime dhe t\u00eb mos p\u00ebrpunohen m\u00eb tej n\u00eb nj\u00eb m\u00ebnyr\u00eb q\u00eb nuk \u00ebsht\u00eb n\u00eb p\u00ebrputhje me ato q\u00ebllime;<\/li>\n<li><em>Parimi i minimizimit t\u00eb t\u00eb dh\u00ebnave<\/em>&nbsp;&#8211; t\u00eb dh\u00ebnat personale duhet t\u00eb jen\u00eb adekuate, relevante dhe t\u00eb kufizuara n\u00eb ato q\u00eb jan\u00eb t\u00eb nevojshme n\u00eb lidhje me q\u00ebllimet p\u00ebr t\u00eb cilat ato p\u00ebrpunohen;<\/li>\n<li>Parimi i sakt\u00ebsis\u00eb &#8211; t\u00eb dh\u00ebnat personale duhet t\u00eb jen\u00eb t\u00eb sakta dhe, kur \u00ebsht\u00eb e nevojshme, t\u00eb mbahen t\u00eb azhurnuara;<\/li>\n<li><em>Parimi i kufizimit t\u00eb ruajtjes&nbsp;<\/em>&#8211; t\u00eb dh\u00ebnat personale do t\u00eb mbahen n\u00eb nj\u00eb form\u00eb q\u00eb lejon identifikimin e subjekteve t\u00eb t\u00eb dh\u00ebnave jo m\u00eb shum\u00eb se sa \u00ebsht\u00eb e nevojshme p\u00ebr q\u00ebllimet p\u00ebr t\u00eb cilat p\u00ebrpunohen t\u00eb dh\u00ebnat personale;<\/li>\n<li><em>Parimi i integritetit dhe konfidencialitetit<\/em> &#8211; t\u00eb dh\u00ebnat personale do t\u00eb p\u00ebrpunohen n\u00eb nj\u00eb m\u00ebnyr\u00eb q\u00eb siguron sigurin\u00eb e duhur t\u00eb t\u00eb dh\u00ebnave personale, p\u00ebrfshir\u00eb mbrojtjen nga p\u00ebrpunimi i paautorizuar ose i paligjsh\u00ebm dhe nga humbja, shkat\u00ebrrimi ose d\u00ebmtimi aksidental, duke p\u00ebrdorur masat e duhura teknike ose organizative.<\/li>\n<\/ul>\n<p><strong>SIGURIA E P\u00cbRPUNIMIT<\/strong><\/p>\n<ul>\n<li>Duke ndjekur parimin e arsyeshm\u00ebris\u00eb, faqja zbaton masa t\u00eb ndryshme organizative, fizike dhe t\u00eb teknologjis\u00eb s\u00eb informacionit t\u00eb siguris\u00eb p\u00ebr t\u00eb mbrojtur t\u00eb dh\u00ebnat personale.<\/li>\n<li>Ne, n\u00eb raste t\u00eb caktuara, mund t\u00eb p\u00ebrdorim procesor\u00eb p\u00ebr p\u00ebrpunimin dhe ofrimin e sh\u00ebrbimeve. Faqja siguron q\u00eb p\u00ebrpunuesit t\u00eb p\u00ebrpunojn\u00eb t\u00eb dh\u00ebna personale n\u00eb p\u00ebrputhje me ligjin me ligjet e Republik\u00ebs s\u00eb Shqip\u00ebris\u00eb si dhe t\u00eb marrin masat p\u00ebrkat\u00ebse t\u00eb siguris\u00eb. Marr\u00ebveshjet e konfidencialitetit jan\u00eb lidhur me cilindo dhe t\u00eb gjith\u00eb p\u00ebrpunuesit.<\/li>\n<li>Ne menj\u00ebher\u00eb njoftojm\u00eb subjektet e t\u00eb dh\u00ebnave p\u00ebr \u00e7do shkelje t\u00eb t\u00eb dh\u00ebnave personale.<\/li>\n<\/ul>\n<p><strong>Q\u00cbLLIMI I P\u00cbRPUNIMIT<\/strong><\/p>\n<ul>\n<li>Ne p\u00ebrdorim informacionin q\u00eb mbledhim p\u00ebr t\u00eb na ndihmuar t\u00eb zbulojm\u00eb p\u00ebr rrezik t\u00eb mundsh\u00ebm dhe mashtrim (n\u00eb ve\u00e7anti, adres\u00ebn tuaj IP), dhe m\u00eb p\u00ebrgjith\u00ebsisht p\u00ebr t\u00eb p\u00ebrmir\u00ebsuar dhe optimizuar Faqen ton\u00eb.<\/li>\n<li>Sajti p\u00ebrpunon t\u00eb dh\u00ebnat personale p\u00ebr t\u00eb kryer nj\u00eb sh\u00ebrbim dhe p\u00ebr t\u00eb siguruar kryerjen e tyre.<\/li>\n<li>Q\u00ebllimi i p\u00ebrpunimit t\u00eb t\u00eb dh\u00ebnave personale \u00ebsht\u00eb q\u00eb:<\/li>\n<\/ul>\n<p>&#8211; ju mund\u00ebson t\u00eb kryeni blerjen e produkteve<\/p>\n<p>&#8211; t\u00eb hyj\u00eb n\u00eb nj\u00eb marr\u00ebveshje konfidencialiteti.<\/p>\n<p>&#8211; merrni faturat p\u00ebr blerjen e kryer.<\/p>\n<p><strong>T<\/strong><strong>\u00cb DREJTAT E SUBJEKTIT T\u00cb T\u00cb DH\u00cbNAVE<\/strong><\/p>\n<ul>\n<li>Subjektet e t\u00eb dh\u00ebnave kan\u00eb t\u00eb drejt\u00eb t\u00eb b\u00ebjn\u00eb k\u00ebrkime n\u00eb lidhje me t\u00eb dh\u00ebnat e tyre personale q\u00eb ata na kan\u00eb dor\u00ebzuar.<\/li>\n<li>Subjektet e t\u00eb dh\u00ebnave kan\u00eb t\u00eb drejt\u00eb t\u00eb paraqesin nj\u00eb ankes\u00eb n\u00eb lidhje me p\u00ebrpunimin e t\u00eb dh\u00ebnave personale n\u00eb Inspektorin e Mbrojtjes s\u00eb t\u00eb Dh\u00ebnave.<\/li>\n<\/ul>\n<p><strong>LLOJI I T\u00cb DH\u00cbNAVE PERSONALE T\u00cb MBLEDHURA<\/strong><\/p>\n<p>Faqja mbledh t\u00eb dh\u00ebnat personale t\u00eb m\u00ebposhtme:<\/p>\n<ul>\n<li>emrin dhe mbiemrin tuaj<\/li>\n<li>adresa e post\u00ebs elektronike<\/li>\n<li>numri i telefonit<\/li>\n<li>informacionin e kart\u00ebs s\u00eb kreditit<\/li>\n<\/ul>\n<p>\u00c7do e dh\u00ebn\u00eb personale n\u00eb lidhje me ju jepet vet\u00ebm nga ju.<\/p>\n<p><strong>RUAJTJA E T\u00cb DH\u00cbNAVE PERSONALE<\/strong><\/p>\n<p><\/p>\n<ul>\n<li>Ne i mbajm\u00eb t\u00eb dh\u00ebnat personale n\u00eb nj\u00eb form\u00eb q\u00eb lejon identifikimin e subjekteve t\u00eb t\u00eb dh\u00ebnave jo m\u00eb shum\u00eb se sa \u00ebsht\u00eb e nevojshme p\u00ebr q\u00ebllimet p\u00ebr t\u00eb cilat p\u00ebrpunohen t\u00eb dh\u00ebnat personale, p\u00ebrve\u00e7 n\u00ebse faqja duhet t\u00eb pajtohet me nj\u00eb k\u00ebrkes\u00eb q\u00eb del nga ligji q\u00eb parashikon kushte t\u00eb ndryshme t\u00eb ruajtjes personale t\u00eb dh\u00ebna.<\/li>\n<\/ul>\n<ul>\n<li>Ne do t\u00eb shkat\u00ebrrojm\u00eb dhe \/ ose fshijm\u00eb n\u00eb m\u00ebnyr\u00eb t\u00eb sigurt \u00e7do t\u00eb dh\u00ebn\u00eb personale pa ndonj\u00eb q\u00ebllim p\u00ebr ruajtje pasi t\u00eb ket\u00eb kaluar nj\u00eb vit nga ofrimi i sh\u00ebrbimit, p\u00ebrve\u00e7 n\u00ebse \u00ebsht\u00eb r\u00ebn\u00eb dakord ndryshe midis marr\u00ebsit t\u00eb sh\u00ebrbimit dhe nesh.<\/li>\n<\/ul>\n<p><strong>RUAJTJA E T\u00cb DH\u00cbNAVE<\/strong><\/p>\n<p>Kur t\u00eb b\u00ebni nj\u00eb porosi p\u00ebrmes Sajtit, ne do t\u00eb ruajm\u00eb Informacionin tuaj t\u00eb Rendit p\u00ebr t\u00eb dh\u00ebnat tona p\u00ebrve\u00e7 n\u00ebse dhe derisa t\u00eb na k\u00ebrkoni t\u00eb fshini k\u00ebt\u00eb informacion.<\/p>\n<p><strong>&nbsp;<\/strong><strong>NDRYSHIMET<\/strong><\/p>\n<p>Ne mund ta azhornojm\u00eb k\u00ebt\u00eb Politik\u00eb t\u00eb Privat\u00ebsis\u00eb her\u00eb pas here n\u00eb m\u00ebnyr\u00eb q\u00eb t\u00eb pasqyrojm\u00eb ndryshimet n\u00eb praktikat tona ose p\u00ebr arsye t\u00eb tjera operacionale, ligjore ose rregullatore.<\/p>\n<p><strong>&nbsp;<\/strong><strong>NDRYSHIMET N\u00cb POLITIK\u00cbN E PRIVAT\u00cbSIS\u00cb<\/strong><\/p>\n<p>Faqja e konsideron t\u00eb r\u00ebnd\u00ebsishme privat\u00ebsin\u00eb e individ\u00ebve dhe, p\u00ebr k\u00ebt\u00eb arsye azhornon rregullisht k\u00ebt\u00eb Politik\u00eb t\u00eb Privat\u00ebsis\u00eb. Versioni i fundit i Politik\u00ebs s\u00eb Privat\u00ebsis\u00eb \u00ebsht\u00eb gjithmon\u00eb i disponuesh\u00ebm n\u00eb faqen e internetit.<\/p>\n<p><\/p>\n<p><strong>DETAJET E KONTAKTIT<\/strong><\/p>\n<p>N\u00ebse keni ndonj\u00eb pyetje, shqet\u00ebsim ose propozim n\u00eb lidhje me p\u00ebrpunimin e t\u00eb dh\u00ebnave personale, mund t\u00eb kontaktoni kontrolluesin, duke p\u00ebrdorur detajet e m\u00ebposhtme t\u00eb kontakteve:<\/p>\n<p><strong>De Holding SHPK<\/strong><\/p>\n<h4>RR FERIDON FEZOLLARI, ISH KOMBINATI USHQIMOR<\/h4>\n<h4>TEK ALBA-EUREKA<\/h4>\n<p><strong><em>Tirane, Albania<br><\/em><\/strong><strong><em>Tel:&nbsp; ++ 355 68 54 59 814<\/em><\/strong><strong><em><br><\/em><\/strong><strong><em>Email:&nbsp;info@comodita-home.al<\/em><\/strong><\/p>\t\t\t\t\t\t<\/div>\n\t\t\t\t<\/div>\n\t\t\t\t\t<\/div>\n\t\t<\/div>\n\t\t\t\t\t\t\t<\/div>\n\t\t<\/section>\n\t\t\t\t\t\t<\/div>\n\t\t\t\t\t<\/div>\n\t\t","protected":false},"excerpt":{"rendered":"<p>POLITIKA E PRIVAT\u00cbSIS\u00cb De Holding SHPK \/ Comodita Home (k\u00ebtu e tutje Ofruesi i Sh\u00ebrbimit t\u00eb Faqes, Ne, ose Ne) zotohet t&#8217;i p\u00ebrmbahet rregullave dhe parimeve t\u00eb p\u00ebrcaktuara n\u00eb k\u00ebt\u00eb&hellip;<\/p>\n","protected":false},"author":2,"featured_media":0,"parent":0,"menu_order":0,"comment_status":"closed","ping_status":"closed","template":"templates\/full-width.php","meta":{"footnotes":""},"_links":{"self":[{"href":"https:\/\/www.comoditahome.com\/al\/wp-json\/wp\/v2\/pages\/3070"}],"collection":[{"href":"https:\/\/www.comoditahome.com\/al\/wp-json\/wp\/v2\/pages"}],"about":[{"href":"https:\/\/www.comoditahome.com\/al\/wp-json\/wp\/v2\/types\/page"}],"author":[{"embeddable":true,"href":"https:\/\/www.comoditahome.com\/al\/wp-json\/wp\/v2\/users\/2"}],"replies":[{"embeddable":true,"href":"https:\/\/www.comoditahome.com\/al\/wp-json\/wp\/v2\/comments?post=3070"}],"version-history":[{"count":6,"href":"https:\/\/www.comoditahome.com\/al\/wp-json\/wp\/v2\/pages\/3070\/revisions"}],"predecessor-version":[{"id":55720,"href":"https:\/\/www.comoditahome.com\/al\/wp-json\/wp\/v2\/pages\/3070\/revisions\/55720"}],"wp:attachment":[{"href":"https:\/\/www.comoditahome.com\/al\/wp-json\/wp\/v2\/media?parent=3070"}],"curies":[{"name":"wp","href":"https:\/\/api.w.org\/{rel}","templated":true}]}}