 {"id":3075,"date":"2021-06-07T07:16:25","date_gmt":"2021-06-07T07:16:25","guid":{"rendered":"https:\/\/ks.comoditahome.com\/?page_id=3075"},"modified":"2022-12-20T14:22:59","modified_gmt":"2022-12-20T12:22:59","slug":"magazina","status":"publish","type":"page","link":"https:\/\/www.comoditahome.com\/al\/magazina\/","title":{"rendered":"MAGAZINA"},"content":{"rendered":"\t\t<div data-elementor-type=\"wp-page\" data-elementor-id=\"3075\" class=\"elementor elementor-3075\" data-elementor-settings=\"[]\">\n\t\t\t\t\t\t\t<div class=\"elementor-section-wrap\">\n\t\t\t\t\t\t\t<section class=\"elementor-section elementor-top-section elementor-element elementor-element-56b3c88 elementor-section-stretched elementor-section-boxed elementor-section-height-default elementor-section-height-default\" data-id=\"56b3c88\" data-element_type=\"section\" data-settings=\"{&quot;stretch_section&quot;:&quot;section-stretched&quot;}\">\n\t\t\t\t\t\t<div class=\"elementor-container elementor-column-gap-default\">\n\t\t\t\t\t<div class=\"elementor-column elementor-col-100 elementor-top-column elementor-element elementor-element-9d3294f\" data-id=\"9d3294f\" data-element_type=\"column\">\n\t\t\t<div class=\"elementor-widget-wrap elementor-element-populated\">\n\t\t\t\t\t\t\t\t<div class=\"elementor-element elementor-element-7fe3467 elementor-widget-divider--view-line_text elementor-widget-divider--element-align-left elementor-widget elementor-widget-divider\" data-id=\"7fe3467\" data-element_type=\"widget\" data-widget_type=\"divider.default\">\n\t\t\t\t<div class=\"elementor-widget-container\">\n\t\t\t\t\t<div class=\"elementor-divider\">\n\t\t\t<span class=\"elementor-divider-separator\">\n\t\t\t\t\t\t\t<span class=\"elementor-divider__text elementor-divider__element\">\n\t\t\t\tREVISTA <b>COMODITA<\/b>\t\t\t\t<\/span>\n\t\t\t\t\t\t<\/span>\n\t\t<\/div>\n\t\t\t\t<\/div>\n\t\t\t\t<\/div>\n\t\t\t\t\t<\/div>\n\t\t<\/div>\n\t\t\t\t\t\t\t<\/div>\n\t\t<\/section>\n\t\t\t\t<section class=\"elementor-section elementor-top-section elementor-element elementor-element-e178985 elementor-section-stretched elementor-section-boxed elementor-section-height-default elementor-section-height-default\" data-id=\"e178985\" data-element_type=\"section\" data-settings=\"{&quot;stretch_section&quot;:&quot;section-stretched&quot;}\">\n\t\t\t\t\t\t<div class=\"elementor-container elementor-column-gap-default\">\n\t\t\t\t\t<div class=\"elementor-column elementor-col-25 elementor-top-column elementor-element elementor-element-f3201fb\" data-id=\"f3201fb\" data-element_type=\"column\">\n\t\t\t<div class=\"elementor-widget-wrap elementor-element-populated\">\n\t\t\t\t\t\t\t\t<div class=\"elementor-element elementor-element-69ec357 elementor-widget elementor-widget-sober-banner-simple\" data-id=\"69ec357\" data-element_type=\"widget\" data-widget_type=\"sober-banner-simple.default\">\n\t\t\t\t<div class=\"elementor-widget-container\">\n\t\t\t\t\t<div class=\"sober-banner-simple sober-banner-simple--elementor\">\n\t\t\t<a href=\"https:\/\/www.comoditahome.com\/ks\/magazina\/si-ta-krijojme-ambientin-e-enderrave\/\">\n\t\t\t\t<img loading=\"lazy\" decoding=\"async\" width=\"724\" height=\"1024\" src=\"https:\/\/www.comoditahome.com\/al\/wp-content\/uploads\/2022\/12\/01MGJK-724x1024-1.jpg\" class=\"attachment-full size-full\" alt=\"\" srcset=\"https:\/\/www.comoditahome.com\/al\/wp-content\/uploads\/2022\/12\/01MGJK-724x1024-1.jpg 724w, https:\/\/www.comoditahome.com\/al\/wp-content\/uploads\/2022\/12\/01MGJK-724x1024-1-212x300.jpg 212w\" sizes=\"(max-width: 724px) 100vw, 724px\" \/>\t\t\t<\/a>\n\n\t\t\t\t\t\t\t<h1 class=\"sober-banner-simple__text\">\n\t\t\t\t\t<a href=\"https:\/\/www.comoditahome.com\/ks\/magazina\/si-ta-krijojme-ambientin-e-enderrave\/\">Si ta krijojm\u00eb ambientin e \u00ebndrrave<\/a>\n\t\t\t\t<\/h1>\n\t\t\t\n\t\t\t\t\t<\/div>\n\t\t\t\t<\/div>\n\t\t\t\t<\/div>\n\t\t\t\t\t<\/div>\n\t\t<\/div>\n\t\t\t\t<div class=\"elementor-column elementor-col-25 elementor-top-column elementor-element elementor-element-f94c4da\" data-id=\"f94c4da\" data-element_type=\"column\">\n\t\t\t<div class=\"elementor-widget-wrap elementor-element-populated\">\n\t\t\t\t\t\t\t\t<div class=\"elementor-element elementor-element-ba23b4c elementor-widget elementor-widget-sober-banner-simple\" data-id=\"ba23b4c\" data-element_type=\"widget\" data-widget_type=\"sober-banner-simple.default\">\n\t\t\t\t<div class=\"elementor-widget-container\">\n\t\t\t\t\t<div class=\"sober-banner-simple sober-banner-simple--elementor\">\n\t\t\t<a href=\"https:\/\/www.comoditahome.com\/ks\/magazina\/natyra\/\">\n\t\t\t\t<img loading=\"lazy\" decoding=\"async\" width=\"725\" height=\"1024\" src=\"https:\/\/www.comoditahome.com\/al\/wp-content\/uploads\/2022\/12\/01-725x1024-1.jpg\" class=\"attachment-full size-full\" alt=\"\" srcset=\"https:\/\/www.comoditahome.com\/al\/wp-content\/uploads\/2022\/12\/01-725x1024-1.jpg 725w, https:\/\/www.comoditahome.com\/al\/wp-content\/uploads\/2022\/12\/01-725x1024-1-212x300.jpg 212w\" sizes=\"(max-width: 725px) 100vw, 725px\" \/>\t\t\t<\/a>\n\n\t\t\t\t\t\t\t<h1 class=\"sober-banner-simple__text\">\n\t\t\t\t\t<a href=\"https:\/\/www.comoditahome.com\/ks\/magazina\/natyra\/\">Natyra<\/a>\n\t\t\t\t<\/h1>\n\t\t\t\n\t\t\t\t\t<\/div>\n\t\t\t\t<\/div>\n\t\t\t\t<\/div>\n\t\t\t\t\t<\/div>\n\t\t<\/div>\n\t\t\t\t<div class=\"elementor-column elementor-col-25 elementor-top-column elementor-element elementor-element-1b23f8d\" data-id=\"1b23f8d\" data-element_type=\"column\">\n\t\t\t<div class=\"elementor-widget-wrap elementor-element-populated\">\n\t\t\t\t\t\t\t\t<div class=\"elementor-element elementor-element-36e5f99 elementor-widget elementor-widget-sober-banner-simple\" data-id=\"36e5f99\" data-element_type=\"widget\" data-widget_type=\"sober-banner-simple.default\">\n\t\t\t\t<div class=\"elementor-widget-container\">\n\t\t\t\t\t<div class=\"sober-banner-simple sober-banner-simple--elementor\">\n\t\t\t<a href=\"https:\/\/www.comoditahome.com\/ks\/magazina\/ushqyerja-shendeti-dhe-mireqenia\/\">\n\t\t\t\t<img loading=\"lazy\" decoding=\"async\" width=\"1200\" height=\"1698\" src=\"https:\/\/www.comoditahome.com\/al\/wp-content\/uploads\/2022\/12\/01-1.jpg\" class=\"attachment-full size-full\" alt=\"\" srcset=\"https:\/\/www.comoditahome.com\/al\/wp-content\/uploads\/2022\/12\/01-1.jpg 1200w, https:\/\/www.comoditahome.com\/al\/wp-content\/uploads\/2022\/12\/01-1-212x300.jpg 212w, https:\/\/www.comoditahome.com\/al\/wp-content\/uploads\/2022\/12\/01-1-724x1024.jpg 724w, https:\/\/www.comoditahome.com\/al\/wp-content\/uploads\/2022\/12\/01-1-768x1087.jpg 768w, https:\/\/www.comoditahome.com\/al\/wp-content\/uploads\/2022\/12\/01-1-1086x1536.jpg 1086w\" sizes=\"(max-width: 1200px) 100vw, 1200px\" \/>\t\t\t<\/a>\n\n\t\t\t\t\t\t\t<h1 class=\"sober-banner-simple__text\">\n\t\t\t\t\t<a href=\"https:\/\/www.comoditahome.com\/ks\/magazina\/ushqyerja-shendeti-dhe-mireqenia\/\">Ushqyerja, Sh\u00ebndeti dhe Mir\u00ebqenia<\/a>\n\t\t\t\t<\/h1>\n\t\t\t\n\t\t\t\t\t<\/div>\n\t\t\t\t<\/div>\n\t\t\t\t<\/div>\n\t\t\t\t\t<\/div>\n\t\t<\/div>\n\t\t\t\t<div class=\"elementor-column elementor-col-25 elementor-top-column elementor-element elementor-element-f0593b2\" data-id=\"f0593b2\" data-element_type=\"column\">\n\t\t\t<div class=\"elementor-widget-wrap elementor-element-populated\">\n\t\t\t\t\t\t\t\t<div class=\"elementor-element elementor-element-3b2e083 elementor-widget__width-inherit elementor-widget elementor-widget-sober-banner-simple\" data-id=\"3b2e083\" data-element_type=\"widget\" data-widget_type=\"sober-banner-simple.default\">\n\t\t\t\t<div class=\"elementor-widget-container\">\n\t\t\t\t\t<div class=\"sober-banner-simple sober-banner-simple--elementor\">\n\t\t\t<a href=\"https:\/\/www.comoditahome.com\/ks\/magazina\/shkence-prapa-gjumit-dhe-performances-se-larte\/\">\n\t\t\t\t<img loading=\"lazy\" decoding=\"async\" width=\"1480\" height=\"2094\" src=\"https:\/\/www.comoditahome.com\/al\/wp-content\/uploads\/2022\/12\/01MGJ.jpg\" class=\"attachment-full size-full\" alt=\"\" srcset=\"https:\/\/www.comoditahome.com\/al\/wp-content\/uploads\/2022\/12\/01MGJ.jpg 1480w, https:\/\/www.comoditahome.com\/al\/wp-content\/uploads\/2022\/12\/01MGJ-212x300.jpg 212w, https:\/\/www.comoditahome.com\/al\/wp-content\/uploads\/2022\/12\/01MGJ-724x1024.jpg 724w, https:\/\/www.comoditahome.com\/al\/wp-content\/uploads\/2022\/12\/01MGJ-768x1087.jpg 768w, https:\/\/www.comoditahome.com\/al\/wp-content\/uploads\/2022\/12\/01MGJ-1086x1536.jpg 1086w, https:\/\/www.comoditahome.com\/al\/wp-content\/uploads\/2022\/12\/01MGJ-1447x2048.jpg 1447w, https:\/\/www.comoditahome.com\/al\/wp-content\/uploads\/2022\/12\/01MGJ-1200x1698.jpg 1200w\" sizes=\"(max-width: 1480px) 100vw, 1480px\" \/>\t\t\t<\/a>\n\n\t\t\t\t\t\t\t<h1 class=\"sober-banner-simple__text\">\n\t\t\t\t\t<a href=\"https:\/\/www.comoditahome.com\/ks\/magazina\/shkence-prapa-gjumit-dhe-performances-se-larte\/\">Shkenca prapa gjumit dhe performanc\u00ebs s\u00eb lart\u00eb<\/a>\n\t\t\t\t<\/h1>\n\t\t\t\n\t\t\t\t\t<\/div>\n\t\t\t\t<\/div>\n\t\t\t\t<\/div>\n\t\t\t\t\t<\/div>\n\t\t<\/div>\n\t\t\t\t\t\t\t<\/div>\n\t\t<\/section>\n\t\t\t\t<section class=\"elementor-section elementor-top-section elementor-element elementor-element-1b3b2bc elementor-section-stretched elementor-section-boxed elementor-section-height-default elementor-section-height-default\" data-id=\"1b3b2bc\" data-element_type=\"section\" data-settings=\"{&quot;stretch_section&quot;:&quot;section-stretched&quot;}\">\n\t\t\t\t\t\t<div class=\"elementor-container elementor-column-gap-default\">\n\t\t\t\t\t<div class=\"elementor-column elementor-col-25 elementor-top-column elementor-element elementor-element-bcb349c\" data-id=\"bcb349c\" data-element_type=\"column\">\n\t\t\t<div class=\"elementor-widget-wrap elementor-element-populated\">\n\t\t\t\t\t\t\t\t<div class=\"elementor-element elementor-element-48183a2 elementor-widget elementor-widget-sober-banner-simple\" data-id=\"48183a2\" data-element_type=\"widget\" data-widget_type=\"sober-banner-simple.default\">\n\t\t\t\t<div class=\"elementor-widget-container\">\n\t\t\t\t\t<div class=\"sober-banner-simple sober-banner-simple--elementor\">\n\t\t\t<a href=\"https:\/\/www.comoditahome.com\/ks\/magazina\/si-te-dekorojme-tryezen-e-festave-te-fundvitit\/\">\n\t\t\t\t<img loading=\"lazy\" decoding=\"async\" width=\"1480\" height=\"2094\" src=\"https:\/\/www.comoditahome.com\/al\/wp-content\/uploads\/2022\/12\/01.jpg\" class=\"attachment-full size-full\" alt=\"\" srcset=\"https:\/\/www.comoditahome.com\/al\/wp-content\/uploads\/2022\/12\/01.jpg 1480w, https:\/\/www.comoditahome.com\/al\/wp-content\/uploads\/2022\/12\/01-212x300.jpg 212w, https:\/\/www.comoditahome.com\/al\/wp-content\/uploads\/2022\/12\/01-724x1024.jpg 724w, https:\/\/www.comoditahome.com\/al\/wp-content\/uploads\/2022\/12\/01-768x1087.jpg 768w, https:\/\/www.comoditahome.com\/al\/wp-content\/uploads\/2022\/12\/01-1086x1536.jpg 1086w, https:\/\/www.comoditahome.com\/al\/wp-content\/uploads\/2022\/12\/01-1447x2048.jpg 1447w, https:\/\/www.comoditahome.com\/al\/wp-content\/uploads\/2022\/12\/01-1200x1698.jpg 1200w\" sizes=\"(max-width: 1480px) 100vw, 1480px\" \/>\t\t\t<\/a>\n\n\t\t\t\t\t\t\t<h1 class=\"sober-banner-simple__text\">\n\t\t\t\t\t<a href=\"https:\/\/www.comoditahome.com\/ks\/magazina\/si-te-dekorojme-tryezen-e-festave-te-fundvitit\/\">Si ta dekorojm\u00eb tryez\u00ebn e festave t\u00eb fundvitit?<\/a>\n\t\t\t\t<\/h1>\n\t\t\t\n\t\t\t\t\t<\/div>\n\t\t\t\t<\/div>\n\t\t\t\t<\/div>\n\t\t\t\t\t<\/div>\n\t\t<\/div>\n\t\t\t\t<div class=\"elementor-column elementor-col-25 elementor-top-column elementor-element elementor-element-3506ab5\" data-id=\"3506ab5\" data-element_type=\"column\">\n\t\t\t<div class=\"elementor-widget-wrap elementor-element-populated\">\n\t\t\t\t\t\t\t\t<div class=\"elementor-element elementor-element-f4188f3 elementor-widget elementor-widget-sober-banner-simple\" data-id=\"f4188f3\" data-element_type=\"widget\" data-widget_type=\"sober-banner-simple.default\">\n\t\t\t\t<div class=\"elementor-widget-container\">\n\t\t\t\t\t<div class=\"sober-banner-simple sober-banner-simple--elementor\">\n\t\t\t<a href=\"https:\/\/www.comoditahome.com\/ks\/magazina\/pse-ta-nderroni-dyshekun-e-vjeter-me-nje-te-ri\/\">\n\t\t\t\t<img loading=\"lazy\" decoding=\"async\" width=\"724\" height=\"1024\" src=\"https:\/\/www.comoditahome.com\/al\/wp-content\/uploads\/2022\/12\/Memory-magazine-ballina.png\" class=\"attachment-full size-full\" alt=\"\" srcset=\"https:\/\/www.comoditahome.com\/al\/wp-content\/uploads\/2022\/12\/Memory-magazine-ballina.png 724w, https:\/\/www.comoditahome.com\/al\/wp-content\/uploads\/2022\/12\/Memory-magazine-ballina-212x300.png 212w\" sizes=\"(max-width: 724px) 100vw, 724px\" \/>\t\t\t<\/a>\n\n\t\t\t\t\t\t\t<h1 class=\"sober-banner-simple__text\">\n\t\t\t\t\t<a href=\"https:\/\/www.comoditahome.com\/ks\/magazina\/pse-ta-nderroni-dyshekun-e-vjeter-me-nje-te-ri\/\">Pse ta nd\u00ebrroni dyshekun e vjet\u00ebr me nj\u00eb t\u00eb ri?<\/a>\n\t\t\t\t<\/h1>\n\t\t\t\n\t\t\t\t\t<\/div>\n\t\t\t\t<\/div>\n\t\t\t\t<\/div>\n\t\t\t\t\t<\/div>\n\t\t<\/div>\n\t\t\t\t<div class=\"elementor-column elementor-col-25 elementor-top-column elementor-element elementor-element-dad2600\" data-id=\"dad2600\" data-element_type=\"column\">\n\t\t\t<div class=\"elementor-widget-wrap\">\n\t\t\t\t\t\t\t\t\t<\/div>\n\t\t<\/div>\n\t\t\t\t<div class=\"elementor-column elementor-col-25 elementor-top-column elementor-element elementor-element-452fd7c\" data-id=\"452fd7c\" data-element_type=\"column\">\n\t\t\t<div class=\"elementor-widget-wrap\">\n\t\t\t\t\t\t\t\t\t<\/div>\n\t\t<\/div>\n\t\t\t\t\t\t\t<\/div>\n\t\t<\/section>\n\t\t\t\t\t\t<\/div>\n\t\t\t\t\t<\/div>\n\t\t","protected":false},"excerpt":{"rendered":"<p>REVISTA COMODITA Si ta krijojm\u00eb ambientin e \u00ebndrrave Natyra Ushqyerja, Sh\u00ebndeti dhe Mir\u00ebqenia Shkenca prapa gjumit dhe performanc\u00ebs s\u00eb lart\u00eb Si ta dekorojm\u00eb tryez\u00ebn e festave t\u00eb fundvitit? Pse ta&hellip;<\/p>\n","protected":false},"author":2,"featured_media":0,"parent":0,"menu_order":0,"comment_status":"closed","ping_status":"closed","template":"templates\/full-width.php","meta":{"footnotes":""},"_links":{"self":[{"href":"https:\/\/www.comoditahome.com\/al\/wp-json\/wp\/v2\/pages\/3075"}],"collection":[{"href":"https:\/\/www.comoditahome.com\/al\/wp-json\/wp\/v2\/pages"}],"about":[{"href":"https:\/\/www.comoditahome.com\/al\/wp-json\/wp\/v2\/types\/page"}],"author":[{"embeddable":true,"href":"https:\/\/www.comoditahome.com\/al\/wp-json\/wp\/v2\/users\/2"}],"replies":[{"embeddable":true,"href":"https:\/\/www.comoditahome.com\/al\/wp-json\/wp\/v2\/comments?post=3075"}],"version-history":[{"count":60,"href":"https:\/\/www.comoditahome.com\/al\/wp-json\/wp\/v2\/pages\/3075\/revisions"}],"predecessor-version":[{"id":56554,"href":"https:\/\/www.comoditahome.com\/al\/wp-json\/wp\/v2\/pages\/3075\/revisions\/56554"}],"wp:attachment":[{"href":"https:\/\/www.comoditahome.com\/al\/wp-json\/wp\/v2\/media?parent=3075"}],"curies":[{"name":"wp","href":"https:\/\/api.w.org\/{rel}","templated":true}]}}