 {"id":35440,"date":"2022-02-23T14:15:18","date_gmt":"2022-02-23T12:15:18","guid":{"rendered":"http:\/\/al.comoditahome.com\/?page_id=35440"},"modified":"2022-08-04T16:38:54","modified_gmt":"2022-08-04T14:38:54","slug":"apliko-tani","status":"publish","type":"page","link":"https:\/\/www.comoditahome.com\/al\/mundesi-punesimi\/apliko-tani\/","title":{"rendered":"APLIKO TANI"},"content":{"rendered":"\t\t<div data-elementor-type=\"wp-page\" data-elementor-id=\"35440\" class=\"elementor elementor-35440\" data-elementor-settings=\"[]\">\n\t\t\t\t\t\t\t<div class=\"elementor-section-wrap\">\n\t\t\t\t\t\t\t<section class=\"elementor-section elementor-top-section elementor-element elementor-element-1ded06e elementor-section-boxed elementor-section-height-default elementor-section-height-default\" data-id=\"1ded06e\" data-element_type=\"section\">\n\t\t\t\t\t\t<div class=\"elementor-container elementor-column-gap-default\">\n\t\t\t\t\t<div class=\"elementor-column elementor-col-100 elementor-top-column elementor-element elementor-element-a4a2273\" data-id=\"a4a2273\" data-element_type=\"column\">\n\t\t\t<div class=\"elementor-widget-wrap elementor-element-populated\">\n\t\t\t\t\t\t\t\t<div class=\"elementor-element elementor-element-29471a6 elementor-widget elementor-widget-text-editor\" data-id=\"29471a6\" data-element_type=\"widget\" data-widget_type=\"text-editor.default\">\n\t\t\t\t<div class=\"elementor-widget-container\">\n\t\t\t\t\t\t\t<p style=\"text-align: center;\">Aplikoni tani duke plot\u00ebsuar formularin m\u00eb posht\u00eb, apo d\u00ebrgoni CV-n\u00eb tuaj n\u00eb email adres\u00ebn info@comodita-home.al<\/p>\t\t\t\t\t\t<\/div>\n\t\t\t\t<\/div>\n\t\t\t\t\t<\/div>\n\t\t<\/div>\n\t\t\t\t\t\t\t<\/div>\n\t\t<\/section>\n\t\t\t\t<section class=\"elementor-section elementor-top-section elementor-element elementor-element-1f9d951 elementor-section-boxed elementor-section-height-default elementor-section-height-default\" data-id=\"1f9d951\" data-element_type=\"section\">\n\t\t\t\t\t\t<div class=\"elementor-container elementor-column-gap-default\">\n\t\t\t\t\t<div class=\"elementor-column elementor-col-100 elementor-top-column elementor-element elementor-element-8cc6157\" data-id=\"8cc6157\" data-element_type=\"column\">\n\t\t\t<div class=\"elementor-widget-wrap elementor-element-populated\">\n\t\t\t\t\t\t\t\t<div class=\"elementor-element elementor-element-d11853b elementor-button-align-stretch elementor-widget elementor-widget-form\" data-id=\"d11853b\" data-element_type=\"widget\" data-settings=\"{&quot;step_next_label&quot;:&quot;Next&quot;,&quot;step_previous_label&quot;:&quot;Previous&quot;,&quot;button_width&quot;:&quot;100&quot;,&quot;step_type&quot;:&quot;number_text&quot;,&quot;step_icon_shape&quot;:&quot;circle&quot;}\" data-widget_type=\"form.default\">\n\t\t\t\t<div class=\"elementor-widget-container\">\n\t\t\t\t\t<form class=\"elementor-form\" method=\"post\" name=\"New Form\">\n\t\t\t<input type=\"hidden\" name=\"post_id\" value=\"35440\"\/>\n\t\t\t<input type=\"hidden\" name=\"form_id\" value=\"d11853b\"\/>\n\t\t\t<input type=\"hidden\" name=\"referer_title\" value=\"\" \/>\n\n\t\t\t\n\t\t\t<div class=\"elementor-form-fields-wrapper elementor-labels-above\">\n\t\t\t\t\t\t\t\t<div class=\"elementor-field-type-text elementor-field-group elementor-column elementor-field-group-name elementor-col-100 elementor-field-required elementor-mark-required\">\n\t\t\t\t\t<label for=\"form-field-name\" class=\"elementor-field-label\">Emri dhe Mbiemri<\/label><input size=\"1\" type=\"text\" name=\"form_fields[name]\" id=\"form-field-name\" class=\"elementor-field elementor-size-sm  elementor-field-textual\" required=\"required\" aria-required=\"true\">\t\t\t\t<\/div>\n\t\t\t\t\t\t\t\t<div class=\"elementor-field-type-number elementor-field-group elementor-column elementor-field-group-field_68303ed elementor-col-100 elementor-field-required elementor-mark-required\">\n\t\t\t\t\t<label for=\"form-field-field_68303ed\" class=\"elementor-field-label\">Numri telefonit<\/label><input type=\"number\" name=\"form_fields[field_68303ed]\" id=\"form-field-field_68303ed\" class=\"elementor-field elementor-size-sm  elementor-field-textual\" required=\"required\" aria-required=\"true\" min=\"\" max=\"\">\t\t\t\t<\/div>\n\t\t\t\t\t\t\t\t<div class=\"elementor-field-type-email elementor-field-group elementor-column elementor-field-group-email elementor-col-100 elementor-field-required elementor-mark-required\">\n\t\t\t\t\t<label for=\"form-field-email\" class=\"elementor-field-label\">Adresa elektronike<\/label><input size=\"1\" type=\"email\" name=\"form_fields[email]\" id=\"form-field-email\" class=\"elementor-field elementor-size-sm  elementor-field-textual\" required=\"required\" aria-required=\"true\">\t\t\t\t<\/div>\n\t\t\t\t\t\t\t\t<div class=\"elementor-field-type-select elementor-field-group elementor-column elementor-field-group-field_583f0d5 elementor-col-100 elementor-field-required elementor-mark-required\">\n\t\t\t\t\t<label for=\"form-field-field_583f0d5\" class=\"elementor-field-label\">Qyteti<\/label>\t\t<div class=\"elementor-field elementor-select-wrapper \">\n\t\t\t<select name=\"form_fields[field_583f0d5]\" id=\"form-field-field_583f0d5\" class=\"elementor-field-textual elementor-size-sm\" required=\"required\" aria-required=\"true\">\n\t\t\t\t<option value=\"TIRAN\u00cb\">TIRAN\u00cb<\/option><option value=\"SHKOD\u00cbR\">SHKOD\u00cbR<\/option><option value=\"DURR\u00cbS\">DURR\u00cbS<\/option><option value=\"ELBASAN\">ELBASAN<\/option><option value=\"FIER\">FIER<\/option><option value=\"KAVAJ\u00cb\">KAVAJ\u00cb<\/option><option value=\"VLOR\u00cb\">VLOR\u00cb<\/option><option value=\"BERAT\">BERAT<\/option><option value=\"KOR\u00c7\u00cb\">KOR\u00c7\u00cb<\/option>\t\t\t<\/select>\n\t\t<\/div>\n\t\t\t\t\t\t<\/div>\n\t\t\t\t\t\t\t\t<div class=\"elementor-field-type-upload elementor-field-group elementor-column elementor-field-group-field_94ff43f elementor-col-100 elementor-field-required elementor-mark-required\">\n\t\t\t\t\t<label for=\"form-field-field_94ff43f\" class=\"elementor-field-label\">Vendos CV-n\u00eb tuaj<\/label><input type=\"file\" name=\"form_fields[field_94ff43f]\" id=\"form-field-field_94ff43f\" class=\"elementor-field elementor-size-sm  elementor-upload-field\" required=\"required\" aria-required=\"true\">\t\t\t\t<\/div>\n\t\t\t\t\t\t\t\t<div class=\"elementor-field-group elementor-column elementor-field-type-submit elementor-col-100 e-form__buttons\">\n\t\t\t\t\t<button type=\"submit\" class=\"elementor-button elementor-size-sm\">\n\t\t\t\t\t\t<span >\n\t\t\t\t\t\t\t\t\t\t\t\t\t\t\t<span class=\" elementor-button-icon\">\n\t\t\t\t\t\t\t\t\t\t\t\t\t\t\t\t\t\t\t\t\t\t\t\t\t\t<\/span>\n\t\t\t\t\t\t\t\t\t\t\t\t\t\t\t\t\t\t\t\t\t\t<span class=\"elementor-button-text\">D\u00ebrgo<\/span>\n\t\t\t\t\t\t\t\t\t\t\t\t\t<\/span>\n\t\t\t\t\t<\/button>\n\t\t\t\t<\/div>\n\t\t\t<\/div>\n\t\t<\/form>\n\t\t\t\t<\/div>\n\t\t\t\t<\/div>\n\t\t\t\t\t<\/div>\n\t\t<\/div>\n\t\t\t\t\t\t\t<\/div>\n\t\t<\/section>\n\t\t\t\t\t\t<\/div>\n\t\t\t\t\t<\/div>\n\t\t","protected":false},"excerpt":{"rendered":"<p>Aplikoni tani duke plot\u00ebsuar formularin m\u00eb posht\u00eb, apo d\u00ebrgoni CV-n\u00eb tuaj n\u00eb email adres\u00ebn info@comodita-home.al<\/p>\n","protected":false},"author":2,"featured_media":0,"parent":3162,"menu_order":0,"comment_status":"closed","ping_status":"closed","template":"templates\/homepage.php","meta":{"footnotes":""},"_links":{"self":[{"href":"https:\/\/www.comoditahome.com\/al\/wp-json\/wp\/v2\/pages\/35440"}],"collection":[{"href":"https:\/\/www.comoditahome.com\/al\/wp-json\/wp\/v2\/pages"}],"about":[{"href":"https:\/\/www.comoditahome.com\/al\/wp-json\/wp\/v2\/types\/page"}],"author":[{"embeddable":true,"href":"https:\/\/www.comoditahome.com\/al\/wp-json\/wp\/v2\/users\/2"}],"replies":[{"embeddable":true,"href":"https:\/\/www.comoditahome.com\/al\/wp-json\/wp\/v2\/comments?post=35440"}],"version-history":[{"count":28,"href":"https:\/\/www.comoditahome.com\/al\/wp-json\/wp\/v2\/pages\/35440\/revisions"}],"predecessor-version":[{"id":53263,"href":"https:\/\/www.comoditahome.com\/al\/wp-json\/wp\/v2\/pages\/35440\/revisions\/53263"}],"up":[{"embeddable":true,"href":"https:\/\/www.comoditahome.com\/al\/wp-json\/wp\/v2\/pages\/3162"}],"wp:attachment":[{"href":"https:\/\/www.comoditahome.com\/al\/wp-json\/wp\/v2\/media?parent=35440"}],"curies":[{"name":"wp","href":"https:\/\/api.w.org\/{rel}","templated":true}]}}