 {"id":35465,"date":"2022-02-23T14:57:28","date_gmt":"2022-02-23T12:57:28","guid":{"rendered":"http:\/\/al.comoditahome.com\/?page_id=35465"},"modified":"2024-10-08T15:01:37","modified_gmt":"2024-10-08T13:01:37","slug":"pyetje-dhe-pergjigje","status":"publish","type":"page","link":"https:\/\/www.comoditahome.com\/al\/pyetje-dhe-pergjigje\/","title":{"rendered":"PYETJE DHE PERGJIGJE"},"content":{"rendered":"\t\t<div data-elementor-type=\"wp-page\" data-elementor-id=\"35465\" class=\"elementor elementor-35465\" data-elementor-settings=\"[]\">\n\t\t\t\t\t\t\t<div class=\"elementor-section-wrap\">\n\t\t\t\t\t\t\t<section class=\"elementor-section elementor-top-section elementor-element elementor-element-a138a5d elementor-section-full_width elementor-section-height-default elementor-section-height-default\" data-id=\"a138a5d\" data-element_type=\"section\">\n\t\t\t\t\t\t<div class=\"elementor-container elementor-column-gap-no\">\n\t\t\t\t\t<div class=\"elementor-column elementor-col-100 elementor-top-column elementor-element elementor-element-674d6f7\" data-id=\"674d6f7\" data-element_type=\"column\">\n\t\t\t<div class=\"elementor-widget-wrap elementor-element-populated\">\n\t\t\t\t\t\t\t\t<div class=\"elementor-element elementor-element-159a42d elementor-widget elementor-widget-image\" data-id=\"159a42d\" data-element_type=\"widget\" data-widget_type=\"image.default\">\n\t\t\t\t<div class=\"elementor-widget-container\">\n\t\t\t\t\t\t\t\t\t\t\t\t\t\t\t<img loading=\"lazy\" decoding=\"async\" width=\"1600\" height=\"390\" src=\"https:\/\/www.comoditahome.com\/al\/wp-content\/uploads\/2022\/02\/Pyetje-pergjigje-WEB-2.jpg\" class=\"attachment-full size-full\" alt=\"\" srcset=\"https:\/\/www.comoditahome.com\/al\/wp-content\/uploads\/2022\/02\/Pyetje-pergjigje-WEB-2.jpg 1600w, https:\/\/www.comoditahome.com\/al\/wp-content\/uploads\/2022\/02\/Pyetje-pergjigje-WEB-2-300x73.jpg 300w, https:\/\/www.comoditahome.com\/al\/wp-content\/uploads\/2022\/02\/Pyetje-pergjigje-WEB-2-1024x250.jpg 1024w, https:\/\/www.comoditahome.com\/al\/wp-content\/uploads\/2022\/02\/Pyetje-pergjigje-WEB-2-768x187.jpg 768w, https:\/\/www.comoditahome.com\/al\/wp-content\/uploads\/2022\/02\/Pyetje-pergjigje-WEB-2-1536x374.jpg 1536w, https:\/\/www.comoditahome.com\/al\/wp-content\/uploads\/2022\/02\/Pyetje-pergjigje-WEB-2-1200x293.jpg 1200w\" sizes=\"(max-width: 1600px) 100vw, 1600px\" \/>\t\t\t\t\t\t\t\t\t\t\t\t\t\t\t<\/div>\n\t\t\t\t<\/div>\n\t\t\t\t\t<\/div>\n\t\t<\/div>\n\t\t\t\t\t\t\t<\/div>\n\t\t<\/section>\n\t\t\t\t<section class=\"elementor-section elementor-top-section elementor-element elementor-element-c3ebfe4 elementor-section-boxed elementor-section-height-default elementor-section-height-default\" data-id=\"c3ebfe4\" data-element_type=\"section\">\n\t\t\t\t\t\t<div class=\"elementor-container elementor-column-gap-no\">\n\t\t\t\t\t<div class=\"elementor-column elementor-col-100 elementor-top-column elementor-element elementor-element-0c35b6a\" data-id=\"0c35b6a\" data-element_type=\"column\">\n\t\t\t<div class=\"elementor-widget-wrap elementor-element-populated\">\n\t\t\t\t\t\t\t\t<div class=\"elementor-element elementor-element-1c0e3c4 elementor-widget elementor-widget-sober-faq\" data-id=\"1c0e3c4\" data-element_type=\"widget\" data-widget_type=\"sober-faq.default\">\n\t\t\t\t<div class=\"elementor-widget-container\">\n\t\t\t\t\t<div class=\"sober-faq sober-faq--elementor\">\n\t\t\t<div class=\"sober-faq__question question\">\n\t\t\t\t<span class=\"sober-faq__question-label question-label\">PYETJE<\/span>\n\t\t\t\t<span class=\"sober-faq__question-icon question-icon\"><span class=\"toggle-icon\"><\/span><\/span>\n\t\t\t\t<span class=\"question-title sober-faq__question-title\">Si mund t\u00eb shoh ofert\u00ebn aktuale?<\/span>\n\t\t\t<\/div>\n\t\t\t<div class=\"sober-faq__answer answer\">\n\t\t\t\t<span class=\"sober-faq__answer-label answer-label\">P\u00cbRGJIGJE<\/span>\n\t\t\t\t<div class=\"sober-faq__answer-content\"><p>Klikoni n\u00eb linkun:\u00a0<a href=\"https:\/\/www.comoditahome.com\/al\/oferta-e-fundit\/\">https:\/\/www.comoditahome.com\/al\/oferta-e-fundit\/<\/a><\/p><\/div>\n\t\t\t<\/div>\n\t\t<\/div>\n\t\t\t\t<\/div>\n\t\t\t\t<\/div>\n\t\t\t\t<div class=\"elementor-element elementor-element-648e3c7 elementor-widget elementor-widget-sober-faq\" data-id=\"648e3c7\" data-element_type=\"widget\" data-widget_type=\"sober-faq.default\">\n\t\t\t\t<div class=\"elementor-widget-container\">\n\t\t\t\t\t<div class=\"sober-faq sober-faq--elementor\">\n\t\t\t<div class=\"sober-faq__question question\">\n\t\t\t\t<span class=\"sober-faq__question-label question-label\">PYETJE<\/span>\n\t\t\t\t<span class=\"sober-faq__question-icon question-icon\"><span class=\"toggle-icon\"><\/span><\/span>\n\t\t\t\t<span class=\"question-title sober-faq__question-title\">Kam b\u00ebr\u00eb porosi n\u00eb webfaqe, por nuk e di se a \u00ebsht\u00eb regjistruar me sukses?<\/span>\n\t\t\t<\/div>\n\t\t\t<div class=\"sober-faq__answer answer\">\n\t\t\t\t<span class=\"sober-faq__answer-label answer-label\">P\u00cbRGJIGJE<\/span>\n\t\t\t\t<div class=\"sober-faq__answer-content\"><p>N\u00ebse keni porositur online, ju keni pranuar nj\u00eb email t\u00eb em\u00ebruar:\u00a0<strong><em>Porosi e re,<\/em><\/strong>\u00a0me detajet e porosis\u00eb suaj, n\u00eb emailin q\u00eb e keni shkruar gjat\u00eb regjistrimit. Hapi i rradh\u00ebs \u00ebsht\u00eb konfirmimi i porosis\u00eb nga agjent\u00ebt q\u00eb sigurohen q\u00eb numri juaj \u00ebsht\u00eb i sakt\u00eb dhe se gjith\u00e7ka \u00ebsht\u00eb n\u00eb rregull me porosin\u00eb apo n\u00ebse ka di\u00e7ka q\u00eb duhet ndryshuar.<\/p><\/div>\n\t\t\t<\/div>\n\t\t<\/div>\n\t\t\t\t<\/div>\n\t\t\t\t<\/div>\n\t\t\t\t<div class=\"elementor-element elementor-element-4e57b0b elementor-widget elementor-widget-sober-faq\" data-id=\"4e57b0b\" data-element_type=\"widget\" data-widget_type=\"sober-faq.default\">\n\t\t\t\t<div class=\"elementor-widget-container\">\n\t\t\t\t\t<div class=\"sober-faq sober-faq--elementor\">\n\t\t\t<div class=\"sober-faq__question question\">\n\t\t\t\t<span class=\"sober-faq__question-label question-label\">PYETJE<\/span>\n\t\t\t\t<span class=\"sober-faq__question-icon question-icon\"><span class=\"toggle-icon\"><\/span><\/span>\n\t\t\t\t<span class=\"question-title sober-faq__question-title\">Produktin q\u00eb e kam bler\u00eb online tani i ka ndryshuar \u00e7mimi, dhe un\u00eb ende nuk kam pranuar porosin\u00eb?<\/span>\n\t\t\t<\/div>\n\t\t\t<div class=\"sober-faq__answer answer\">\n\t\t\t\t<span class=\"sober-faq__answer-label answer-label\">P\u00cbRGJIGJE<\/span>\n\t\t\t\t<div class=\"sober-faq__answer-content\"><p>N\u00ebse keni porositur online, ju do t\u00eb pranoni produktin tuaj me \u00e7mimin q\u00eb ka patur n\u00eb momentin kur e keni b\u00ebr\u00eb blerjen.<\/p><\/div>\n\t\t\t<\/div>\n\t\t<\/div>\n\t\t\t\t<\/div>\n\t\t\t\t<\/div>\n\t\t\t\t<div class=\"elementor-element elementor-element-a29931b elementor-widget elementor-widget-sober-faq\" data-id=\"a29931b\" data-element_type=\"widget\" data-widget_type=\"sober-faq.default\">\n\t\t\t\t<div class=\"elementor-widget-container\">\n\t\t\t\t\t<div class=\"sober-faq sober-faq--elementor\">\n\t\t\t<div class=\"sober-faq__question question\">\n\t\t\t\t<span class=\"sober-faq__question-label question-label\">PYETJE<\/span>\n\t\t\t\t<span class=\"sober-faq__question-icon question-icon\"><span class=\"toggle-icon\"><\/span><\/span>\n\t\t\t\t<span class=\"question-title sober-faq__question-title\">A \u00ebsht\u00eb transporti me pages\u00eb?<\/span>\n\t\t\t<\/div>\n\t\t\t<div class=\"sober-faq__answer answer\">\n\t\t\t\t<span class=\"sober-faq__answer-label answer-label\">P\u00cbRGJIGJE<\/span>\n\t\t\t\t<div class=\"sober-faq__answer-content\"><p>Transporti \u00ebsht\u00eb me pages\u00eb n\u00eb gjith\u00eb Shqip\u00ebrin\u00eb.<\/p><\/div>\n\t\t\t<\/div>\n\t\t<\/div>\n\t\t\t\t<\/div>\n\t\t\t\t<\/div>\n\t\t\t\t<div class=\"elementor-element elementor-element-4e2a822 elementor-widget elementor-widget-sober-faq\" data-id=\"4e2a822\" data-element_type=\"widget\" data-widget_type=\"sober-faq.default\">\n\t\t\t\t<div class=\"elementor-widget-container\">\n\t\t\t\t\t<div class=\"sober-faq sober-faq--elementor\">\n\t\t\t<div class=\"sober-faq__question question\">\n\t\t\t\t<span class=\"sober-faq__question-label question-label\">PYETJE<\/span>\n\t\t\t\t<span class=\"sober-faq__question-icon question-icon\"><span class=\"toggle-icon\"><\/span><\/span>\n\t\t\t\t<span class=\"question-title sober-faq__question-title\">Edhe pse kam sh\u00ebnnuar t\u00ebr\u00eb adres\u00ebn, porosia m\u00eb \u00ebsht\u00eb anuluar sepse nuk kam d\u00ebgjuar telefonin?<\/span>\n\t\t\t<\/div>\n\t\t\t<div class=\"sober-faq__answer answer\">\n\t\t\t\t<span class=\"sober-faq__answer-label answer-label\">P\u00cbRGJIGJE<\/span>\n\t\t\t\t<div class=\"sober-faq__answer-content\"><p>\u00c7do porosi vjen p\u00ebrmes transportit t\u00eb Comodita Home, shofer\u00ebt e t\u00eb cil\u00ebs ju kontaktojn\u00eb fillimisht n\u00eb numrin tuaj t\u00eb telefonit p\u00ebr t\u00eb ju njoftuar q\u00eb jan\u00eb af\u00ebr dhe juve duhet t\u00eb dilni t\u00eb pranoni porosin\u00eb. N\u00ebse nuk e hapni telefonin, porosia juaj kthehet n\u00eb depon q\u00ebndrore dhe riniset prap pas 3-4 dit\u00ebve t\u00eb ardhshme. Prandaj p\u00ebr t\u00eb pranuar porosin\u00eb tuaj, ju sugjerojm\u00eb t\u00eb sh\u00ebnoni 2 numra kontakti.<\/p><\/div>\n\t\t\t<\/div>\n\t\t<\/div>\n\t\t\t\t<\/div>\n\t\t\t\t<\/div>\n\t\t\t\t<div class=\"elementor-element elementor-element-69cd7e4 elementor-widget elementor-widget-sober-faq\" data-id=\"69cd7e4\" data-element_type=\"widget\" data-widget_type=\"sober-faq.default\">\n\t\t\t\t<div class=\"elementor-widget-container\">\n\t\t\t\t\t<div class=\"sober-faq sober-faq--elementor\">\n\t\t\t<div class=\"sober-faq__question question\">\n\t\t\t\t<span class=\"sober-faq__question-label question-label\">PYETJE<\/span>\n\t\t\t\t<span class=\"sober-faq__question-icon question-icon\"><span class=\"toggle-icon\"><\/span><\/span>\n\t\t\t\t<span class=\"question-title sober-faq__question-title\">Kam pranuar porosin\u00eb por dua t\u2019a kthej?<\/span>\n\t\t\t<\/div>\n\t\t\t<div class=\"sober-faq__answer answer\">\n\t\t\t\t<span class=\"sober-faq__answer-label answer-label\">P\u00cbRGJIGJE<\/span>\n\t\t\t\t<div class=\"sober-faq__answer-content\"><p>Rregulla p\u00ebr kthimin e produkteve ndryshon var\u00ebsisht nga lloji i produktit. P\u00ebr secilin produkt \u00ebsht\u00eb e specifikuar n\u00eb tekstin\u00a0<strong>kushtet e kthimit.\u00a0<\/strong>Asnj\u00eb kthim apo reklamacion nuk pranohet n\u00ebse nuk keni kuponin fiskal, fatur\u00ebn e flet\u00ebdor\u00ebzimit, dhe produktin brenda paketimit.<\/p><\/div>\n\t\t\t<\/div>\n\t\t<\/div>\n\t\t\t\t<\/div>\n\t\t\t\t<\/div>\n\t\t\t\t<div class=\"elementor-element elementor-element-96edc72 elementor-widget elementor-widget-sober-faq\" data-id=\"96edc72\" data-element_type=\"widget\" data-widget_type=\"sober-faq.default\">\n\t\t\t\t<div class=\"elementor-widget-container\">\n\t\t\t\t\t<div class=\"sober-faq sober-faq--elementor\">\n\t\t\t<div class=\"sober-faq__question question\">\n\t\t\t\t<span class=\"sober-faq__question-label question-label\">PYETJE<\/span>\n\t\t\t\t<span class=\"sober-faq__question-icon question-icon\"><span class=\"toggle-icon\"><\/span><\/span>\n\t\t\t\t<span class=\"question-title sober-faq__question-title\">Kam gabuar dimensionin e dyshekut? A mund t\u2019a kthej dhe t\u00eb marr nj\u00eb tjet\u00ebr?<\/span>\n\t\t\t<\/div>\n\t\t\t<div class=\"sober-faq__answer answer\">\n\t\t\t\t<span class=\"sober-faq__answer-label answer-label\">P\u00cbRGJIGJE<\/span>\n\t\t\t\t<div class=\"sober-faq__answer-content\"><p>P\u00ebr \u00e7do rast t\u00eb gabimit rreth dimensionit t\u00eb dyshekut duhet t\u00eb sh\u00ebnoni n\u00eb numrin e agjentes q\u00eb ju ka b\u00ebr\u00eb konfirmimin e porosis\u00eb, apo n\u00eb vendin ku e keni b\u00ebr\u00eb porosin\u00eb (rrjetet sociale, Call Center, numri 0800 25 000, apo p\u00ebrmes emisionit t\u00eb shitjes Comodita TV Shop), dhe do t\u00eb merrni informacion t\u00eb sakt\u00eb.<\/p><\/div>\n\t\t\t<\/div>\n\t\t<\/div>\n\t\t\t\t<\/div>\n\t\t\t\t<\/div>\n\t\t\t\t<div class=\"elementor-element elementor-element-4c5a108 elementor-widget elementor-widget-sober-faq\" data-id=\"4c5a108\" data-element_type=\"widget\" data-widget_type=\"sober-faq.default\">\n\t\t\t\t<div class=\"elementor-widget-container\">\n\t\t\t\t\t<div class=\"sober-faq sober-faq--elementor\">\n\t\t\t<div class=\"sober-faq__question question\">\n\t\t\t\t<span class=\"sober-faq__question-label question-label\">PYETJE<\/span>\n\t\t\t\t<span class=\"sober-faq__question-icon question-icon\"><span class=\"toggle-icon\"><\/span><\/span>\n\t\t\t\t<span class=\"question-title sober-faq__question-title\">Si t\u00eb gjej dyqanin e Comodita Home n\u00eb qytetin tim?<\/span>\n\t\t\t<\/div>\n\t\t\t<div class=\"sober-faq__answer answer\">\n\t\t\t\t<span class=\"sober-faq__answer-label answer-label\">P\u00cbRGJIGJE<\/span>\n\t\t\t\t<div class=\"sober-faq__answer-content\">P\u00ebr t\u00eb par\u00eb gjitha informatat rreth lokacioneve t\u00eb pikave t\u00eb shitjes, ju lutem t\u00eb klikoni n\u00eb linkun:\u00a0<a href=\"https:\/\/al.comoditahome.com\/pikat-e-shitjes\/\">https:\/\/ks.comoditahome.com\/pikat-e-shitjes\/<\/a><\/div>\n\t\t\t<\/div>\n\t\t<\/div>\n\t\t\t\t<\/div>\n\t\t\t\t<\/div>\n\t\t\t\t<div class=\"elementor-element elementor-element-329d9af elementor-widget elementor-widget-sober-faq\" data-id=\"329d9af\" data-element_type=\"widget\" data-widget_type=\"sober-faq.default\">\n\t\t\t\t<div class=\"elementor-widget-container\">\n\t\t\t\t\t<div class=\"sober-faq sober-faq--elementor\">\n\t\t\t<div class=\"sober-faq__question question\">\n\t\t\t\t<span class=\"sober-faq__question-label question-label\">PYETJE<\/span>\n\t\t\t\t<span class=\"sober-faq__question-icon question-icon\"><span class=\"toggle-icon\"><\/span><\/span>\n\t\t\t\t<span class=\"question-title sober-faq__question-title\">Kam nj\u00eb propozim bashk\u00ebpunimi, sugjerim, kritik\u00eb apo k\u00ebrkes\u00eb p\u00ebr t\u00eb b\u00ebr\u00eb?<\/span>\n\t\t\t<\/div>\n\t\t\t<div class=\"sober-faq__answer answer\">\n\t\t\t\t<span class=\"sober-faq__answer-label answer-label\">P\u00cbRGJIGJE<\/span>\n\t\t\t\t<div class=\"sober-faq__answer-content\"><p>Ju lutem t\u00eb na kontaktoni p\u00ebrmes email adres\u00ebs:\u00a0<a href=\"mailto:info@comodita-home.al\">info@comodita-home.al<\/a>.<\/p><\/div>\n\t\t\t<\/div>\n\t\t<\/div>\n\t\t\t\t<\/div>\n\t\t\t\t<\/div>\n\t\t\t\t\t<\/div>\n\t\t<\/div>\n\t\t\t\t\t\t\t<\/div>\n\t\t<\/section>\n\t\t\t\t\t\t<\/div>\n\t\t\t\t\t<\/div>\n\t\t","protected":false},"excerpt":{"rendered":"<p>PYETJE Si mund t\u00eb shoh ofert\u00ebn aktuale? P\u00cbRGJIGJE Klikoni n\u00eb linkun:\u00a0https:\/\/www.comoditahome.com\/al\/oferta-e-fundit\/ PYETJE Kam b\u00ebr\u00eb porosi n\u00eb webfaqe, por nuk e di se a \u00ebsht\u00eb regjistruar me sukses? P\u00cbRGJIGJE N\u00ebse keni&hellip;<\/p>\n","protected":false},"author":2,"featured_media":0,"parent":0,"menu_order":0,"comment_status":"closed","ping_status":"closed","template":"templates\/homepage.php","meta":{"footnotes":""},"_links":{"self":[{"href":"https:\/\/www.comoditahome.com\/al\/wp-json\/wp\/v2\/pages\/35465"}],"collection":[{"href":"https:\/\/www.comoditahome.com\/al\/wp-json\/wp\/v2\/pages"}],"about":[{"href":"https:\/\/www.comoditahome.com\/al\/wp-json\/wp\/v2\/types\/page"}],"author":[{"embeddable":true,"href":"https:\/\/www.comoditahome.com\/al\/wp-json\/wp\/v2\/users\/2"}],"replies":[{"embeddable":true,"href":"https:\/\/www.comoditahome.com\/al\/wp-json\/wp\/v2\/comments?post=35465"}],"version-history":[{"count":52,"href":"https:\/\/www.comoditahome.com\/al\/wp-json\/wp\/v2\/pages\/35465\/revisions"}],"predecessor-version":[{"id":75986,"href":"https:\/\/www.comoditahome.com\/al\/wp-json\/wp\/v2\/pages\/35465\/revisions\/75986"}],"wp:attachment":[{"href":"https:\/\/www.comoditahome.com\/al\/wp-json\/wp\/v2\/media?parent=35465"}],"curies":[{"name":"wp","href":"https:\/\/api.w.org\/{rel}","templated":true}]}}