 {"id":4565,"date":"2021-07-08T11:48:05","date_gmt":"2021-07-08T11:48:05","guid":{"rendered":"https:\/\/ks.comoditahome.com\/?page_id=4565"},"modified":"2022-09-21T08:56:16","modified_gmt":"2022-09-21T06:56:16","slug":"lajme","status":"publish","type":"page","link":"https:\/\/www.comoditahome.com\/al\/lajme\/","title":{"rendered":"LAJME"},"content":{"rendered":"\t\t<div data-elementor-type=\"wp-page\" data-elementor-id=\"4565\" class=\"elementor elementor-4565\" data-elementor-settings=\"[]\">\n\t\t\t\t\t\t\t<div class=\"elementor-section-wrap\">\n\t\t\t\t\t\t\t<section class=\"elementor-section elementor-top-section elementor-element elementor-element-6b3e84f elementor-section-boxed elementor-section-height-default elementor-section-height-default\" data-id=\"6b3e84f\" data-element_type=\"section\">\n\t\t\t\t\t\t<div class=\"elementor-container elementor-column-gap-default\">\n\t\t\t\t\t<div class=\"elementor-column elementor-col-100 elementor-top-column elementor-element elementor-element-72e47ec\" data-id=\"72e47ec\" data-element_type=\"column\">\n\t\t\t<div class=\"elementor-widget-wrap elementor-element-populated\">\n\t\t\t\t\t\t\t\t<div class=\"elementor-element elementor-element-52d4a3e elementor-widget-divider--view-line_text elementor-widget-divider--element-align-left elementor-widget elementor-widget-divider\" data-id=\"52d4a3e\" data-element_type=\"widget\" data-widget_type=\"divider.default\">\n\t\t\t\t<div class=\"elementor-widget-container\">\n\t\t\t\t\t<div class=\"elementor-divider\">\n\t\t\t<span class=\"elementor-divider-separator\">\n\t\t\t\t\t\t\t<div class=\"elementor-divider__text elementor-divider__element\">\n\t\t\t\tLAJMET <b>COMODITA<\/b>\t\t\t\t<\/div>\n\t\t\t\t\t\t<\/span>\n\t\t<\/div>\n\t\t\t\t<\/div>\n\t\t\t\t<\/div>\n\t\t\t\t\t<\/div>\n\t\t<\/div>\n\t\t\t\t\t\t\t<\/div>\n\t\t<\/section>\n\t\t\t\t<section class=\"elementor-section elementor-top-section elementor-element elementor-element-2e806d1 elementor-section-boxed elementor-section-height-default elementor-section-height-default\" data-id=\"2e806d1\" data-element_type=\"section\">\n\t\t\t\t\t\t<div class=\"elementor-container elementor-column-gap-default\">\n\t\t\t\t\t<div class=\"elementor-column elementor-col-100 elementor-top-column elementor-element elementor-element-bd3ab37\" data-id=\"bd3ab37\" data-element_type=\"column\">\n\t\t\t<div class=\"elementor-widget-wrap elementor-element-populated\">\n\t\t\t\t\t\t\t\t<div class=\"elementor-element elementor-element-640fd4e elementor-grid-3 elementor-grid-tablet-2 elementor-grid-mobile-1 elementor-posts--thumbnail-top elementor-posts__hover-gradient elementor-widget elementor-widget-posts\" data-id=\"640fd4e\" data-element_type=\"widget\" data-settings=\"{&quot;cards_columns&quot;:&quot;3&quot;,&quot;cards_columns_tablet&quot;:&quot;2&quot;,&quot;cards_columns_mobile&quot;:&quot;1&quot;,&quot;cards_row_gap&quot;:{&quot;unit&quot;:&quot;px&quot;,&quot;size&quot;:35,&quot;sizes&quot;:[]}}\" data-widget_type=\"posts.cards\">\n\t\t\t\t<div class=\"elementor-widget-container\">\n\t\t\t\t\t<div class=\"elementor-posts-container elementor-posts elementor-posts--skin-cards elementor-grid\">\n\t\t\t\t<article class=\"elementor-post elementor-grid-item post-56845 post type-post status-publish format-standard hentry category-lajme\">\n\t\t\t<div class=\"elementor-post__card\">\n\t\t\t\t<div class=\"elementor-post__text\">\n\t\t\t\t<h3 class=\"elementor-post__title\">\n\t\t\t<a href=\"https:\/\/www.comoditahome.com\/al\/2023\/01\/17\/test-ruloti\/\" >\n\t\t\t\tTest Ruloti\t\t\t<\/a>\n\t\t<\/h3>\n\t\t\t\t<\/div>\n\t\t\t\t<div class=\"elementor-post__meta-data\">\n\t\t\t\t\t<span class=\"elementor-post-date\">\n\t\t\t17 Janar, 2023\t\t<\/span>\n\t\t\t\t<\/div>\n\t\t\t\t\t<\/div>\n\t\t<\/article>\n\t\t\t\t<article class=\"elementor-post elementor-grid-item post-55094 post type-post status-publish format-standard has-post-thumbnail hentry category-lajme\">\n\t\t\t<div class=\"elementor-post__card\">\n\t\t\t\t<a class=\"elementor-post__thumbnail__link\" href=\"https:\/\/www.comoditahome.com\/al\/2022\/09\/20\/comodita-ne-panairin-m-o-w-po-shijon-takimet-me-biznese-per-mundesi-shkembimi-eksperiencash-rrjetezimi-dhe-bashkepunimi\/\" >\n\t\t\t<div class=\"elementor-post__thumbnail\"><img loading=\"lazy\" decoding=\"async\" width=\"768\" height=\"469\" src=\"https:\/\/www.comoditahome.com\/al\/wp-content\/uploads\/2022\/09\/Image-2048x1536-2.jpeg\" class=\"attachment-full size-full\" alt=\"\" srcset=\"https:\/\/www.comoditahome.com\/al\/wp-content\/uploads\/2022\/09\/Image-2048x1536-2.jpeg 768w, https:\/\/www.comoditahome.com\/al\/wp-content\/uploads\/2022\/09\/Image-2048x1536-2-300x183.jpeg 300w\" sizes=\"(max-width: 768px) 100vw, 768px\" \/><\/div>\n\t\t<\/a>\n\t\t\t\t<div class=\"elementor-post__text\">\n\t\t\t\t<h3 class=\"elementor-post__title\">\n\t\t\t<a href=\"https:\/\/www.comoditahome.com\/al\/2022\/09\/20\/comodita-ne-panairin-m-o-w-po-shijon-takimet-me-biznese-per-mundesi-shkembimi-eksperiencash-rrjetezimi-dhe-bashkepunimi\/\" >\n\t\t\t\tComodita n\u00eb panairin M.O.W. po shijon takimet me biznese p\u00ebr mund\u00ebsi shk\u00ebmbimi eksperiencash, rrjet\u00ebzimi dhe bashk\u00ebpunimi\t\t\t<\/a>\n\t\t<\/h3>\n\t\t\t\t<\/div>\n\t\t\t\t<div class=\"elementor-post__meta-data\">\n\t\t\t\t\t<span class=\"elementor-post-date\">\n\t\t\t20 Shtator, 2022\t\t<\/span>\n\t\t\t\t<\/div>\n\t\t\t\t\t<\/div>\n\t\t<\/article>\n\t\t\t\t<article class=\"elementor-post elementor-grid-item post-55089 post type-post status-publish format-standard has-post-thumbnail hentry category-lajme\">\n\t\t\t<div class=\"elementor-post__card\">\n\t\t\t\t<a class=\"elementor-post__thumbnail__link\" href=\"https:\/\/www.comoditahome.com\/al\/2022\/07\/18\/comodita-home-lanson-dyshekun-special-te-nenshkruar-nga-francesco-totti\/\" >\n\t\t\t<div class=\"elementor-post__thumbnail\"><img loading=\"lazy\" decoding=\"async\" width=\"1908\" height=\"1164\" src=\"https:\/\/www.comoditahome.com\/al\/wp-content\/uploads\/2022\/09\/totti.jpg\" class=\"attachment-full size-full\" alt=\"\" srcset=\"https:\/\/www.comoditahome.com\/al\/wp-content\/uploads\/2022\/09\/totti.jpg 1908w, https:\/\/www.comoditahome.com\/al\/wp-content\/uploads\/2022\/09\/totti-300x183.jpg 300w, https:\/\/www.comoditahome.com\/al\/wp-content\/uploads\/2022\/09\/totti-1024x625.jpg 1024w, https:\/\/www.comoditahome.com\/al\/wp-content\/uploads\/2022\/09\/totti-768x469.jpg 768w, https:\/\/www.comoditahome.com\/al\/wp-content\/uploads\/2022\/09\/totti-1536x937.jpg 1536w, https:\/\/www.comoditahome.com\/al\/wp-content\/uploads\/2022\/09\/totti-1200x732.jpg 1200w\" sizes=\"(max-width: 1908px) 100vw, 1908px\" \/><\/div>\n\t\t<\/a>\n\t\t\t\t<div class=\"elementor-post__text\">\n\t\t\t\t<h3 class=\"elementor-post__title\">\n\t\t\t<a href=\"https:\/\/www.comoditahome.com\/al\/2022\/07\/18\/comodita-home-lanson-dyshekun-special-te-nenshkruar-nga-francesco-totti\/\" >\n\t\t\t\tComodita Home lanson dyshekun special t\u00eb n\u00ebnshkruar nga Francesco Totti\t\t\t<\/a>\n\t\t<\/h3>\n\t\t\t\t<\/div>\n\t\t\t\t<div class=\"elementor-post__meta-data\">\n\t\t\t\t\t<span class=\"elementor-post-date\">\n\t\t\t18 Korrik, 2022\t\t<\/span>\n\t\t\t\t<\/div>\n\t\t\t\t\t<\/div>\n\t\t<\/article>\n\t\t\t\t<article class=\"elementor-post elementor-grid-item post-55087 post type-post status-publish format-standard has-post-thumbnail hentry category-lajme\">\n\t\t\t<div class=\"elementor-post__card\">\n\t\t\t\t<a class=\"elementor-post__thumbnail__link\" href=\"https:\/\/www.comoditahome.com\/al\/2022\/06\/23\/comodita-shtandi-me-i-vizituar-nga-bizneset-ne-panairin-heimtextil-ne-frankfurt-te-gjermanise\/\" >\n\t\t\t<div class=\"elementor-post__thumbnail\"><img loading=\"lazy\" decoding=\"async\" width=\"1908\" height=\"1164\" src=\"https:\/\/www.comoditahome.com\/al\/wp-content\/uploads\/2022\/09\/2-2.jpg\" class=\"attachment-full size-full\" alt=\"\" srcset=\"https:\/\/www.comoditahome.com\/al\/wp-content\/uploads\/2022\/09\/2-2.jpg 1908w, https:\/\/www.comoditahome.com\/al\/wp-content\/uploads\/2022\/09\/2-2-300x183.jpg 300w, https:\/\/www.comoditahome.com\/al\/wp-content\/uploads\/2022\/09\/2-2-1024x625.jpg 1024w, https:\/\/www.comoditahome.com\/al\/wp-content\/uploads\/2022\/09\/2-2-768x469.jpg 768w, https:\/\/www.comoditahome.com\/al\/wp-content\/uploads\/2022\/09\/2-2-1536x937.jpg 1536w, https:\/\/www.comoditahome.com\/al\/wp-content\/uploads\/2022\/09\/2-2-1200x732.jpg 1200w\" sizes=\"(max-width: 1908px) 100vw, 1908px\" \/><\/div>\n\t\t<\/a>\n\t\t\t\t<div class=\"elementor-post__text\">\n\t\t\t\t<h3 class=\"elementor-post__title\">\n\t\t\t<a href=\"https:\/\/www.comoditahome.com\/al\/2022\/06\/23\/comodita-shtandi-me-i-vizituar-nga-bizneset-ne-panairin-heimtextil-ne-frankfurt-te-gjermanise\/\" >\n\t\t\t\tComodita, shtandi m\u00eb i vizituar nga bizneset n\u00eb panairin Heimtextil n\u00eb Frankfurt t\u00eb Gjermanis\u00eb\t\t\t<\/a>\n\t\t<\/h3>\n\t\t\t\t<\/div>\n\t\t\t\t<div class=\"elementor-post__meta-data\">\n\t\t\t\t\t<span class=\"elementor-post-date\">\n\t\t\t23 Qershor, 2022\t\t<\/span>\n\t\t\t\t<\/div>\n\t\t\t\t\t<\/div>\n\t\t<\/article>\n\t\t\t\t<article class=\"elementor-post elementor-grid-item post-55079 post type-post status-publish format-standard has-post-thumbnail hentry category-lajme\">\n\t\t\t<div class=\"elementor-post__card\">\n\t\t\t\t<a class=\"elementor-post__thumbnail__link\" href=\"https:\/\/www.comoditahome.com\/al\/2022\/06\/23\/rama-per-comodita-flet-vet-kjo-shume-mbreselenese\/\" >\n\t\t\t<div class=\"elementor-post__thumbnail\"><img loading=\"lazy\" decoding=\"async\" width=\"1908\" height=\"1164\" src=\"https:\/\/www.comoditahome.com\/al\/wp-content\/uploads\/2022\/09\/ramaxcomodita-1-1.jpg\" class=\"attachment-full size-full\" alt=\"\" srcset=\"https:\/\/www.comoditahome.com\/al\/wp-content\/uploads\/2022\/09\/ramaxcomodita-1-1.jpg 1908w, https:\/\/www.comoditahome.com\/al\/wp-content\/uploads\/2022\/09\/ramaxcomodita-1-1-300x183.jpg 300w, https:\/\/www.comoditahome.com\/al\/wp-content\/uploads\/2022\/09\/ramaxcomodita-1-1-1024x625.jpg 1024w, https:\/\/www.comoditahome.com\/al\/wp-content\/uploads\/2022\/09\/ramaxcomodita-1-1-768x469.jpg 768w, https:\/\/www.comoditahome.com\/al\/wp-content\/uploads\/2022\/09\/ramaxcomodita-1-1-1536x937.jpg 1536w, https:\/\/www.comoditahome.com\/al\/wp-content\/uploads\/2022\/09\/ramaxcomodita-1-1-1200x732.jpg 1200w\" sizes=\"(max-width: 1908px) 100vw, 1908px\" \/><\/div>\n\t\t<\/a>\n\t\t\t\t<div class=\"elementor-post__text\">\n\t\t\t\t<h3 class=\"elementor-post__title\">\n\t\t\t<a href=\"https:\/\/www.comoditahome.com\/al\/2022\/06\/23\/rama-per-comodita-flet-vet-kjo-shume-mbreselenese\/\" >\n\t\t\t\tRama p\u00ebr Comodita: Flet vet kjo, shum\u00eb mbres\u00ebl\u00ebn\u00ebse\t\t\t<\/a>\n\t\t<\/h3>\n\t\t\t\t<\/div>\n\t\t\t\t<div class=\"elementor-post__meta-data\">\n\t\t\t\t\t<span class=\"elementor-post-date\">\n\t\t\t23 Qershor, 2022\t\t<\/span>\n\t\t\t\t<\/div>\n\t\t\t\t\t<\/div>\n\t\t<\/article>\n\t\t\t\t<\/div>\n\t\t\t\t<\/div>\n\t\t\t\t<\/div>\n\t\t\t\t\t<\/div>\n\t\t<\/div>\n\t\t\t\t\t\t\t<\/div>\n\t\t<\/section>\n\t\t\t\t\t\t<\/div>\n\t\t\t\t\t<\/div>\n\t\t","protected":false},"excerpt":{"rendered":"<p>LAJMET COMODITA<\/p>\n","protected":false},"author":2,"featured_media":0,"parent":0,"menu_order":0,"comment_status":"closed","ping_status":"closed","template":"templates\/full-width.php","meta":{"footnotes":""},"_links":{"self":[{"href":"https:\/\/www.comoditahome.com\/al\/wp-json\/wp\/v2\/pages\/4565"}],"collection":[{"href":"https:\/\/www.comoditahome.com\/al\/wp-json\/wp\/v2\/pages"}],"about":[{"href":"https:\/\/www.comoditahome.com\/al\/wp-json\/wp\/v2\/types\/page"}],"author":[{"embeddable":true,"href":"https:\/\/www.comoditahome.com\/al\/wp-json\/wp\/v2\/users\/2"}],"replies":[{"embeddable":true,"href":"https:\/\/www.comoditahome.com\/al\/wp-json\/wp\/v2\/comments?post=4565"}],"version-history":[{"count":69,"href":"https:\/\/www.comoditahome.com\/al\/wp-json\/wp\/v2\/pages\/4565\/revisions"}],"predecessor-version":[{"id":55124,"href":"https:\/\/www.comoditahome.com\/al\/wp-json\/wp\/v2\/pages\/4565\/revisions\/55124"}],"wp:attachment":[{"href":"https:\/\/www.comoditahome.com\/al\/wp-json\/wp\/v2\/media?parent=4565"}],"curies":[{"name":"wp","href":"https:\/\/api.w.org\/{rel}","templated":true}]}}