 {"id":34107,"date":"2021-10-23T21:06:34","date_gmt":"2021-10-23T19:06:34","guid":{"rendered":"http:\/\/al.comoditahome.com\/?post_type=product&#038;p=34107"},"modified":"2026-05-08T20:54:57","modified_gmt":"2026-05-08T18:54:57","slug":"shilte-katrore","status":"publish","type":"product","link":"https:\/\/www.comoditahome.com\/al\/product\/shilte-katrore\/","title":{"rendered":"Shilte katrore"},"content":{"rendered":"","protected":false},"excerpt":{"rendered":"<p style=\"text-align: left;\">Ul\u00ebse e qepur n\u00eb form\u00eb katrore, e p\u00ebrshtatshme p\u00ebr t&#8217;u mb\u00ebshtetur n\u00eb karrike. Njihet p\u00ebr kualitet dhe q\u00ebndrueshm\u00ebri. Dizajni i saj ka 9 qepje simetrike p\u00ebr t\u00eb ofruar nj\u00eb komoditet t\u00eb pakrahasuesh\u00ebm.<br \/>\n<strong>Dimensioni \/ Kompozicioni:<\/strong> 45x45x4cm<br \/>\n<strong>NGJYRA:<\/strong> Ngjyra mund t\u00eb jet\u00eb e llojllojshme<br \/>\n<strong>MATERIALI:<\/strong> Memory<br \/>\n<strong>UDH\u00cbZIMET E P\u00cbRDORIMIT:<\/strong> Mund t\u00eb lahet vet\u00ebm mb\u00ebshtjell\u00ebsi i jasht\u00ebm<br \/>\n<strong>KUSHTET E KTHIMIT \/ GARANCION:<\/strong> P\u00ebr k\u00ebt\u00eb produkt pranohet reklamacion brenda 24 or\u00ebve pasi t\u00eb pranoni porosin\u00eb.<\/p>\n","protected":false},"featured_media":31303,"template":"","meta":[],"product_cat":[183,49],"product_tag":[],"_links":{"self":[{"href":"https:\/\/www.comoditahome.com\/al\/wp-json\/wp\/v2\/product\/34107"}],"collection":[{"href":"https:\/\/www.comoditahome.com\/al\/wp-json\/wp\/v2\/product"}],"about":[{"href":"https:\/\/www.comoditahome.com\/al\/wp-json\/wp\/v2\/types\/product"}],"version-history":[{"count":1,"href":"https:\/\/www.comoditahome.com\/al\/wp-json\/wp\/v2\/product\/34107\/revisions"}],"predecessor-version":[{"id":75612,"href":"https:\/\/www.comoditahome.com\/al\/wp-json\/wp\/v2\/product\/34107\/revisions\/75612"}],"wp:featuredmedia":[{"embeddable":true,"href":"https:\/\/www.comoditahome.com\/al\/wp-json\/wp\/v2\/media\/31303"}],"wp:attachment":[{"href":"https:\/\/www.comoditahome.com\/al\/wp-json\/wp\/v2\/media?parent=34107"}],"wp:term":[{"taxonomy":"product_cat","embeddable":true,"href":"https:\/\/www.comoditahome.com\/al\/wp-json\/wp\/v2\/product_cat?post=34107"},{"taxonomy":"product_tag","embeddable":true,"href":"https:\/\/www.comoditahome.com\/al\/wp-json\/wp\/v2\/product_tag?post=34107"}],"curies":[{"name":"wp","href":"https:\/\/api.w.org\/{rel}","templated":true}]}}