 {"id":34134,"date":"2021-10-23T21:06:37","date_gmt":"2021-10-23T19:06:37","guid":{"rendered":"http:\/\/al.comoditahome.com\/?post_type=product&#038;p=34134"},"modified":"2026-05-07T09:33:51","modified_gmt":"2026-05-07T07:33:51","slug":"kuti-dekorative","status":"publish","type":"product","link":"https:\/\/www.comoditahome.com\/al\/product\/kuti-dekorative\/","title":{"rendered":"Kuti Dekorative"},"content":{"rendered":"","protected":false},"excerpt":{"rendered":"<p style=\"text-align: left;\">SSeti vjen me 3 kutit\u00eb me kapak\u00eb dhe nj\u00eb mbajt\u00ebse d\u00ebrrase p\u00ebr t&#8217;i r\u00ebnditur s\u00eb bashku. N\u00eb secil\u00ebn prej kutive jan\u00eb mbishkrimet p\u00ebr ruajtjen e byzylykut t\u00eb lindjes, flok\u00ebve t\u00eb par\u00eb dhe dh\u00ebmball\u00ebs s\u00eb par\u00eb. Ky set kutish dekorative \u00ebsht\u00eb i p\u00ebrkryer p\u00ebr dhom\u00ebn e m\u00eb t\u00eb vegj\u00eblve tuaj, duke funksionuar k\u00ebshtu si nj\u00eb ruajt\u00ebs kujtimesh shum\u00eb i ve\u00e7ant\u00eb.<br \/>\n<strong>Dimensioni \/ Kompozicioni:<\/strong> 27x10x4cm<br \/>\n<strong>NGJYRA:<\/strong> Me dizajn<br \/>\n<strong>MATERIALI:<\/strong> Dru<br \/>\n<strong>UDH\u00cbZIMET E P\u00cbRDORIMIT:<\/strong> T\u00eb pastrohet me pastruese pluhuri<br \/>\n<strong>KUSHTET E KTHIMIT \/ GARANCION:<\/strong> P\u00ebr k\u00ebt\u00eb produkt pranohet reklamacion brenda 24 or\u00ebve pasi t\u00eb pranoni porosin\u00eb.<\/p>\n<p><span style=\"color: #ffffff;\">531023301088<\/span><\/p>\n","protected":false},"featured_media":31411,"template":"","meta":[],"product_cat":[54,183,53],"product_tag":[],"_links":{"self":[{"href":"https:\/\/www.comoditahome.com\/al\/wp-json\/wp\/v2\/product\/34134"}],"collection":[{"href":"https:\/\/www.comoditahome.com\/al\/wp-json\/wp\/v2\/product"}],"about":[{"href":"https:\/\/www.comoditahome.com\/al\/wp-json\/wp\/v2\/types\/product"}],"version-history":[{"count":2,"href":"https:\/\/www.comoditahome.com\/al\/wp-json\/wp\/v2\/product\/34134\/revisions"}],"predecessor-version":[{"id":71927,"href":"https:\/\/www.comoditahome.com\/al\/wp-json\/wp\/v2\/product\/34134\/revisions\/71927"}],"wp:featuredmedia":[{"embeddable":true,"href":"https:\/\/www.comoditahome.com\/al\/wp-json\/wp\/v2\/media\/31411"}],"wp:attachment":[{"href":"https:\/\/www.comoditahome.com\/al\/wp-json\/wp\/v2\/media?parent=34134"}],"wp:term":[{"taxonomy":"product_cat","embeddable":true,"href":"https:\/\/www.comoditahome.com\/al\/wp-json\/wp\/v2\/product_cat?post=34134"},{"taxonomy":"product_tag","embeddable":true,"href":"https:\/\/www.comoditahome.com\/al\/wp-json\/wp\/v2\/product_tag?post=34134"}],"curies":[{"name":"wp","href":"https:\/\/api.w.org\/{rel}","templated":true}]}}