 {"id":34135,"date":"2021-10-23T21:06:37","date_gmt":"2021-10-23T19:06:37","guid":{"rendered":"http:\/\/al.comoditahome.com\/?post_type=product&#038;p=34135"},"modified":"2026-05-07T09:33:51","modified_gmt":"2026-05-07T07:33:51","slug":"kuti-dekorative-2","status":"publish","type":"product","link":"https:\/\/www.comoditahome.com\/al\/product\/kuti-dekorative-2\/","title":{"rendered":"Kuti Dekorative"},"content":{"rendered":"","protected":false},"excerpt":{"rendered":"<p style=\"text-align: left;\">Kutia dekorative vjen e dizajnuar me mure t\u00eb trasha dhe kapak t\u00eb ngjitur me pjes\u00ebn e poshtme. N\u00eb kapakun e saj ka nj\u00eb vizatim t\u00eb k\u00ebndsh\u00ebm ariu, duke funksionuar k\u00ebshtu edhe si dekor p\u00ebr dhom\u00ebn e t\u00eb vegj\u00eblve tuaj. P\u00ebrdorni at\u00eb p\u00ebr ruajtjen e gj\u00ebrave t\u00eb vogla.<br \/>\n<strong>Dimensioni \/ Kompozicioni:<\/strong> 12x12x6cm<br \/>\n<strong>NGJYRA:<\/strong> Me dizajn<br \/>\n<strong>MATERIALI:<\/strong> Dru<br \/>\n<strong>UDH\u00cbZIMET E P\u00cbRDORIMIT:<\/strong> T\u00eb pastrohet me pastruese pluhuri<br \/>\n<strong>KUSHTET E KTHIMIT \/ GARANCION:<\/strong> P\u00ebr k\u00ebt\u00eb produkt pranohet reklamacion brenda 24 or\u00ebve pasi t\u00eb pranoni porosin\u00eb.<\/p>\n<p><span style=\"color: #ffffff;\">531023301090<\/span><\/p>\n","protected":false},"featured_media":31416,"template":"","meta":[],"product_cat":[54,183,53],"product_tag":[],"_links":{"self":[{"href":"https:\/\/www.comoditahome.com\/al\/wp-json\/wp\/v2\/product\/34135"}],"collection":[{"href":"https:\/\/www.comoditahome.com\/al\/wp-json\/wp\/v2\/product"}],"about":[{"href":"https:\/\/www.comoditahome.com\/al\/wp-json\/wp\/v2\/types\/product"}],"version-history":[{"count":0,"href":"https:\/\/www.comoditahome.com\/al\/wp-json\/wp\/v2\/product\/34135\/revisions"}],"wp:featuredmedia":[{"embeddable":true,"href":"https:\/\/www.comoditahome.com\/al\/wp-json\/wp\/v2\/media\/31416"}],"wp:attachment":[{"href":"https:\/\/www.comoditahome.com\/al\/wp-json\/wp\/v2\/media?parent=34135"}],"wp:term":[{"taxonomy":"product_cat","embeddable":true,"href":"https:\/\/www.comoditahome.com\/al\/wp-json\/wp\/v2\/product_cat?post=34135"},{"taxonomy":"product_tag","embeddable":true,"href":"https:\/\/www.comoditahome.com\/al\/wp-json\/wp\/v2\/product_tag?post=34135"}],"curies":[{"name":"wp","href":"https:\/\/api.w.org\/{rel}","templated":true}]}}