 {"id":34136,"date":"2021-10-23T21:06:37","date_gmt":"2021-10-23T19:06:37","guid":{"rendered":"http:\/\/al.comoditahome.com\/?post_type=product&#038;p=34136"},"modified":"2026-04-09T11:54:26","modified_gmt":"2026-04-09T09:54:26","slug":"varese-muri","status":"publish","type":"product","link":"https:\/\/www.comoditahome.com\/al\/product\/varese-muri\/","title":{"rendered":"Var\u00ebse muri"},"content":{"rendered":"","protected":false},"excerpt":{"rendered":"<p style=\"text-align: left;\">Var\u00ebsja e murit, me nj\u00eb pikturim t\u00eb k\u00ebndsh\u00ebm ariu \u00ebsht\u00eb aksesori i preferuar p\u00ebr dhom\u00ebn e m\u00eb t\u00eb vegj\u00eblve tuaj. Vendosni at\u00eb af\u00ebr papafingos, af\u00ebr dollapt t\u00eb rrobave apo n\u00eb banjo tek pjesa e peshqir\u00ebve.<br \/>\n<strong>Dimensioni \/ Kompozicioni:<\/strong> 13x14x4cm<br \/>\n<strong>NGJYRA:<\/strong> Me dizajn<br \/>\n<strong>MATERIALI:<\/strong> Dru<br \/>\n<strong>UDH\u00cbZIMET E P\u00cbRDORIMIT:<\/strong> T\u00eb pastrohet me pastruese pluhuri<br \/>\n<strong>KUSHTET E KTHIMIT \/ GARANCION:<\/strong> P\u00ebr k\u00ebt\u00eb produkt pranohet reklamacion brenda 24 or\u00ebve pasi t\u00eb pranoni porosin\u00eb.<\/p>\n<p><span style=\"color: #ffffff;\">531023301094<\/span><\/p>\n","protected":false},"featured_media":31420,"template":"","meta":[],"product_cat":[54,183,53],"product_tag":[],"_links":{"self":[{"href":"https:\/\/www.comoditahome.com\/al\/wp-json\/wp\/v2\/product\/34136"}],"collection":[{"href":"https:\/\/www.comoditahome.com\/al\/wp-json\/wp\/v2\/product"}],"about":[{"href":"https:\/\/www.comoditahome.com\/al\/wp-json\/wp\/v2\/types\/product"}],"version-history":[{"count":0,"href":"https:\/\/www.comoditahome.com\/al\/wp-json\/wp\/v2\/product\/34136\/revisions"}],"wp:featuredmedia":[{"embeddable":true,"href":"https:\/\/www.comoditahome.com\/al\/wp-json\/wp\/v2\/media\/31420"}],"wp:attachment":[{"href":"https:\/\/www.comoditahome.com\/al\/wp-json\/wp\/v2\/media?parent=34136"}],"wp:term":[{"taxonomy":"product_cat","embeddable":true,"href":"https:\/\/www.comoditahome.com\/al\/wp-json\/wp\/v2\/product_cat?post=34136"},{"taxonomy":"product_tag","embeddable":true,"href":"https:\/\/www.comoditahome.com\/al\/wp-json\/wp\/v2\/product_tag?post=34136"}],"curies":[{"name":"wp","href":"https:\/\/api.w.org\/{rel}","templated":true}]}}