 {"id":34143,"date":"2021-10-23T21:06:51","date_gmt":"2021-10-23T19:06:51","guid":{"rendered":"http:\/\/al.comoditahome.com\/?post_type=product&#038;p=34143"},"modified":"2026-04-23T08:59:48","modified_gmt":"2026-04-23T06:59:48","slug":"tave-me-kapak-earthware","status":"publish","type":"product","link":"https:\/\/www.comoditahome.com\/al\/product\/tave-me-kapak-earthware\/","title":{"rendered":"Tav\u00eb me kapak Earthware"},"content":{"rendered":"","protected":false},"excerpt":{"rendered":"<p style=\"text-align: left;\">Tava me kapak nga linja Earthware vjen e p\u00ebrb\u00ebr\u00eb nga materiali i \u00e7eramik\u00ebs me nj\u00eb dizajn unik. Kapaku i&#8217;u mund\u00ebson nj\u00eb mbyllje kompakte, por tav\u00ebn mund t&#8217;a p\u00ebrdorni edhe t\u00eb hapur kur ju duhen gatime m\u00eb t\u00eb pjekura.<br \/>\n<strong>Dimensioni \/ Kompozicioni:<\/strong> 29x23cm<br \/>\n<strong>NGJYRA:<\/strong> Bezh<br \/>\n<strong>MATERIALI:<\/strong> \u00c7eramik\u00eb<br \/>\n<strong>UDH\u00cbZIMET E P\u00cbRDORIMIT:<\/strong> T\u00eb pastrohet me Dor\u00eb<br \/>\n<strong>KUSHTET E KTHIMIT \/ GARANCION:<\/strong>P\u00ebr k\u00ebt\u00eb produkt pranohet reklamacion brenda 24 or\u00ebve pasi t\u00eb pranoni porosin\u00eb.<\/p>\n","protected":false},"featured_media":31460,"template":"","meta":[],"product_cat":[56,55],"product_tag":[],"_links":{"self":[{"href":"https:\/\/www.comoditahome.com\/al\/wp-json\/wp\/v2\/product\/34143"}],"collection":[{"href":"https:\/\/www.comoditahome.com\/al\/wp-json\/wp\/v2\/product"}],"about":[{"href":"https:\/\/www.comoditahome.com\/al\/wp-json\/wp\/v2\/types\/product"}],"version-history":[{"count":0,"href":"https:\/\/www.comoditahome.com\/al\/wp-json\/wp\/v2\/product\/34143\/revisions"}],"wp:featuredmedia":[{"embeddable":true,"href":"https:\/\/www.comoditahome.com\/al\/wp-json\/wp\/v2\/media\/31460"}],"wp:attachment":[{"href":"https:\/\/www.comoditahome.com\/al\/wp-json\/wp\/v2\/media?parent=34143"}],"wp:term":[{"taxonomy":"product_cat","embeddable":true,"href":"https:\/\/www.comoditahome.com\/al\/wp-json\/wp\/v2\/product_cat?post=34143"},{"taxonomy":"product_tag","embeddable":true,"href":"https:\/\/www.comoditahome.com\/al\/wp-json\/wp\/v2\/product_tag?post=34143"}],"curies":[{"name":"wp","href":"https:\/\/api.w.org\/{rel}","templated":true}]}}