 {"id":34144,"date":"2021-10-23T21:06:51","date_gmt":"2021-10-23T19:06:51","guid":{"rendered":"http:\/\/al.comoditahome.com\/?post_type=product&#038;p=34144"},"modified":"2026-04-23T08:59:48","modified_gmt":"2026-04-23T06:59:48","slug":"shishe-per-vaj-earthware","status":"publish","type":"product","link":"https:\/\/www.comoditahome.com\/al\/product\/shishe-per-vaj-earthware\/","title":{"rendered":"Shishe p\u00ebr vaj Earthware"},"content":{"rendered":"","protected":false},"excerpt":{"rendered":"<p style=\"text-align: left;\">Shishja p\u00ebr vaj ose uthull \u00ebsht\u00eb e domosdoshme p\u00ebr tryez\u00ebn tuaj. Ky aksesor \u00ebsht\u00eb pjes\u00eb e linj\u00ebs Earthware dhe ka nj\u00eb material t\u00eb \u00e7eramik\u00ebs cil\u00ebsore dhe me dizajn unik me grav\u00ebrime gjethesh n\u00eb t\u00eb.<br \/>\n<strong>Dimensioni \/ Kompozicioni:<\/strong><br \/>\n<strong>NGJYRA:<\/strong> Bezh<br \/>\n<strong>MATERIALI:<\/strong> \u00c7eramik\u00eb<br \/>\n<strong>UDH\u00cbZIMET E P\u00cbRDORIMIT:<\/strong> T\u00eb pastrohet me Dor\u00eb<br \/>\n<strong>KUSHTET E KTHIMIT \/ GARANCION:<\/strong>P\u00ebr k\u00ebt\u00eb produkt pranohet reklamacion brenda 24 or\u00ebve pasi t\u00eb pranoni porosin\u00eb.<\/p>\n","protected":false},"featured_media":36444,"template":"","meta":[],"product_cat":[183,58,57],"product_tag":[],"_links":{"self":[{"href":"https:\/\/www.comoditahome.com\/al\/wp-json\/wp\/v2\/product\/34144"}],"collection":[{"href":"https:\/\/www.comoditahome.com\/al\/wp-json\/wp\/v2\/product"}],"about":[{"href":"https:\/\/www.comoditahome.com\/al\/wp-json\/wp\/v2\/types\/product"}],"version-history":[{"count":0,"href":"https:\/\/www.comoditahome.com\/al\/wp-json\/wp\/v2\/product\/34144\/revisions"}],"wp:featuredmedia":[{"embeddable":true,"href":"https:\/\/www.comoditahome.com\/al\/wp-json\/wp\/v2\/media\/36444"}],"wp:attachment":[{"href":"https:\/\/www.comoditahome.com\/al\/wp-json\/wp\/v2\/media?parent=34144"}],"wp:term":[{"taxonomy":"product_cat","embeddable":true,"href":"https:\/\/www.comoditahome.com\/al\/wp-json\/wp\/v2\/product_cat?post=34144"},{"taxonomy":"product_tag","embeddable":true,"href":"https:\/\/www.comoditahome.com\/al\/wp-json\/wp\/v2\/product_tag?post=34144"}],"curies":[{"name":"wp","href":"https:\/\/api.w.org\/{rel}","templated":true}]}}