 {"id":34150,"date":"2021-10-23T21:06:52","date_gmt":"2021-10-23T19:06:52","guid":{"rendered":"http:\/\/al.comoditahome.com\/?post_type=product&#038;p=34150"},"modified":"2026-05-07T09:33:52","modified_gmt":"2026-05-07T07:33:52","slug":"derrase-per-prerje-akacia","status":"publish","type":"product","link":"https:\/\/www.comoditahome.com\/al\/product\/derrase-per-prerje-akacia\/","title":{"rendered":"D\u00ebrras\u00eb p\u00ebr prerje Akacia"},"content":{"rendered":"","protected":false},"excerpt":{"rendered":"<p style=\"text-align: left;\">D\u00ebrrasa p\u00ebr prerje Akacia dallohet p\u00ebr form\u00ebn artistike, trash\u00ebsin\u00eb dhe ngjyr\u00ebn natyrale t\u00eb drurit. P\u00ebrdoreni at\u00eb p\u00ebr t\u00eb prer\u00eb t\u00eb gjitha ushqimet q\u00eb ju duhen n\u00eb m\u00ebnyr\u00eb q\u00eb procesi i gatimit t\u00eb jet\u00eb m\u00eb i shpejt\u00eb dhe kompakt. Por, krahas dizajnit t\u00eb saj unik me detaje ngjyrash n\u00eb secilin cep, kjo d\u00ebrras\u00eb mund t\u00eb p\u00ebrdoret leht\u00ebsisht edhe p\u00ebr servimin e ushqimeve t\u00eb ftohta.<br \/>\n<strong>Dimensioni \/ Kompozicioni:<\/strong>33x12x1cm<br \/>\n<strong>NGJYRA:<\/strong> E kaft\u00eb<br \/>\n<strong>MATERIALI:<\/strong> Dru<br \/>\n<strong>UDH\u00cbZIMET E P\u00cbRDORIMIT:<\/strong> T\u00eb pastrohet me Dor\u00eb<br \/>\n<strong>KUSHTET E KTHIMIT \/ GARANCION:<\/strong>P\u00ebr k\u00ebt\u00eb produkt pranohet reklamacion brenda 24 or\u00ebve pasi t\u00eb pranoni porosin\u00eb.<\/p>\n<p><span style=\"color: #ffffff;\">3907489100962<\/span><\/p>\n<p>&nbsp;<\/p>\n","protected":false},"featured_media":31498,"template":"","meta":[],"product_cat":[58,55,59,57],"product_tag":[],"_links":{"self":[{"href":"https:\/\/www.comoditahome.com\/al\/wp-json\/wp\/v2\/product\/34150"}],"collection":[{"href":"https:\/\/www.comoditahome.com\/al\/wp-json\/wp\/v2\/product"}],"about":[{"href":"https:\/\/www.comoditahome.com\/al\/wp-json\/wp\/v2\/types\/product"}],"version-history":[{"count":0,"href":"https:\/\/www.comoditahome.com\/al\/wp-json\/wp\/v2\/product\/34150\/revisions"}],"wp:featuredmedia":[{"embeddable":true,"href":"https:\/\/www.comoditahome.com\/al\/wp-json\/wp\/v2\/media\/31498"}],"wp:attachment":[{"href":"https:\/\/www.comoditahome.com\/al\/wp-json\/wp\/v2\/media?parent=34150"}],"wp:term":[{"taxonomy":"product_cat","embeddable":true,"href":"https:\/\/www.comoditahome.com\/al\/wp-json\/wp\/v2\/product_cat?post=34150"},{"taxonomy":"product_tag","embeddable":true,"href":"https:\/\/www.comoditahome.com\/al\/wp-json\/wp\/v2\/product_tag?post=34150"}],"curies":[{"name":"wp","href":"https:\/\/api.w.org\/{rel}","templated":true}]}}