 {"id":34153,"date":"2021-10-23T21:06:52","date_gmt":"2021-10-23T19:06:52","guid":{"rendered":"http:\/\/al.comoditahome.com\/?post_type=product&#038;p=34153"},"modified":"2026-04-23T08:59:48","modified_gmt":"2026-04-23T06:59:48","slug":"derrase-per-prerje-akacia-4","status":"publish","type":"product","link":"https:\/\/www.comoditahome.com\/al\/product\/derrase-per-prerje-akacia-4\/","title":{"rendered":"D\u00ebrras\u00eb p\u00ebr prerje Akacia"},"content":{"rendered":"","protected":false},"excerpt":{"rendered":"<p style=\"text-align: left;\"><strong>Dimensioni \/ Kompozicioni:<\/strong> 545x25x1cm<br \/>\n<strong>NGJYRA:<\/strong> E kaft\u00eb<br \/>\n<strong>MATERIALI:<\/strong> Dru<br \/>\n<strong>UDH\u00cbZIMET E P\u00cbRDORIMIT:<\/strong> T\u00eb pastrohet me Dor\u00eb<br \/>\n<strong>KUSHTET E KTHIMIT \/ GARANCION:<\/strong>P\u00ebr k\u00ebt\u00eb produkt pranohet reklamacion brenda 24 or\u00ebve pasi t\u00eb pranoni porosin\u00eb.<\/p>\n<p><span style=\"color: #ffffff;\">3907489110022<\/span><\/p>\n","protected":false},"featured_media":31514,"template":"","meta":[],"product_cat":[58,55,59,57],"product_tag":[],"_links":{"self":[{"href":"https:\/\/www.comoditahome.com\/al\/wp-json\/wp\/v2\/product\/34153"}],"collection":[{"href":"https:\/\/www.comoditahome.com\/al\/wp-json\/wp\/v2\/product"}],"about":[{"href":"https:\/\/www.comoditahome.com\/al\/wp-json\/wp\/v2\/types\/product"}],"version-history":[{"count":0,"href":"https:\/\/www.comoditahome.com\/al\/wp-json\/wp\/v2\/product\/34153\/revisions"}],"wp:featuredmedia":[{"embeddable":true,"href":"https:\/\/www.comoditahome.com\/al\/wp-json\/wp\/v2\/media\/31514"}],"wp:attachment":[{"href":"https:\/\/www.comoditahome.com\/al\/wp-json\/wp\/v2\/media?parent=34153"}],"wp:term":[{"taxonomy":"product_cat","embeddable":true,"href":"https:\/\/www.comoditahome.com\/al\/wp-json\/wp\/v2\/product_cat?post=34153"},{"taxonomy":"product_tag","embeddable":true,"href":"https:\/\/www.comoditahome.com\/al\/wp-json\/wp\/v2\/product_tag?post=34153"}],"curies":[{"name":"wp","href":"https:\/\/api.w.org\/{rel}","templated":true}]}}