 {"id":34180,"date":"2021-10-23T21:07:15","date_gmt":"2021-10-23T19:07:15","guid":{"rendered":"http:\/\/al.comoditahome.com\/?post_type=product&#038;p=34180"},"modified":"2026-04-09T11:54:27","modified_gmt":"2026-04-09T09:54:27","slug":"cajnik-roze","status":"publish","type":"product","link":"https:\/\/www.comoditahome.com\/al\/product\/cajnik-roze\/","title":{"rendered":"\u00c7ajnik Roz\u00eb"},"content":{"rendered":"","protected":false},"excerpt":{"rendered":"<p style=\"text-align: left;\">\u00c7ajniku Roz\u00eb dallohet p\u00ebr dizajnin me nj\u00eb form\u00eb klasike dhe mbajt\u00ebsen shum\u00eb t\u00eb p\u00ebrshtatshme. \u00cbsht\u00eb shum\u00eb i leht\u00eb p\u00ebr t&#8217;u p\u00ebrdorur dhe ka kapacitet ngroh\u00ebs p\u00ebr 1.5l uj\u00eb. Ngroht\u00ebsin\u00eb e merr nga baza 360\u00b0C, q\u00eb \u00ebsht\u00eb e ndar\u00eb nga \u00e7ajniku p\u00ebr nj\u00eb servim m\u00eb kompakt.<br \/>\n<strong>Dimensioni \/ Kompozicioni:<\/strong> 1.5l<br \/>\n<strong>NGJYRA:<\/strong> Roz\u00eb<br \/>\n<strong>MATERIALI:<\/strong> Elektrik\u00eb dhe \u00e7eramik\u00eb<br \/>\n<strong>UDH\u00cbZIMET E P\u00cbRDORIMIT:<\/strong> T\u00eb pastrohet me Dor\u00eb<br \/>\n<strong>KUSHTET E KTHIMIT \/ GARANCION:<\/strong>P\u00ebr k\u00ebt\u00eb produkt pranohet reklamacion brenda 24 or\u00ebve pasi t\u00eb pranoni porosin\u00eb.<\/p>\n","protected":false},"featured_media":31616,"template":"","meta":[],"product_cat":[64,57],"product_tag":[],"_links":{"self":[{"href":"https:\/\/www.comoditahome.com\/al\/wp-json\/wp\/v2\/product\/34180"}],"collection":[{"href":"https:\/\/www.comoditahome.com\/al\/wp-json\/wp\/v2\/product"}],"about":[{"href":"https:\/\/www.comoditahome.com\/al\/wp-json\/wp\/v2\/types\/product"}],"version-history":[{"count":0,"href":"https:\/\/www.comoditahome.com\/al\/wp-json\/wp\/v2\/product\/34180\/revisions"}],"wp:featuredmedia":[{"embeddable":true,"href":"https:\/\/www.comoditahome.com\/al\/wp-json\/wp\/v2\/media\/31616"}],"wp:attachment":[{"href":"https:\/\/www.comoditahome.com\/al\/wp-json\/wp\/v2\/media?parent=34180"}],"wp:term":[{"taxonomy":"product_cat","embeddable":true,"href":"https:\/\/www.comoditahome.com\/al\/wp-json\/wp\/v2\/product_cat?post=34180"},{"taxonomy":"product_tag","embeddable":true,"href":"https:\/\/www.comoditahome.com\/al\/wp-json\/wp\/v2\/product_tag?post=34180"}],"curies":[{"name":"wp","href":"https:\/\/api.w.org\/{rel}","templated":true}]}}