 {"id":34181,"date":"2021-10-23T21:07:15","date_gmt":"2021-10-23T19:07:15","guid":{"rendered":"http:\/\/al.comoditahome.com\/?post_type=product&#038;p=34181"},"modified":"2026-04-23T08:59:49","modified_gmt":"2026-04-23T06:59:49","slug":"set-sherbimi-avons","status":"publish","type":"product","link":"https:\/\/www.comoditahome.com\/al\/product\/set-sherbimi-avons\/","title":{"rendered":"Set sh\u00ebrbimi Avons"},"content":{"rendered":"","protected":false},"excerpt":{"rendered":"<p style=\"text-align: left;\">Ky set p\u00ebr sh\u00ebrbim \u00e7aji, nga linja Avons Gold Effect, vjen ne 18 pjes\u00eb. Dizjani minimal i jep shije k\u00ebtij koleksioni. Kuzhines tuaj i duhet nj\u00eb set i till\u00eb q\u00eb prezantimet tuaja t\u00eb ken\u00eb eleganc\u00eb.<br \/>\n<strong>Dimensioni \/ Kompozicioni:<\/strong> Seti ka 18 pjes\u00eb: 6x gota, 6x lug\u00eb, 6x pjat\u00ebza.<br \/>\n<strong>NGJYRA:<\/strong> Transparente me detaje Ari<br \/>\n<strong>MATERIALI:<\/strong> \u00c7elik dhe qelq<br \/>\n<strong>UDH\u00cbZIMET E P\u00cbRDORIMIT:<\/strong> T\u00eb pastrohet me Dor\u00eb<br \/>\n<strong>KUSHTET E KTHIMIT \/ GARANCION:<\/strong>P\u00ebr k\u00ebt\u00eb produkt pranohet reklamacion brenda 24 or\u00ebve pasi t\u00eb pranoni porosin\u00eb.<\/p>\n","protected":false},"featured_media":31621,"template":"","meta":[],"product_cat":[61,57],"product_tag":[],"_links":{"self":[{"href":"https:\/\/www.comoditahome.com\/al\/wp-json\/wp\/v2\/product\/34181"}],"collection":[{"href":"https:\/\/www.comoditahome.com\/al\/wp-json\/wp\/v2\/product"}],"about":[{"href":"https:\/\/www.comoditahome.com\/al\/wp-json\/wp\/v2\/types\/product"}],"version-history":[{"count":0,"href":"https:\/\/www.comoditahome.com\/al\/wp-json\/wp\/v2\/product\/34181\/revisions"}],"wp:featuredmedia":[{"embeddable":true,"href":"https:\/\/www.comoditahome.com\/al\/wp-json\/wp\/v2\/media\/31621"}],"wp:attachment":[{"href":"https:\/\/www.comoditahome.com\/al\/wp-json\/wp\/v2\/media?parent=34181"}],"wp:term":[{"taxonomy":"product_cat","embeddable":true,"href":"https:\/\/www.comoditahome.com\/al\/wp-json\/wp\/v2\/product_cat?post=34181"},{"taxonomy":"product_tag","embeddable":true,"href":"https:\/\/www.comoditahome.com\/al\/wp-json\/wp\/v2\/product_tag?post=34181"}],"curies":[{"name":"wp","href":"https:\/\/api.w.org\/{rel}","templated":true}]}}