 {"id":34185,"date":"2021-10-23T21:07:16","date_gmt":"2021-10-23T19:07:16","guid":{"rendered":"http:\/\/al.comoditahome.com\/?post_type=product&#038;p=34185"},"modified":"2026-04-23T08:59:50","modified_gmt":"2026-04-23T06:59:50","slug":"set-pjatash-deserti-light-crown","status":"publish","type":"product","link":"https:\/\/www.comoditahome.com\/al\/product\/set-pjatash-deserti-light-crown\/","title":{"rendered":"Set pjatash deserti Light Crown"},"content":{"rendered":"","protected":false},"excerpt":{"rendered":"<p style=\"text-align: left;\">Seti i pjatave t\u00eb desertit Light Crown vjen n\u00eb form\u00eb t\u00eb rrumbullak\u00ebt dhe t\u00eb rrafsh\u00ebt. Ky set, prezantohet me detaje t\u00eb hijshme mbret\u00ebrore t\u00eb cilat kufizojn\u00eb pjatat n\u00eb nj\u00eb imazh final aq autentik.<br \/>\n<strong>Dimensioni \/ Kompozicioni:<\/strong> 20cm, seti ka 6 cop\u00eb<br \/>\n<strong>NGJYRA:<\/strong> Me dizajn<br \/>\n<strong>MATERIALI:<\/strong> Porcelan<br \/>\n<strong>UDH\u00cbZIMET E P\u00cbRDORIMIT:<\/strong> T\u00eb pastrohet me Dor\u00eb<br \/>\n<strong>KUSHTET E KTHIMIT \/ GARANCION:<\/strong>P\u00ebr k\u00ebt\u00eb produkt pranohet reklamacion brenda 24 or\u00ebve pasi t\u00eb pranoni porosin\u00eb.<\/p>\n","protected":false},"featured_media":31643,"template":"","meta":[],"product_cat":[63,57],"product_tag":[],"_links":{"self":[{"href":"https:\/\/www.comoditahome.com\/al\/wp-json\/wp\/v2\/product\/34185"}],"collection":[{"href":"https:\/\/www.comoditahome.com\/al\/wp-json\/wp\/v2\/product"}],"about":[{"href":"https:\/\/www.comoditahome.com\/al\/wp-json\/wp\/v2\/types\/product"}],"version-history":[{"count":2,"href":"https:\/\/www.comoditahome.com\/al\/wp-json\/wp\/v2\/product\/34185\/revisions"}],"predecessor-version":[{"id":89842,"href":"https:\/\/www.comoditahome.com\/al\/wp-json\/wp\/v2\/product\/34185\/revisions\/89842"}],"wp:featuredmedia":[{"embeddable":true,"href":"https:\/\/www.comoditahome.com\/al\/wp-json\/wp\/v2\/media\/31643"}],"wp:attachment":[{"href":"https:\/\/www.comoditahome.com\/al\/wp-json\/wp\/v2\/media?parent=34185"}],"wp:term":[{"taxonomy":"product_cat","embeddable":true,"href":"https:\/\/www.comoditahome.com\/al\/wp-json\/wp\/v2\/product_cat?post=34185"},{"taxonomy":"product_tag","embeddable":true,"href":"https:\/\/www.comoditahome.com\/al\/wp-json\/wp\/v2\/product_tag?post=34185"}],"curies":[{"name":"wp","href":"https:\/\/api.w.org\/{rel}","templated":true}]}}