 {"id":34188,"date":"2021-10-23T21:07:16","date_gmt":"2021-10-23T19:07:16","guid":{"rendered":"http:\/\/al.comoditahome.com\/?post_type=product&#038;p=34188"},"modified":"2026-04-23T08:59:50","modified_gmt":"2026-04-23T06:59:50","slug":"set-pjatash-light-crown","status":"publish","type":"product","link":"https:\/\/www.comoditahome.com\/al\/product\/set-pjatash-light-crown\/","title":{"rendered":"Set pjatash Light Crown"},"content":{"rendered":"","protected":false},"excerpt":{"rendered":"<p style=\"text-align: left;\">Seti i pjatave Light Crown \u00ebsht\u00eb i p\u00ebrshtatsh\u00ebm p\u00ebr 6 persona. Ky set, prezantohet me detaje t\u00eb hijshme mbret\u00ebrore t\u00eb cilat dekorojn\u00eb secil\u00ebn nga pjes\u00ebt e k\u00ebtij seti n\u00eb elemente me imazh final aq autentike.<br \/>\n<strong>Dimensioni \/ Kompozicioni:<\/strong> Seti ka 25 pjes\u00eb: 6x pjata p\u00ebr ushqim, 6x pjata p\u00ebr desert, 6x pjata t\u00eb sup\u00ebs, 6x tas sallate, 1x en\u00eb e thell\u00eb p\u00ebr sallat\u00eb.<br \/>\n<strong>NGJYRA:<\/strong> Me dizajn<br \/>\n<strong>MATERIALI:<\/strong> Porcelan<br \/>\n<strong>UDH\u00cbZIMET E P\u00cbRDORIMIT:<\/strong> T\u00eb pastrohet me Dor\u00eb<br \/>\n<strong>KUSHTET E KTHIMIT \/ GARANCION:<\/strong>P\u00ebr k\u00ebt\u00eb produkt pranohet reklamacion brenda 24 or\u00ebve pasi t\u00eb pranoni porosin\u00eb.<\/p>\n","protected":false},"featured_media":31665,"template":"","meta":[],"product_cat":[63,57],"product_tag":[],"_links":{"self":[{"href":"https:\/\/www.comoditahome.com\/al\/wp-json\/wp\/v2\/product\/34188"}],"collection":[{"href":"https:\/\/www.comoditahome.com\/al\/wp-json\/wp\/v2\/product"}],"about":[{"href":"https:\/\/www.comoditahome.com\/al\/wp-json\/wp\/v2\/types\/product"}],"version-history":[{"count":2,"href":"https:\/\/www.comoditahome.com\/al\/wp-json\/wp\/v2\/product\/34188\/revisions"}],"predecessor-version":[{"id":89840,"href":"https:\/\/www.comoditahome.com\/al\/wp-json\/wp\/v2\/product\/34188\/revisions\/89840"}],"wp:featuredmedia":[{"embeddable":true,"href":"https:\/\/www.comoditahome.com\/al\/wp-json\/wp\/v2\/media\/31665"}],"wp:attachment":[{"href":"https:\/\/www.comoditahome.com\/al\/wp-json\/wp\/v2\/media?parent=34188"}],"wp:term":[{"taxonomy":"product_cat","embeddable":true,"href":"https:\/\/www.comoditahome.com\/al\/wp-json\/wp\/v2\/product_cat?post=34188"},{"taxonomy":"product_tag","embeddable":true,"href":"https:\/\/www.comoditahome.com\/al\/wp-json\/wp\/v2\/product_tag?post=34188"}],"curies":[{"name":"wp","href":"https:\/\/api.w.org\/{rel}","templated":true}]}}