 {"id":34197,"date":"2021-10-23T21:07:27","date_gmt":"2021-10-23T19:07:27","guid":{"rendered":"http:\/\/al.comoditahome.com\/?post_type=product&#038;p=34197"},"modified":"2026-03-02T09:11:16","modified_gmt":"2026-03-02T07:11:16","slug":"set-filxhanesh-kafeje-romantic-te-bardhe","status":"publish","type":"product","link":"https:\/\/www.comoditahome.com\/al\/product\/set-filxhanesh-kafeje-romantic-te-bardhe\/","title":{"rendered":"Set filxhan\u00ebsh kafeje Romantic t\u00eb bardh\u00eb"},"content":{"rendered":"","protected":false},"excerpt":{"rendered":"<p style=\"text-align: left;\">Seti i filxhan\u00ebve t\u00eb kafes\u00eb Romantic me ngjyr\u00eb t\u00eb bardh\u00eb, vjen n\u00eb madh\u00ebsi standarde t\u00eb vog\u00ebl, t\u00eb p\u00ebrshtatshme p\u00ebr servimin e kafes\u00eb. Ky set special, prezantohet n\u00eb nj\u00eb imazh klasik i cili theksohet nga nj\u00eb vij\u00eb e bukur ari, q\u00eb i reziston trendeve t\u00eb p\u00ebrkohshme dhe \u00ebsht\u00eb i p\u00ebrkryer p\u00ebr rastet e p\u00ebrditshme apo ahengjet e ndryshme.<br \/>\n<strong>Dimensioni \/ Kompozicioni:<\/strong> 90ml, 12 pjes\u00eb: 6x filxhan\u00eb, 6x pjat\u00ebza<br \/>\n<strong>NGJYRA:<\/strong> Me dizajn<br \/>\n<strong>MATERIALI:<\/strong> Porcelan<br \/>\n<strong>UDH\u00cbZIMET E P\u00cbRDORIMIT:<\/strong> T\u00eb pastrohet me Dor\u00eb<br \/>\n<strong>KUSHTET E KTHIMIT \/ GARANCION:<\/strong>P\u00ebr k\u00ebt\u00eb produkt pranohet reklamacion brenda 24 or\u00ebve pasi t\u00eb pranoni porosin\u00eb.<\/p>\n","protected":false},"featured_media":31723,"template":"","meta":[],"product_cat":[62,55,57],"product_tag":[],"_links":{"self":[{"href":"https:\/\/www.comoditahome.com\/al\/wp-json\/wp\/v2\/product\/34197"}],"collection":[{"href":"https:\/\/www.comoditahome.com\/al\/wp-json\/wp\/v2\/product"}],"about":[{"href":"https:\/\/www.comoditahome.com\/al\/wp-json\/wp\/v2\/types\/product"}],"version-history":[{"count":0,"href":"https:\/\/www.comoditahome.com\/al\/wp-json\/wp\/v2\/product\/34197\/revisions"}],"wp:featuredmedia":[{"embeddable":true,"href":"https:\/\/www.comoditahome.com\/al\/wp-json\/wp\/v2\/media\/31723"}],"wp:attachment":[{"href":"https:\/\/www.comoditahome.com\/al\/wp-json\/wp\/v2\/media?parent=34197"}],"wp:term":[{"taxonomy":"product_cat","embeddable":true,"href":"https:\/\/www.comoditahome.com\/al\/wp-json\/wp\/v2\/product_cat?post=34197"},{"taxonomy":"product_tag","embeddable":true,"href":"https:\/\/www.comoditahome.com\/al\/wp-json\/wp\/v2\/product_tag?post=34197"}],"curies":[{"name":"wp","href":"https:\/\/api.w.org\/{rel}","templated":true}]}}