 {"id":34198,"date":"2021-10-23T21:07:27","date_gmt":"2021-10-23T19:07:27","guid":{"rendered":"http:\/\/al.comoditahome.com\/?post_type=product&#038;p=34198"},"modified":"2026-03-02T09:11:16","modified_gmt":"2026-03-02T07:11:16","slug":"set-filxhanesh-caji-sea-bliss","status":"publish","type":"product","link":"https:\/\/www.comoditahome.com\/al\/product\/set-filxhanesh-caji-sea-bliss\/","title":{"rendered":"Set filxhan\u00ebsh \u00e7aji Sea Bliss"},"content":{"rendered":"","protected":false},"excerpt":{"rendered":"<p style=\"text-align: left;\">Seti i filxhan\u00ebve t\u00eb \u00e7ajit Sea Bliss vjen n\u00eb madh\u00ebsi standarde, t\u00eb p\u00ebrshtatshme p\u00ebr servimin e \u00e7ajit apo kafeve t\u00eb ndryshme me krem. K\u00ebta filxhan\u00eb dallohen nga pikturimi i inspiruar prej ngjyrave t\u00eb bukura t\u00eb gjurm\u00ebve t\u00eb detit dhe hijezime artistike t\u00eb arta.<br \/>\n<strong>Dimensioni \/ Kompozicioni:<\/strong> 200ml, 12 pjes\u00eb: 6x filxhan\u00eb, 6x pjat\u00ebza<br \/>\n<strong>NGJYRA:<\/strong> Me dizajn<br \/>\n<strong>MATERIALI:<\/strong> Porcelan<br \/>\n<strong>UDH\u00cbZIMET E P\u00cbRDORIMIT:<\/strong> T\u00eb pastrohet me Dor\u00eb<br \/>\n<strong>KUSHTET E KTHIMIT \/ GARANCION:<\/strong>P\u00ebr k\u00ebt\u00eb produkt pranohet reklamacion brenda 24 or\u00ebve pasi t\u00eb pranoni porosin\u00eb.<\/p>\n<\/div>\n<p><span style=\"color: #ffffff;\">3907489140586<\/span><\/p>\n","protected":false},"featured_media":31728,"template":"","meta":[],"product_cat":[61,55,57],"product_tag":[],"_links":{"self":[{"href":"https:\/\/www.comoditahome.com\/al\/wp-json\/wp\/v2\/product\/34198"}],"collection":[{"href":"https:\/\/www.comoditahome.com\/al\/wp-json\/wp\/v2\/product"}],"about":[{"href":"https:\/\/www.comoditahome.com\/al\/wp-json\/wp\/v2\/types\/product"}],"version-history":[{"count":2,"href":"https:\/\/www.comoditahome.com\/al\/wp-json\/wp\/v2\/product\/34198\/revisions"}],"predecessor-version":[{"id":83624,"href":"https:\/\/www.comoditahome.com\/al\/wp-json\/wp\/v2\/product\/34198\/revisions\/83624"}],"wp:featuredmedia":[{"embeddable":true,"href":"https:\/\/www.comoditahome.com\/al\/wp-json\/wp\/v2\/media\/31728"}],"wp:attachment":[{"href":"https:\/\/www.comoditahome.com\/al\/wp-json\/wp\/v2\/media?parent=34198"}],"wp:term":[{"taxonomy":"product_cat","embeddable":true,"href":"https:\/\/www.comoditahome.com\/al\/wp-json\/wp\/v2\/product_cat?post=34198"},{"taxonomy":"product_tag","embeddable":true,"href":"https:\/\/www.comoditahome.com\/al\/wp-json\/wp\/v2\/product_tag?post=34198"}],"curies":[{"name":"wp","href":"https:\/\/api.w.org\/{rel}","templated":true}]}}