 {"id":34203,"date":"2021-10-23T21:07:27","date_gmt":"2021-10-23T19:07:27","guid":{"rendered":"http:\/\/al.comoditahome.com\/?post_type=product&#038;p=34203"},"modified":"2026-04-23T08:59:50","modified_gmt":"2026-04-23T06:59:50","slug":"set-filxhanesh-kafeje-wanderlust","status":"publish","type":"product","link":"https:\/\/www.comoditahome.com\/al\/product\/set-filxhanesh-kafeje-wanderlust\/","title":{"rendered":"Set filxhan\u00ebsh kafeje Wanderlust"},"content":{"rendered":"","protected":false},"excerpt":{"rendered":"<p style=\"text-align: left;\">Seti i filxhan\u00ebve t\u00eb kafes\u00eb Wanderlust vjen n\u00eb madh\u00ebsi standarde t\u00eb vog\u00ebl, t\u00eb p\u00ebrshtatshme p\u00ebr servimin e kafes\u00eb. Ky set special, prezantohet n\u00eb pikturime t\u00eb ve\u00e7anta t\u00eb ngjyrave dhe gjurm\u00ebve t\u00eb natyr\u00ebs. Si vet fjala, wanderlust, q\u00eb \u00ebsht\u00eb e bukura e \u00ebndjes dhe d\u00ebshirave, nj\u00eblloj edhe kjo linj\u00eb, \u00ebsht\u00eb e bukur n\u00eb \u00e7do detaj t\u00eb saj.<br \/>\n<strong>Dimensioni \/ Kompozicioni:<\/strong> 90ml, 12 pjes\u00eb: 6x filxhan\u00eb, 6x pjat\u00ebza<br \/>\n<strong>NGJYRA:<\/strong> Me dizajn<br \/>\n<strong>MATERIALI:<\/strong> Porcelan<br \/>\n<strong>UDH\u00cbZIMET E P\u00cbRDORIMIT:<\/strong> T\u00eb pastrohet me Dor\u00eb<br \/>\n<strong>KUSHTET E KTHIMIT \/ GARANCION:<\/strong>P\u00ebr k\u00ebt\u00eb produkt pranohet reklamacion brenda 24 or\u00ebve pasi t\u00eb pranoni porosin\u00eb.<\/p>\n","protected":false},"featured_media":31767,"template":"","meta":[],"product_cat":[62,55,57],"product_tag":[],"_links":{"self":[{"href":"https:\/\/www.comoditahome.com\/al\/wp-json\/wp\/v2\/product\/34203"}],"collection":[{"href":"https:\/\/www.comoditahome.com\/al\/wp-json\/wp\/v2\/product"}],"about":[{"href":"https:\/\/www.comoditahome.com\/al\/wp-json\/wp\/v2\/types\/product"}],"version-history":[{"count":0,"href":"https:\/\/www.comoditahome.com\/al\/wp-json\/wp\/v2\/product\/34203\/revisions"}],"wp:featuredmedia":[{"embeddable":true,"href":"https:\/\/www.comoditahome.com\/al\/wp-json\/wp\/v2\/media\/31767"}],"wp:attachment":[{"href":"https:\/\/www.comoditahome.com\/al\/wp-json\/wp\/v2\/media?parent=34203"}],"wp:term":[{"taxonomy":"product_cat","embeddable":true,"href":"https:\/\/www.comoditahome.com\/al\/wp-json\/wp\/v2\/product_cat?post=34203"},{"taxonomy":"product_tag","embeddable":true,"href":"https:\/\/www.comoditahome.com\/al\/wp-json\/wp\/v2\/product_tag?post=34203"}],"curies":[{"name":"wp","href":"https:\/\/api.w.org\/{rel}","templated":true}]}}