 {"id":34209,"date":"2021-10-23T21:07:28","date_gmt":"2021-10-23T19:07:28","guid":{"rendered":"http:\/\/al.comoditahome.com\/?post_type=product&#038;p=34209"},"modified":"2026-03-02T09:11:16","modified_gmt":"2026-03-02T07:11:16","slug":"set-pjatash-deserti-gladiola","status":"publish","type":"product","link":"https:\/\/www.comoditahome.com\/al\/product\/set-pjatash-deserti-gladiola\/","title":{"rendered":"Set pjatash deserti Gladiola"},"content":{"rendered":"","protected":false},"excerpt":{"rendered":"<p style=\"text-align: left;\">Seti i pjatave t\u00eb desertit Gladiola vjen n\u00eb form\u00eb t\u00eb rrumbullak\u00ebt dhe t\u00eb rrafsh\u00ebt. K\u00ebto pjata jan\u00eb t\u00eb veshura me modelin e bukur t\u00eb hijezimit t\u00eb luleve n\u00eb ngjyra pastele. Japni fokus ushqimeve tuaja mahnitsh\u00ebm.<br \/>\n<strong>Dimensioni \/ Kompozicioni:<\/strong> 20cm, seti ka 6 cop\u00eb<br \/>\n<strong>NGJYRA:<\/strong> Me dizajn<br \/>\n<strong>MATERIALI:<\/strong> Porcelan<br \/>\n<strong>UDH\u00cbZIMET E P\u00cbRDORIMIT:<\/strong> T\u00eb pastrohet me Dor\u00eb<br \/>\n<strong>KUSHTET E KTHIMIT \/ GARANCION:<\/strong>P\u00ebr k\u00ebt\u00eb produkt pranohet reklamacion brenda 24 or\u00ebve pasi t\u00eb pranoni porosin\u00eb.<\/p>\n","protected":false},"featured_media":31800,"template":"","meta":[],"product_cat":[55,63,57],"product_tag":[],"_links":{"self":[{"href":"https:\/\/www.comoditahome.com\/al\/wp-json\/wp\/v2\/product\/34209"}],"collection":[{"href":"https:\/\/www.comoditahome.com\/al\/wp-json\/wp\/v2\/product"}],"about":[{"href":"https:\/\/www.comoditahome.com\/al\/wp-json\/wp\/v2\/types\/product"}],"version-history":[{"count":1,"href":"https:\/\/www.comoditahome.com\/al\/wp-json\/wp\/v2\/product\/34209\/revisions"}],"predecessor-version":[{"id":71934,"href":"https:\/\/www.comoditahome.com\/al\/wp-json\/wp\/v2\/product\/34209\/revisions\/71934"}],"wp:featuredmedia":[{"embeddable":true,"href":"https:\/\/www.comoditahome.com\/al\/wp-json\/wp\/v2\/media\/31800"}],"wp:attachment":[{"href":"https:\/\/www.comoditahome.com\/al\/wp-json\/wp\/v2\/media?parent=34209"}],"wp:term":[{"taxonomy":"product_cat","embeddable":true,"href":"https:\/\/www.comoditahome.com\/al\/wp-json\/wp\/v2\/product_cat?post=34209"},{"taxonomy":"product_tag","embeddable":true,"href":"https:\/\/www.comoditahome.com\/al\/wp-json\/wp\/v2\/product_tag?post=34209"}],"curies":[{"name":"wp","href":"https:\/\/api.w.org\/{rel}","templated":true}]}}