 {"id":34210,"date":"2021-10-23T21:07:28","date_gmt":"2021-10-23T19:07:28","guid":{"rendered":"http:\/\/al.comoditahome.com\/?post_type=product&#038;p=34210"},"modified":"2026-03-02T09:11:16","modified_gmt":"2026-03-02T07:11:16","slug":"set-pjatash-deserti-wanderlust","status":"publish","type":"product","link":"https:\/\/www.comoditahome.com\/al\/product\/set-pjatash-deserti-wanderlust\/","title":{"rendered":"Set pjatash deserti wanderlust"},"content":{"rendered":"","protected":false},"excerpt":{"rendered":"<p style=\"text-align: left;\">Seti i pjatave t\u00eb desertit Wanderlust vjen n\u00eb form\u00eb t\u00eb rrumbullak\u00ebt dhe t\u00eb rrafsh\u00ebt. Ky set special, prezantohet n\u00eb pikturime t\u00eb ve\u00e7anta t\u00eb ngjyrave dhe gjurm\u00ebve t\u00eb natyr\u00ebs. Si vet fjala, wanderlust, q\u00eb \u00ebsht\u00eb e bukura e \u00ebndjes dhe d\u00ebshirave, nj\u00eblloj edhe kjo linj\u00eb, \u00ebsht\u00eb e bukur n\u00eb \u00e7do detaj t\u00eb saj.<br \/>\n<strong>Dimensioni \/ Kompozicioni:<\/strong> 20cm, seti ka 6 cop\u00eb<br \/>\n<strong>NGJYRA:<\/strong> Me dizajn<br \/>\n<strong>MATERIALI:<\/strong> Porcelan<br \/>\n<strong>UDH\u00cbZIMET E P\u00cbRDORIMIT:<\/strong> T\u00eb pastrohet me Dor\u00eb<br \/>\n<strong>KUSHTET E KTHIMIT \/ GARANCION:<\/strong>P\u00ebr k\u00ebt\u00eb produkt pranohet reklamacion brenda 24 or\u00ebve pasi t\u00eb pranoni porosin\u00eb.<\/p>\n","protected":false},"featured_media":31807,"template":"","meta":[],"product_cat":[55,63,57],"product_tag":[],"_links":{"self":[{"href":"https:\/\/www.comoditahome.com\/al\/wp-json\/wp\/v2\/product\/34210"}],"collection":[{"href":"https:\/\/www.comoditahome.com\/al\/wp-json\/wp\/v2\/product"}],"about":[{"href":"https:\/\/www.comoditahome.com\/al\/wp-json\/wp\/v2\/types\/product"}],"version-history":[{"count":1,"href":"https:\/\/www.comoditahome.com\/al\/wp-json\/wp\/v2\/product\/34210\/revisions"}],"predecessor-version":[{"id":71935,"href":"https:\/\/www.comoditahome.com\/al\/wp-json\/wp\/v2\/product\/34210\/revisions\/71935"}],"wp:featuredmedia":[{"embeddable":true,"href":"https:\/\/www.comoditahome.com\/al\/wp-json\/wp\/v2\/media\/31807"}],"wp:attachment":[{"href":"https:\/\/www.comoditahome.com\/al\/wp-json\/wp\/v2\/media?parent=34210"}],"wp:term":[{"taxonomy":"product_cat","embeddable":true,"href":"https:\/\/www.comoditahome.com\/al\/wp-json\/wp\/v2\/product_cat?post=34210"},{"taxonomy":"product_tag","embeddable":true,"href":"https:\/\/www.comoditahome.com\/al\/wp-json\/wp\/v2\/product_tag?post=34210"}],"curies":[{"name":"wp","href":"https:\/\/api.w.org\/{rel}","templated":true}]}}