 {"id":34211,"date":"2021-10-23T21:07:28","date_gmt":"2021-10-23T19:07:28","guid":{"rendered":"http:\/\/al.comoditahome.com\/?post_type=product&#038;p=34211"},"modified":"2026-04-23T08:59:50","modified_gmt":"2026-04-23T06:59:50","slug":"set-per-kryp-dhe-piper-earthware","status":"publish","type":"product","link":"https:\/\/www.comoditahome.com\/al\/product\/set-per-kryp-dhe-piper-earthware\/","title":{"rendered":"Set p\u00ebr kryp dhe piper Earthware"},"content":{"rendered":"","protected":false},"excerpt":{"rendered":"<p style=\"text-align: left;\">Seti i krypor\u00ebs dhe piperit nga linja Earthware, vjen i punuar me material porcelani duke mbrojtur k\u00ebshtu er\u00ebzat tuaja nga lag\u00ebshtia. Dizajni unik n\u00eb pjes\u00ebn e poshtme dhe forma praktike e b\u00ebn\u00eb k\u00ebt\u00eb set ende m\u00eb t\u00eb ve\u00e7ant\u00eb.<br \/>\n<strong>Dimensioni \/ Kompozicioni:<\/strong> 2 cop\u00eb<br \/>\n<strong>NGJYRA:<\/strong> E gjelb\u00ebr<br \/>\n<strong>MATERIALI:<\/strong> \u00c7eramik\u00eb<br \/>\n<strong>UDH\u00cbZIMET E P\u00cbRDORIMIT:<\/strong> T\u00eb pastrohet me Dor\u00eb<br \/>\n<strong>KUSHTET E KTHIMIT \/ GARANCION:<\/strong>P\u00ebr k\u00ebt\u00eb produkt pranohet reklamacion brenda 24 or\u00ebve pasi t\u00eb pranoni porosin\u00eb.<\/p>\n","protected":false},"featured_media":31815,"template":"","meta":[],"product_cat":[183,58,55,57],"product_tag":[],"_links":{"self":[{"href":"https:\/\/www.comoditahome.com\/al\/wp-json\/wp\/v2\/product\/34211"}],"collection":[{"href":"https:\/\/www.comoditahome.com\/al\/wp-json\/wp\/v2\/product"}],"about":[{"href":"https:\/\/www.comoditahome.com\/al\/wp-json\/wp\/v2\/types\/product"}],"version-history":[{"count":0,"href":"https:\/\/www.comoditahome.com\/al\/wp-json\/wp\/v2\/product\/34211\/revisions"}],"wp:featuredmedia":[{"embeddable":true,"href":"https:\/\/www.comoditahome.com\/al\/wp-json\/wp\/v2\/media\/31815"}],"wp:attachment":[{"href":"https:\/\/www.comoditahome.com\/al\/wp-json\/wp\/v2\/media?parent=34211"}],"wp:term":[{"taxonomy":"product_cat","embeddable":true,"href":"https:\/\/www.comoditahome.com\/al\/wp-json\/wp\/v2\/product_cat?post=34211"},{"taxonomy":"product_tag","embeddable":true,"href":"https:\/\/www.comoditahome.com\/al\/wp-json\/wp\/v2\/product_tag?post=34211"}],"curies":[{"name":"wp","href":"https:\/\/api.w.org\/{rel}","templated":true}]}}