 {"id":34217,"date":"2021-10-23T21:07:29","date_gmt":"2021-10-23T19:07:29","guid":{"rendered":"http:\/\/al.comoditahome.com\/?post_type=product&#038;p=34217"},"modified":"2026-04-23T08:59:51","modified_gmt":"2026-04-23T06:59:51","slug":"pjate-servimi-earthware-5","status":"publish","type":"product","link":"https:\/\/www.comoditahome.com\/al\/product\/pjate-servimi-earthware-5\/","title":{"rendered":"Pjat\u00eb servimi Earthware"},"content":{"rendered":"","protected":false},"excerpt":{"rendered":"<p style=\"text-align: left;\">Pjata oktagonale nga linja Earthware, vjen n\u00eb nj\u00eb form\u00eb 8 k\u00ebnd\u00ebshe me thell\u00ebsi prej 5cm. Me ngjyr\u00eb t\u00eb verdh\u00eb, kjo pjat\u00eb takon stili aziatik t\u00eb servimit dhe \u00ebsht\u00eb e p\u00ebrkryer p\u00ebr servimin e ushqimeve me v\u00ebllim.<br \/>\n<strong>Dimensioni \/ Kompozicioni:<\/strong> 15x15x5cm<br \/>\n<strong>NGJYRA:<\/strong> E bardh\u00eb<br \/>\n<strong>MATERIALI:<\/strong> Gur\u00eb<br \/>\n<strong>UDH\u00cbZIMET E P\u00cbRDORIMIT:<\/strong> T\u00eb pastrohet me Dor\u00eb<br \/>\n<strong>KUSHTET E KTHIMIT \/ GARANCION:<\/strong>P\u00ebr k\u00ebt\u00eb produkt pranohet reklamacion brenda 24 or\u00ebve pasi t\u00eb pranoni porosin\u00eb.<\/p>\n","protected":false},"featured_media":31847,"template":"","meta":[],"product_cat":[183,58,55,57],"product_tag":[],"_links":{"self":[{"href":"https:\/\/www.comoditahome.com\/al\/wp-json\/wp\/v2\/product\/34217"}],"collection":[{"href":"https:\/\/www.comoditahome.com\/al\/wp-json\/wp\/v2\/product"}],"about":[{"href":"https:\/\/www.comoditahome.com\/al\/wp-json\/wp\/v2\/types\/product"}],"version-history":[{"count":0,"href":"https:\/\/www.comoditahome.com\/al\/wp-json\/wp\/v2\/product\/34217\/revisions"}],"wp:featuredmedia":[{"embeddable":true,"href":"https:\/\/www.comoditahome.com\/al\/wp-json\/wp\/v2\/media\/31847"}],"wp:attachment":[{"href":"https:\/\/www.comoditahome.com\/al\/wp-json\/wp\/v2\/media?parent=34217"}],"wp:term":[{"taxonomy":"product_cat","embeddable":true,"href":"https:\/\/www.comoditahome.com\/al\/wp-json\/wp\/v2\/product_cat?post=34217"},{"taxonomy":"product_tag","embeddable":true,"href":"https:\/\/www.comoditahome.com\/al\/wp-json\/wp\/v2\/product_tag?post=34217"}],"curies":[{"name":"wp","href":"https:\/\/api.w.org\/{rel}","templated":true}]}}