 {"id":34218,"date":"2021-10-23T21:07:29","date_gmt":"2021-10-23T19:07:29","guid":{"rendered":"http:\/\/al.comoditahome.com\/?post_type=product&#038;p=34218"},"modified":"2026-04-23T08:59:51","modified_gmt":"2026-04-23T06:59:51","slug":"pjate-servimi-earthware-6","status":"publish","type":"product","link":"https:\/\/www.comoditahome.com\/al\/product\/pjate-servimi-earthware-6\/","title":{"rendered":"Pjat\u00eb servimi Earthware"},"content":{"rendered":"","protected":false},"excerpt":{"rendered":"<p style=\"text-align: left;\">Pjata heksagonale nga linja Earthware vjen n\u00eb nj\u00eb form\u00eb unike me thell\u00ebsi prej 6cm. Me k\u00ebndet simetrike me 6 cepe, kjo en\u00eb \u00ebsht\u00eb e p\u00ebrkryer p\u00ebr servimin e sallatave apo ushqimeve tuaja t\u00eb preferuara.<br \/>\n<strong>Dimensioni \/ Kompozicioni:<\/strong> 12x11x6cm<br \/>\n<strong>NGJYRA:<\/strong> E bardh\u00eb<br \/>\n<strong>MATERIALI:<\/strong> Gur\u00eb<br \/>\n<strong>UDH\u00cbZIMET E P\u00cbRDORIMIT:<\/strong> T\u00eb pastrohet me Dor\u00eb<br \/>\n<strong>KUSHTET E KTHIMIT \/ GARANCION:<\/strong>P\u00ebr k\u00ebt\u00eb produkt pranohet reklamacion brenda 24 or\u00ebve pasi t\u00eb pranoni porosin\u00eb.<\/p>\n","protected":false},"featured_media":31852,"template":"","meta":[],"product_cat":[183,58,55,57],"product_tag":[],"_links":{"self":[{"href":"https:\/\/www.comoditahome.com\/al\/wp-json\/wp\/v2\/product\/34218"}],"collection":[{"href":"https:\/\/www.comoditahome.com\/al\/wp-json\/wp\/v2\/product"}],"about":[{"href":"https:\/\/www.comoditahome.com\/al\/wp-json\/wp\/v2\/types\/product"}],"version-history":[{"count":0,"href":"https:\/\/www.comoditahome.com\/al\/wp-json\/wp\/v2\/product\/34218\/revisions"}],"wp:featuredmedia":[{"embeddable":true,"href":"https:\/\/www.comoditahome.com\/al\/wp-json\/wp\/v2\/media\/31852"}],"wp:attachment":[{"href":"https:\/\/www.comoditahome.com\/al\/wp-json\/wp\/v2\/media?parent=34218"}],"wp:term":[{"taxonomy":"product_cat","embeddable":true,"href":"https:\/\/www.comoditahome.com\/al\/wp-json\/wp\/v2\/product_cat?post=34218"},{"taxonomy":"product_tag","embeddable":true,"href":"https:\/\/www.comoditahome.com\/al\/wp-json\/wp\/v2\/product_tag?post=34218"}],"curies":[{"name":"wp","href":"https:\/\/api.w.org\/{rel}","templated":true}]}}