 {"id":34223,"date":"2021-10-23T21:07:30","date_gmt":"2021-10-23T19:07:30","guid":{"rendered":"http:\/\/al.comoditahome.com\/?post_type=product&#038;p=34223"},"modified":"2026-04-23T08:59:51","modified_gmt":"2026-04-23T06:59:51","slug":"pjate-servimi-earthware-11","status":"publish","type":"product","link":"https:\/\/www.comoditahome.com\/al\/product\/pjate-servimi-earthware-11\/","title":{"rendered":"Pjat\u00eb servimi Earthware"},"content":{"rendered":"","protected":false},"excerpt":{"rendered":"<p style=\"text-align: left;\">Pjata oktagonale nga linja Earthware vjen n\u00eb nj\u00eb form\u00eb 8 k\u00ebnd\u00ebshe me thell\u00ebsi prej 5cm. N\u00eb k\u00ebt\u00eb pjat\u00eb unike ngjyr\u00eb gri, do t&#8217;i sjellni nj\u00eb fokus t\u00eb ve\u00e7ant\u00eb ushqimit juaj t\u00eb preferuar.<br \/>\n<strong>Dimensioni \/ Kompozicioni:<\/strong> 26x26x5cm<br \/>\n<strong>NGJYRA:<\/strong> Hiri<br \/>\n<strong>MATERIALI:<\/strong> Gur\u00eb<br \/>\n<strong>UDH\u00cbZIMET E P\u00cbRDORIMIT:<\/strong> T\u00eb pastrohet me Dor\u00eb<br \/>\n<strong>KUSHTET E KTHIMIT \/ GARANCION:<\/strong>P\u00ebr k\u00ebt\u00eb produkt pranohet reklamacion brenda 24 or\u00ebve pasi t\u00eb pranoni porosin\u00eb.<\/p>\n","protected":false},"featured_media":31885,"template":"","meta":[],"product_cat":[183,58,55,57],"product_tag":[],"_links":{"self":[{"href":"https:\/\/www.comoditahome.com\/al\/wp-json\/wp\/v2\/product\/34223"}],"collection":[{"href":"https:\/\/www.comoditahome.com\/al\/wp-json\/wp\/v2\/product"}],"about":[{"href":"https:\/\/www.comoditahome.com\/al\/wp-json\/wp\/v2\/types\/product"}],"version-history":[{"count":0,"href":"https:\/\/www.comoditahome.com\/al\/wp-json\/wp\/v2\/product\/34223\/revisions"}],"wp:featuredmedia":[{"embeddable":true,"href":"https:\/\/www.comoditahome.com\/al\/wp-json\/wp\/v2\/media\/31885"}],"wp:attachment":[{"href":"https:\/\/www.comoditahome.com\/al\/wp-json\/wp\/v2\/media?parent=34223"}],"wp:term":[{"taxonomy":"product_cat","embeddable":true,"href":"https:\/\/www.comoditahome.com\/al\/wp-json\/wp\/v2\/product_cat?post=34223"},{"taxonomy":"product_tag","embeddable":true,"href":"https:\/\/www.comoditahome.com\/al\/wp-json\/wp\/v2\/product_tag?post=34223"}],"curies":[{"name":"wp","href":"https:\/\/api.w.org\/{rel}","templated":true}]}}