 {"id":34228,"date":"2021-10-23T21:07:39","date_gmt":"2021-10-23T19:07:39","guid":{"rendered":"http:\/\/al.comoditahome.com\/?post_type=product&#038;p=34228"},"modified":"2026-04-23T08:59:51","modified_gmt":"2026-04-23T06:59:51","slug":"set-pjatash-deserti-flax","status":"publish","type":"product","link":"https:\/\/www.comoditahome.com\/al\/product\/set-pjatash-deserti-flax\/","title":{"rendered":"Set pjatash deserti Flax"},"content":{"rendered":"","protected":false},"excerpt":{"rendered":"<p>Pjatat e desertit Flax kan\u00eb form\u00ebn e rrumbullak\u00ebt t\u00eb konturuara n\u00eb mas\u00eb standarde t\u00eb rrafsh\u00ebt. N\u00eb gjith\u00eb sip\u00ebrfaqen e tyre kan\u00eb t\u00eb pikturuar me detaje pamjen e nj\u00eb lule q\u00eb hijeshon tryez\u00ebn tuaj n\u00eb \u00e7do rast.<br \/>\n<strong>Dimensioni \/ Kompozicioni:<\/strong> 20cm, seti ka 6 cop\u00eb<br \/>\n<strong>NGJYRA:<\/strong> Me dizajn<br \/>\n<strong>MATERIALI:<\/strong> Porcelan<br \/>\n<strong>UDH\u00cbZIMET E P\u00cbRDORIMIT:<\/strong> T\u00eb pastrohet me Dor\u00eb<br \/>\n<strong>KUSHTET E KTHIMIT \/ GARANCION:<\/strong>P\u00ebr k\u00ebt\u00eb produkt pranohet reklamacion brenda 24 or\u00ebve pasi t\u00eb pranoni porosin\u00eb.<\/p>\n","protected":false},"featured_media":31911,"template":"","meta":[],"product_cat":[58,55,57],"product_tag":[],"_links":{"self":[{"href":"https:\/\/www.comoditahome.com\/al\/wp-json\/wp\/v2\/product\/34228"}],"collection":[{"href":"https:\/\/www.comoditahome.com\/al\/wp-json\/wp\/v2\/product"}],"about":[{"href":"https:\/\/www.comoditahome.com\/al\/wp-json\/wp\/v2\/types\/product"}],"version-history":[{"count":0,"href":"https:\/\/www.comoditahome.com\/al\/wp-json\/wp\/v2\/product\/34228\/revisions"}],"wp:featuredmedia":[{"embeddable":true,"href":"https:\/\/www.comoditahome.com\/al\/wp-json\/wp\/v2\/media\/31911"}],"wp:attachment":[{"href":"https:\/\/www.comoditahome.com\/al\/wp-json\/wp\/v2\/media?parent=34228"}],"wp:term":[{"taxonomy":"product_cat","embeddable":true,"href":"https:\/\/www.comoditahome.com\/al\/wp-json\/wp\/v2\/product_cat?post=34228"},{"taxonomy":"product_tag","embeddable":true,"href":"https:\/\/www.comoditahome.com\/al\/wp-json\/wp\/v2\/product_tag?post=34228"}],"curies":[{"name":"wp","href":"https:\/\/api.w.org\/{rel}","templated":true}]}}