 {"id":34231,"date":"2021-10-23T21:07:39","date_gmt":"2021-10-23T19:07:39","guid":{"rendered":"http:\/\/al.comoditahome.com\/?post_type=product&#038;p=34231"},"modified":"2026-05-07T09:33:55","modified_gmt":"2026-05-07T07:33:55","slug":"jorgan-medium-line","status":"publish","type":"product","link":"https:\/\/www.comoditahome.com\/al\/product\/jorgan-medium-line\/","title":{"rendered":"Jorgan Medium Line 220x160cm"},"content":{"rendered":"","protected":false},"excerpt":{"rendered":"<p style=\"text-align: left;\">Ky jorgan \u00ebsht\u00eb shum\u00eb i but\u00eb dhe antialergjik, i mbushur me fibra dhe mb\u00ebshtjell\u00ebs me mikrofibra. Dallohet si ngroh\u00ebs i mir\u00eb pa bartur pesh\u00eb t\u00eb r\u00ebnd\u00eb.<br \/>\n<strong>Dimensioni \/ Kompozicioni:<\/strong> 220x160cm<br \/>\n<strong>NGJYRA:<\/strong> I bardh\u00eb<br \/>\n<strong>MATERIALI:<\/strong> Mikrofib\u00ebr<br \/>\n<strong>UDH\u00cbZIMET E P\u00cbRDORIMIT:<\/strong> N\u00eb makin\u00eb lar\u00ebse 40\u00b0C<br \/>\n<strong>KUSHTET E KTHIMIT \/ GARANCION:<\/strong>P\u00ebr shkak t\u00eb kontaktit me higjien\u00eb personale, p\u00ebr produktet e tekstilit nuk pranohen kthime apo reklamacione..<\/p>\n<p>&nbsp;<\/p>\n<p><span style=\"color: #ffffff;\">3907489130419<\/span><\/p>\n","protected":false},"featured_media":31928,"template":"","meta":[],"product_cat":[51,65],"product_tag":[],"_links":{"self":[{"href":"https:\/\/www.comoditahome.com\/al\/wp-json\/wp\/v2\/product\/34231"}],"collection":[{"href":"https:\/\/www.comoditahome.com\/al\/wp-json\/wp\/v2\/product"}],"about":[{"href":"https:\/\/www.comoditahome.com\/al\/wp-json\/wp\/v2\/types\/product"}],"version-history":[{"count":2,"href":"https:\/\/www.comoditahome.com\/al\/wp-json\/wp\/v2\/product\/34231\/revisions"}],"predecessor-version":[{"id":72889,"href":"https:\/\/www.comoditahome.com\/al\/wp-json\/wp\/v2\/product\/34231\/revisions\/72889"}],"wp:featuredmedia":[{"embeddable":true,"href":"https:\/\/www.comoditahome.com\/al\/wp-json\/wp\/v2\/media\/31928"}],"wp:attachment":[{"href":"https:\/\/www.comoditahome.com\/al\/wp-json\/wp\/v2\/media?parent=34231"}],"wp:term":[{"taxonomy":"product_cat","embeddable":true,"href":"https:\/\/www.comoditahome.com\/al\/wp-json\/wp\/v2\/product_cat?post=34231"},{"taxonomy":"product_tag","embeddable":true,"href":"https:\/\/www.comoditahome.com\/al\/wp-json\/wp\/v2\/product_tag?post=34231"}],"curies":[{"name":"wp","href":"https:\/\/api.w.org\/{rel}","templated":true}]}}