 {"id":34235,"date":"2021-10-23T21:07:40","date_gmt":"2021-10-23T19:07:40","guid":{"rendered":"http:\/\/al.comoditahome.com\/?post_type=product&#038;p=34235"},"modified":"2026-04-23T08:59:52","modified_gmt":"2026-04-23T06:59:52","slug":"vazo-banana-leaf","status":"publish","type":"product","link":"https:\/\/www.comoditahome.com\/al\/product\/vazo-banana-leaf\/","title":{"rendered":"Vazo Banana Leaf"},"content":{"rendered":"","protected":false},"excerpt":{"rendered":"<p style=\"text-align: left;\">Vazo dekorative nga linja Banana Leaf vjen e form\u00ebsuar me tekstur\u00eb t\u00eb gjethit n\u00eb ngjyr\u00eb t\u00eb art\u00eb. \u00cbsht\u00eb elementi tejet modern q\u00eb do t\u00eb i jep sharm ambientit tuaj t\u00eb sht\u00ebpis\u00eb.<br \/>\n<strong>Dimensioni \/ Kompozicioni:<\/strong> 11x24cm<br \/>\n<strong>NGJYRA:<\/strong> Ari<br \/>\n<strong>MATERIALI:<\/strong> Plastik\u00eb<br \/>\n<strong>UDH\u00cbZIMET E P\u00cbRDORIMIT:<\/strong> T\u00eb pastrohet me pastruese pluhuri<br \/>\n<strong>KUSHTET E KTHIMIT \/ GARANCION:<\/strong>P\u00ebr k\u00ebt\u00eb produkt pranohet reklamacion brenda 24 or\u00ebve pasi t\u00eb pranoni porosin\u00eb.<\/p>\n","protected":false},"featured_media":31945,"template":"","meta":[],"product_cat":[67,49,51],"product_tag":[],"_links":{"self":[{"href":"https:\/\/www.comoditahome.com\/al\/wp-json\/wp\/v2\/product\/34235"}],"collection":[{"href":"https:\/\/www.comoditahome.com\/al\/wp-json\/wp\/v2\/product"}],"about":[{"href":"https:\/\/www.comoditahome.com\/al\/wp-json\/wp\/v2\/types\/product"}],"version-history":[{"count":0,"href":"https:\/\/www.comoditahome.com\/al\/wp-json\/wp\/v2\/product\/34235\/revisions"}],"wp:featuredmedia":[{"embeddable":true,"href":"https:\/\/www.comoditahome.com\/al\/wp-json\/wp\/v2\/media\/31945"}],"wp:attachment":[{"href":"https:\/\/www.comoditahome.com\/al\/wp-json\/wp\/v2\/media?parent=34235"}],"wp:term":[{"taxonomy":"product_cat","embeddable":true,"href":"https:\/\/www.comoditahome.com\/al\/wp-json\/wp\/v2\/product_cat?post=34235"},{"taxonomy":"product_tag","embeddable":true,"href":"https:\/\/www.comoditahome.com\/al\/wp-json\/wp\/v2\/product_tag?post=34235"}],"curies":[{"name":"wp","href":"https:\/\/api.w.org\/{rel}","templated":true}]}}