 {"id":34236,"date":"2021-10-23T21:07:40","date_gmt":"2021-10-23T19:07:40","guid":{"rendered":"http:\/\/al.comoditahome.com\/?post_type=product&#038;p=34236"},"modified":"2026-04-23T08:59:52","modified_gmt":"2026-04-23T06:59:52","slug":"kuti-per-stoli","status":"publish","type":"product","link":"https:\/\/www.comoditahome.com\/al\/product\/kuti-per-stoli\/","title":{"rendered":"Kuti p\u00ebr stoli"},"content":{"rendered":"","protected":false},"excerpt":{"rendered":"<p style=\"text-align: left;\">Kutia p\u00ebr stoli nga linja Banana Leaf vjen e form\u00ebsuar me tekstur\u00eb t\u00eb gjethit n\u00eb ngjyr\u00eb t\u00eb art\u00eb. P\u00ebrdorni at\u00eb p\u00ebr t\u00eb ruajtur gj\u00ebrat tuaja t\u00eb vogla por q\u00eb kan\u00eb vler\u00eb t\u00eb madhe. Kjo kuti \u00ebsht\u00eb elementi tejet modern duke u b\u00ebr\u00eb aksesori juaj i preferuar.<br \/>\n<strong>Dimensioni \/ Kompozicioni:<\/strong> 12x11cm<br \/>\n<strong>NGJYRA:<\/strong> Ari<br \/>\n<strong>MATERIALI:<\/strong> Plastik\u00eb<br \/>\n<strong>UDH\u00cbZIMET E P\u00cbRDORIMIT:<\/strong> T\u00eb pastrohet me pastruese pluhuri<br \/>\n<strong>KUSHTET E KTHIMIT \/ GARANCION:<\/strong>P\u00ebr k\u00ebt\u00eb produkt pranohet reklamacion brenda 24 or\u00ebve pasi t\u00eb pranoni porosin\u00eb.<br \/>\n<span style=\"color: #ffffff;\">3907489110770<\/span><\/p>\n","protected":false},"featured_media":31949,"template":"","meta":[],"product_cat":[183,49,51,68],"product_tag":[],"_links":{"self":[{"href":"https:\/\/www.comoditahome.com\/al\/wp-json\/wp\/v2\/product\/34236"}],"collection":[{"href":"https:\/\/www.comoditahome.com\/al\/wp-json\/wp\/v2\/product"}],"about":[{"href":"https:\/\/www.comoditahome.com\/al\/wp-json\/wp\/v2\/types\/product"}],"version-history":[{"count":0,"href":"https:\/\/www.comoditahome.com\/al\/wp-json\/wp\/v2\/product\/34236\/revisions"}],"wp:featuredmedia":[{"embeddable":true,"href":"https:\/\/www.comoditahome.com\/al\/wp-json\/wp\/v2\/media\/31949"}],"wp:attachment":[{"href":"https:\/\/www.comoditahome.com\/al\/wp-json\/wp\/v2\/media?parent=34236"}],"wp:term":[{"taxonomy":"product_cat","embeddable":true,"href":"https:\/\/www.comoditahome.com\/al\/wp-json\/wp\/v2\/product_cat?post=34236"},{"taxonomy":"product_tag","embeddable":true,"href":"https:\/\/www.comoditahome.com\/al\/wp-json\/wp\/v2\/product_tag?post=34236"}],"curies":[{"name":"wp","href":"https:\/\/api.w.org\/{rel}","templated":true}]}}