 {"id":34238,"date":"2021-10-23T21:07:40","date_gmt":"2021-10-23T19:07:40","guid":{"rendered":"http:\/\/al.comoditahome.com\/?post_type=product&#038;p=34238"},"modified":"2026-04-23T08:59:52","modified_gmt":"2026-04-23T06:59:52","slug":"objekt-dekorativ-ne-forme-te-gjethes-2","status":"publish","type":"product","link":"https:\/\/www.comoditahome.com\/al\/product\/objekt-dekorativ-ne-forme-te-gjethes-2\/","title":{"rendered":"Objekt dekorativ n\u00eb form\u00eb t\u00eb gjethes"},"content":{"rendered":"","protected":false},"excerpt":{"rendered":"<p style=\"text-align: left;\">Gjethja dekorative nga linja Banana Leaf \u00ebsht\u00eb e dizajnuar n\u00eb detaje tejet t\u00eb bukura q\u00eb transmetojn\u00eb nj\u00eb eleganc\u00eb t\u00eb pakrahasueshme. N\u00eb k\u00ebt\u00eb gjethe mund t\u00eb vendosni dekore t\u00eb im\u00ebta, aroma apo qirinj\u00eb dekorativ. P\u00ebr shkak t\u00eb pamjes kaq speciale, ky dekor \u00ebsht\u00eb ai elementi tejet modern q\u00eb i jep sharm secilit ambient n\u00eb sht\u00ebpin\u00eb tuaj.<br \/>\n<strong>Dimensioni \/ Kompozicioni:<\/strong> 25x13cm<br \/>\n<strong>NGJYRA:<\/strong> Ari<br \/>\n<strong>MATERIALI:<\/strong> Plastik\u00eb<br \/>\n<strong>UDH\u00cbZIMET E P\u00cbRDORIMIT:<\/strong> T\u00eb pastrohet me pastruese pluhuri<br \/>\n<strong>KUSHTET E KTHIMIT \/ GARANCION:<\/strong>P\u00ebr k\u00ebt\u00eb produkt pranohet reklamacion brenda 24 or\u00ebve pasi t\u00eb pranoni porosin\u00eb.<br \/>\n<span style=\"color: #ffffff;\">3907489110794<\/span><\/p>\n","protected":false},"featured_media":31961,"template":"","meta":[],"product_cat":[69,183,49,51],"product_tag":[],"_links":{"self":[{"href":"https:\/\/www.comoditahome.com\/al\/wp-json\/wp\/v2\/product\/34238"}],"collection":[{"href":"https:\/\/www.comoditahome.com\/al\/wp-json\/wp\/v2\/product"}],"about":[{"href":"https:\/\/www.comoditahome.com\/al\/wp-json\/wp\/v2\/types\/product"}],"version-history":[{"count":0,"href":"https:\/\/www.comoditahome.com\/al\/wp-json\/wp\/v2\/product\/34238\/revisions"}],"wp:featuredmedia":[{"embeddable":true,"href":"https:\/\/www.comoditahome.com\/al\/wp-json\/wp\/v2\/media\/31961"}],"wp:attachment":[{"href":"https:\/\/www.comoditahome.com\/al\/wp-json\/wp\/v2\/media?parent=34238"}],"wp:term":[{"taxonomy":"product_cat","embeddable":true,"href":"https:\/\/www.comoditahome.com\/al\/wp-json\/wp\/v2\/product_cat?post=34238"},{"taxonomy":"product_tag","embeddable":true,"href":"https:\/\/www.comoditahome.com\/al\/wp-json\/wp\/v2\/product_tag?post=34238"}],"curies":[{"name":"wp","href":"https:\/\/api.w.org\/{rel}","templated":true}]}}