 {"id":34243,"date":"2021-10-23T21:07:40","date_gmt":"2021-10-23T19:07:40","guid":{"rendered":"http:\/\/al.comoditahome.com\/?post_type=product&#038;p=34243"},"modified":"2026-04-23T08:59:52","modified_gmt":"2026-04-23T06:59:52","slug":"varese-qirinjesh-ne-forme-zemre-2","status":"publish","type":"product","link":"https:\/\/www.comoditahome.com\/al\/product\/varese-qirinjesh-ne-forme-zemre-2\/","title":{"rendered":"Var\u00ebse qirinj\u00ebsh n\u00eb form\u00eb zemre"},"content":{"rendered":"","protected":false},"excerpt":{"rendered":"<p style=\"text-align: left;\">Var\u00ebsja e qirinj\u00ebve nga linja Banana Leaf \u00ebsht\u00eb e form\u00ebsuar n\u00eb form\u00eb zemre n\u00eb ngjyr\u00eb t\u00eb art\u00eb dhe me nj\u00eb tekstur\u00eb unike. Vareni at\u00eb n\u00eb muret e dhom\u00ebs s\u00eb gjumit, ambientet e holleve t\u00eb sht\u00ebpis\u00eb apo tek k\u00ebndi i libraris\u00eb. Kjo var\u00ebse \u00ebsht\u00eb ai elementi tejet modern q\u00eb i jep sharm secilit ambient.<br \/>\n<strong>Dimensioni \/ Kompozicioni:<\/strong><br \/>\n<strong>NGJYRA:<\/strong> Ari<br \/>\n<strong>MATERIALI:<\/strong> Plastik\u00eb<br \/>\n<strong>UDH\u00cbZIMET E P\u00cbRDORIMIT:<\/strong> T\u00eb pastrohet me pastruese pluhuri<br \/>\n<strong>KUSHTET E KTHIMIT \/ GARANCION:<\/strong>P\u00ebr k\u00ebt\u00eb produkt pranohet reklamacion brenda 24 or\u00ebve pasi t\u00eb pranoni porosin\u00eb.<br \/>\n<span style=\"color: #ffffff;\">3907489110848<\/span><\/p>\n","protected":false},"featured_media":31987,"template":"","meta":[],"product_cat":[69,183,49,51],"product_tag":[],"_links":{"self":[{"href":"https:\/\/www.comoditahome.com\/al\/wp-json\/wp\/v2\/product\/34243"}],"collection":[{"href":"https:\/\/www.comoditahome.com\/al\/wp-json\/wp\/v2\/product"}],"about":[{"href":"https:\/\/www.comoditahome.com\/al\/wp-json\/wp\/v2\/types\/product"}],"version-history":[{"count":0,"href":"https:\/\/www.comoditahome.com\/al\/wp-json\/wp\/v2\/product\/34243\/revisions"}],"wp:featuredmedia":[{"embeddable":true,"href":"https:\/\/www.comoditahome.com\/al\/wp-json\/wp\/v2\/media\/31987"}],"wp:attachment":[{"href":"https:\/\/www.comoditahome.com\/al\/wp-json\/wp\/v2\/media?parent=34243"}],"wp:term":[{"taxonomy":"product_cat","embeddable":true,"href":"https:\/\/www.comoditahome.com\/al\/wp-json\/wp\/v2\/product_cat?post=34243"},{"taxonomy":"product_tag","embeddable":true,"href":"https:\/\/www.comoditahome.com\/al\/wp-json\/wp\/v2\/product_tag?post=34243"}],"curies":[{"name":"wp","href":"https:\/\/api.w.org\/{rel}","templated":true}]}}