 {"id":34245,"date":"2021-10-23T21:07:41","date_gmt":"2021-10-23T19:07:41","guid":{"rendered":"http:\/\/al.comoditahome.com\/?post_type=product&#038;p=34245"},"modified":"2026-04-09T11:54:31","modified_gmt":"2026-04-09T09:54:31","slug":"kornize-fotografie-petal","status":"publish","type":"product","link":"https:\/\/www.comoditahome.com\/al\/product\/kornize-fotografie-petal\/","title":{"rendered":"Korniz\u00eb fotografie Petal"},"content":{"rendered":"","protected":false},"excerpt":{"rendered":"<p style=\"text-align: left;\">Korniza p\u00ebr fotografi Petal ka t\u00eb rafinuar n\u00eb t\u00ebr\u00eb sip\u00ebrrfaqen e rretheve petale lulesh agjendi. \u00cbsht\u00eb aksesori i preferuar p\u00ebr ambientet e gjumit, dhom\u00ebs suaj t\u00eb dit\u00ebs apo kur pozicionohet n\u00eb raftet e mureve. Plot\u00ebsoni kornizat me kujtimet tuaja m\u00eb t\u00eb bukura.<br \/>\n<strong>Dimensioni \/ Kompozicioni:<\/strong> 21x16x2cm<br \/>\n<strong>NGJYRA:<\/strong> Argjend<br \/>\n<strong>MATERIALI:<\/strong> Xham me plastike<br \/>\n<strong>UDH\u00cbZIMET E P\u00cbRDORIMIT:<\/strong> T\u00eb pastrohet me pastruese pluhuri<br \/>\n<strong>KUSHTET E KTHIMIT \/ GARANCION:<\/strong>P\u00ebr k\u00ebt\u00eb produkt pranohet reklamacion brenda 24 or\u00ebve pasi t\u00eb pranoni porosin\u00eb.<\/p>\n","protected":false},"featured_media":31999,"template":"","meta":[],"product_cat":[183,49,51,66],"product_tag":[],"_links":{"self":[{"href":"https:\/\/www.comoditahome.com\/al\/wp-json\/wp\/v2\/product\/34245"}],"collection":[{"href":"https:\/\/www.comoditahome.com\/al\/wp-json\/wp\/v2\/product"}],"about":[{"href":"https:\/\/www.comoditahome.com\/al\/wp-json\/wp\/v2\/types\/product"}],"version-history":[{"count":0,"href":"https:\/\/www.comoditahome.com\/al\/wp-json\/wp\/v2\/product\/34245\/revisions"}],"wp:featuredmedia":[{"embeddable":true,"href":"https:\/\/www.comoditahome.com\/al\/wp-json\/wp\/v2\/media\/31999"}],"wp:attachment":[{"href":"https:\/\/www.comoditahome.com\/al\/wp-json\/wp\/v2\/media?parent=34245"}],"wp:term":[{"taxonomy":"product_cat","embeddable":true,"href":"https:\/\/www.comoditahome.com\/al\/wp-json\/wp\/v2\/product_cat?post=34245"},{"taxonomy":"product_tag","embeddable":true,"href":"https:\/\/www.comoditahome.com\/al\/wp-json\/wp\/v2\/product_tag?post=34245"}],"curies":[{"name":"wp","href":"https:\/\/api.w.org\/{rel}","templated":true}]}}