 {"id":34247,"date":"2021-10-23T21:07:41","date_gmt":"2021-10-23T19:07:41","guid":{"rendered":"http:\/\/al.comoditahome.com\/?post_type=product&#038;p=34247"},"modified":"2026-05-07T09:33:55","modified_gmt":"2026-05-07T07:33:55","slug":"kuti-per-stoli-petal","status":"publish","type":"product","link":"https:\/\/www.comoditahome.com\/al\/product\/kuti-per-stoli-petal\/","title":{"rendered":"Kuti p\u00ebr stoli Petal"},"content":{"rendered":"","protected":false},"excerpt":{"rendered":"<p style=\"text-align: left;\">Kutia p\u00ebr stoli Petal vjen e form\u00ebsuar me tekstur\u00eb t\u00eb petaleve n\u00eb ngjyr\u00eb t\u00eb argjend. P\u00ebrdorni at\u00eb p\u00ebr t\u00eb ruajtur gj\u00ebrat tuaja t\u00eb vogla por q\u00eb kan\u00eb vler\u00eb t\u00eb madhe. Shk\u00eblqimi, pamja speciale dhe forma e rrumbullak\u00ebt, e b\u00ebjn\u00eb k\u00ebt\u00eb kuti aksesorin tuaj t\u00eb preferuar.<br \/>\n<strong>Dimensioni \/ Kompozicioni:<\/strong> 9x7cm<br \/>\n<strong>NGJYRA:<\/strong> Argjend<br \/>\n<strong>MATERIALI:<\/strong> Plastik\u00eb<br \/>\n<strong>UDH\u00cbZIMET E P\u00cbRDORIMIT:<\/strong> T\u00eb pastrohet me pastruese pluhuri<br \/>\n<strong>KUSHTET E KTHIMIT \/ GARANCION:<\/strong>P\u00ebr k\u00ebt\u00eb produkt pranohet reklamacion brenda 24 or\u00ebve pasi t\u00eb pranoni porosin\u00eb.<br \/>\n<span style=\"color: #ffffff;\">3907489110886<\/span><\/p>\n","protected":false},"featured_media":32014,"template":"","meta":[],"product_cat":[183,49,51,68],"product_tag":[],"_links":{"self":[{"href":"https:\/\/www.comoditahome.com\/al\/wp-json\/wp\/v2\/product\/34247"}],"collection":[{"href":"https:\/\/www.comoditahome.com\/al\/wp-json\/wp\/v2\/product"}],"about":[{"href":"https:\/\/www.comoditahome.com\/al\/wp-json\/wp\/v2\/types\/product"}],"version-history":[{"count":0,"href":"https:\/\/www.comoditahome.com\/al\/wp-json\/wp\/v2\/product\/34247\/revisions"}],"wp:featuredmedia":[{"embeddable":true,"href":"https:\/\/www.comoditahome.com\/al\/wp-json\/wp\/v2\/media\/32014"}],"wp:attachment":[{"href":"https:\/\/www.comoditahome.com\/al\/wp-json\/wp\/v2\/media?parent=34247"}],"wp:term":[{"taxonomy":"product_cat","embeddable":true,"href":"https:\/\/www.comoditahome.com\/al\/wp-json\/wp\/v2\/product_cat?post=34247"},{"taxonomy":"product_tag","embeddable":true,"href":"https:\/\/www.comoditahome.com\/al\/wp-json\/wp\/v2\/product_tag?post=34247"}],"curies":[{"name":"wp","href":"https:\/\/api.w.org\/{rel}","templated":true}]}}