 {"id":34248,"date":"2021-10-23T21:07:41","date_gmt":"2021-10-23T19:07:41","guid":{"rendered":"http:\/\/al.comoditahome.com\/?post_type=product&#038;p=34248"},"modified":"2026-04-23T08:59:53","modified_gmt":"2026-04-23T06:59:53","slug":"vazo-petal","status":"publish","type":"product","link":"https:\/\/www.comoditahome.com\/al\/product\/vazo-petal\/","title":{"rendered":"Vazo Petal"},"content":{"rendered":"","protected":false},"excerpt":{"rendered":"<p style=\"text-align: left;\">Vazo Petal vjen e form\u00ebsuar me tekstur\u00eb t\u00eb petaleve n\u00eb ngjyr\u00eb t\u00eb argjend. Shk\u00eblqimi, pamja speciale dhe forma e rrumbullak\u00ebt, lejojn\u00eb q\u00eb kjo vazo t&#8217;i jep luleve tuaja r\u00ebnd\u00ebsin\u00eb q\u00eb ju duhet!<br \/>\n<strong>Dimensioni \/ Kompozicioni:<\/strong> 11x19cm<br \/>\n<strong>NGJYRA:<\/strong> Ari<br \/>\n<strong>MATERIALI:<\/strong> Plastik\u00eb<br \/>\n<strong>UDH\u00cbZIMET E P\u00cbRDORIMIT:<\/strong> T\u00eb pastrohet me pastruese pluhuri<br \/>\n<strong>KUSHTET E KTHIMIT \/ GARANCION:<\/strong>P\u00ebr k\u00ebt\u00eb produkt pranohet reklamacion brenda 24 or\u00ebve pasi t\u00eb pranoni porosin\u00eb.<br \/>\n<span style=\"color: #ffffff;\">3907489110893<\/span><\/p>\n","protected":false},"featured_media":32018,"template":"","meta":[],"product_cat":[69,183,49,51],"product_tag":[],"_links":{"self":[{"href":"https:\/\/www.comoditahome.com\/al\/wp-json\/wp\/v2\/product\/34248"}],"collection":[{"href":"https:\/\/www.comoditahome.com\/al\/wp-json\/wp\/v2\/product"}],"about":[{"href":"https:\/\/www.comoditahome.com\/al\/wp-json\/wp\/v2\/types\/product"}],"version-history":[{"count":0,"href":"https:\/\/www.comoditahome.com\/al\/wp-json\/wp\/v2\/product\/34248\/revisions"}],"wp:featuredmedia":[{"embeddable":true,"href":"https:\/\/www.comoditahome.com\/al\/wp-json\/wp\/v2\/media\/32018"}],"wp:attachment":[{"href":"https:\/\/www.comoditahome.com\/al\/wp-json\/wp\/v2\/media?parent=34248"}],"wp:term":[{"taxonomy":"product_cat","embeddable":true,"href":"https:\/\/www.comoditahome.com\/al\/wp-json\/wp\/v2\/product_cat?post=34248"},{"taxonomy":"product_tag","embeddable":true,"href":"https:\/\/www.comoditahome.com\/al\/wp-json\/wp\/v2\/product_tag?post=34248"}],"curies":[{"name":"wp","href":"https:\/\/api.w.org\/{rel}","templated":true}]}}