 {"id":34250,"date":"2021-10-23T21:07:41","date_gmt":"2021-10-23T19:07:41","guid":{"rendered":"http:\/\/al.comoditahome.com\/?post_type=product&#038;p=34250"},"modified":"2026-05-07T09:33:55","modified_gmt":"2026-05-07T07:33:55","slug":"pasqyre-petal-e-madhe","status":"publish","type":"product","link":"https:\/\/www.comoditahome.com\/al\/product\/pasqyre-petal-e-madhe\/","title":{"rendered":"Pasqyr\u00eb Petal e madhe"},"content":{"rendered":"","protected":false},"excerpt":{"rendered":"<p style=\"text-align: left;\">Pasqyra Petal vjen e form\u00ebsuar me tekstur\u00eb t\u00eb petaleve n\u00eb ngjyr\u00eb t\u00eb argjend. Shk\u00eblqimi, pamja speciale dhe forma e rrumbullak\u00ebt, lejojn\u00eb q\u00eb kjo pasqyr\u00eb t\u00eb jet\u00eb e p\u00ebrshtatshme p\u00ebr hap\u00ebsira t\u00eb vogla dhe t\u00eb m\u00ebdha, duke ofruar nj\u00eb reflektim kaq elegant.<br \/>\n<strong>Dimensioni \/ Kompozicioni:<\/strong> 24x2cm<br \/>\n<strong>NGJYRA:<\/strong> Argjend<br \/>\n<strong>MATERIALI:<\/strong> Pasqyr\u00eb me plastik\u00eb<br \/>\n<strong>UDH\u00cbZIMET E P\u00cbRDORIMIT:<\/strong> T\u00eb pastrohet me pastruese pluhuri<br \/>\n<strong>KUSHTET E KTHIMIT \/ GARANCION:<\/strong>P\u00ebr k\u00ebt\u00eb produkt pranohet reklamacion brenda 24 or\u00ebve pasi t\u00eb pranoni porosin\u00eb.<br \/>\n<span style=\"color: #ffffff;\">3907489110916<\/span><\/p>\n","protected":false},"featured_media":32029,"template":"","meta":[],"product_cat":[49,51,70],"product_tag":[],"_links":{"self":[{"href":"https:\/\/www.comoditahome.com\/al\/wp-json\/wp\/v2\/product\/34250"}],"collection":[{"href":"https:\/\/www.comoditahome.com\/al\/wp-json\/wp\/v2\/product"}],"about":[{"href":"https:\/\/www.comoditahome.com\/al\/wp-json\/wp\/v2\/types\/product"}],"version-history":[{"count":0,"href":"https:\/\/www.comoditahome.com\/al\/wp-json\/wp\/v2\/product\/34250\/revisions"}],"wp:featuredmedia":[{"embeddable":true,"href":"https:\/\/www.comoditahome.com\/al\/wp-json\/wp\/v2\/media\/32029"}],"wp:attachment":[{"href":"https:\/\/www.comoditahome.com\/al\/wp-json\/wp\/v2\/media?parent=34250"}],"wp:term":[{"taxonomy":"product_cat","embeddable":true,"href":"https:\/\/www.comoditahome.com\/al\/wp-json\/wp\/v2\/product_cat?post=34250"},{"taxonomy":"product_tag","embeddable":true,"href":"https:\/\/www.comoditahome.com\/al\/wp-json\/wp\/v2\/product_tag?post=34250"}],"curies":[{"name":"wp","href":"https:\/\/api.w.org\/{rel}","templated":true}]}}