 {"id":34257,"date":"2021-10-23T21:07:50","date_gmt":"2021-10-23T19:07:50","guid":{"rendered":"http:\/\/al.comoditahome.com\/?post_type=product&#038;p=34257"},"modified":"2026-04-09T11:54:32","modified_gmt":"2026-04-09T09:54:32","slug":"kornize-fotografie-me-detaje-gjethesh-5","status":"publish","type":"product","link":"https:\/\/www.comoditahome.com\/al\/product\/kornize-fotografie-me-detaje-gjethesh-5\/","title":{"rendered":"Korniz\u00eb Fotografie me detaje gjethesh"},"content":{"rendered":"","protected":false},"excerpt":{"rendered":"<p style=\"text-align: left;\">Korniza p\u00ebr fotografi vjen e dizajnuar n\u00eb tekstur\u00eb t\u00eb ndryshueshme, n\u00eb nj\u00ebr\u00ebn an\u00eb me pamje t\u00eb err\u00ebt dhe t\u00eb nj\u00ebtrajtshme, nd\u00ebrsa n\u00eb pjes\u00ebn tjet\u00ebr me detaje tejet artistike t\u00eb gjetheve t\u00eb gjelb\u00ebrta. Korniza ka mbajt\u00ebse praktike, \u00e7ka e b\u00ebn\u00eb t\u00eb p\u00ebrshtatshme t\u00eb pozicionohet n\u00eb tavolin\u00ebn e vog\u00ebl t\u00eb hollit t\u00eb sht\u00ebpis\u00eb, n\u00eb raftet af\u00ebr librave, apo n\u00eb tavolin\u00ebn an\u00ebsore tek krevati i fjetjes. Plot\u00ebsoni kornizat me kujtimet tuaja t\u00eb preferuara.<br \/>\n<strong>Dimensioni \/ Kompozicioni:<\/strong><br \/>\n<strong>NGJYRA:<\/strong> E zez\u00eb<br \/>\n<strong>MATERIALI:<\/strong> Xham me plastike<br \/>\n<strong>UDH\u00cbZIMET E P\u00cbRDORIMIT:<\/strong> T\u00eb pastrohet me pastruese pluhuri<br \/>\n<strong>KUSHTET E KTHIMIT \/ GARANCION:<\/strong>P\u00ebr k\u00ebt\u00eb produkt pranohet reklamacion brenda 24 or\u00ebve pasi t\u00eb pranoni porosin\u00eb.<\/p>\n","protected":false},"featured_media":32070,"template":"","meta":[],"product_cat":[183,49,51,66],"product_tag":[],"_links":{"self":[{"href":"https:\/\/www.comoditahome.com\/al\/wp-json\/wp\/v2\/product\/34257"}],"collection":[{"href":"https:\/\/www.comoditahome.com\/al\/wp-json\/wp\/v2\/product"}],"about":[{"href":"https:\/\/www.comoditahome.com\/al\/wp-json\/wp\/v2\/types\/product"}],"version-history":[{"count":0,"href":"https:\/\/www.comoditahome.com\/al\/wp-json\/wp\/v2\/product\/34257\/revisions"}],"wp:featuredmedia":[{"embeddable":true,"href":"https:\/\/www.comoditahome.com\/al\/wp-json\/wp\/v2\/media\/32070"}],"wp:attachment":[{"href":"https:\/\/www.comoditahome.com\/al\/wp-json\/wp\/v2\/media?parent=34257"}],"wp:term":[{"taxonomy":"product_cat","embeddable":true,"href":"https:\/\/www.comoditahome.com\/al\/wp-json\/wp\/v2\/product_cat?post=34257"},{"taxonomy":"product_tag","embeddable":true,"href":"https:\/\/www.comoditahome.com\/al\/wp-json\/wp\/v2\/product_tag?post=34257"}],"curies":[{"name":"wp","href":"https:\/\/api.w.org\/{rel}","templated":true}]}}