 {"id":34263,"date":"2021-10-23T21:07:51","date_gmt":"2021-10-23T19:07:51","guid":{"rendered":"http:\/\/al.comoditahome.com\/?post_type=product&#038;p=34263"},"modified":"2026-04-23T08:59:53","modified_gmt":"2026-04-23T06:59:53","slug":"vazo-plumage-2","status":"publish","type":"product","link":"https:\/\/www.comoditahome.com\/al\/product\/vazo-plumage-2\/","title":{"rendered":"Vazo Plumage"},"content":{"rendered":"","protected":false},"excerpt":{"rendered":"<p style=\"text-align: left;\">Vazo dekorative Plumage vjen e form\u00ebsuar me tekstur\u00eb t\u00eb gjethit. P\u00ebr shkak t\u00eb materialit cil\u00ebsor dhe ngjyr\u00ebs speciale, p\u00ebrshtatet leht\u00ebsisht n\u00eb stilimin modern por edhe at\u00eb m\u00eb tradicional. \u00cbsht\u00eb elementi tejet modern q\u00eb do t\u00eb i jep sharm ambientit tuaj t\u00eb sht\u00ebpis\u00eb.<br \/>\n<strong>Dimensioni \/ Kompozicioni:<\/strong> 15x12cm<br \/>\n<strong>NGJYRA:<\/strong> E zez\u00eb<br \/>\n<strong>MATERIALI:<\/strong> Plastik\u00eb<br \/>\n<strong>UDH\u00cbZIMET E P\u00cbRDORIMIT:<\/strong> T\u00eb pastrohet me pastruese pluhuri<br \/>\n<strong>KUSHTET E KTHIMIT \/ GARANCION:<\/strong>P\u00ebr k\u00ebt\u00eb produkt pranohet reklamacion brenda 24 or\u00ebve pasi t\u00eb pranoni porosin\u00eb.<br \/>\n<span style=\"color: #ffffff;\">3907489250056<\/span><\/p>\n","protected":false},"featured_media":32097,"template":"","meta":[],"product_cat":[69,183,49,51],"product_tag":[],"_links":{"self":[{"href":"https:\/\/www.comoditahome.com\/al\/wp-json\/wp\/v2\/product\/34263"}],"collection":[{"href":"https:\/\/www.comoditahome.com\/al\/wp-json\/wp\/v2\/product"}],"about":[{"href":"https:\/\/www.comoditahome.com\/al\/wp-json\/wp\/v2\/types\/product"}],"version-history":[{"count":1,"href":"https:\/\/www.comoditahome.com\/al\/wp-json\/wp\/v2\/product\/34263\/revisions"}],"predecessor-version":[{"id":71937,"href":"https:\/\/www.comoditahome.com\/al\/wp-json\/wp\/v2\/product\/34263\/revisions\/71937"}],"wp:featuredmedia":[{"embeddable":true,"href":"https:\/\/www.comoditahome.com\/al\/wp-json\/wp\/v2\/media\/32097"}],"wp:attachment":[{"href":"https:\/\/www.comoditahome.com\/al\/wp-json\/wp\/v2\/media?parent=34263"}],"wp:term":[{"taxonomy":"product_cat","embeddable":true,"href":"https:\/\/www.comoditahome.com\/al\/wp-json\/wp\/v2\/product_cat?post=34263"},{"taxonomy":"product_tag","embeddable":true,"href":"https:\/\/www.comoditahome.com\/al\/wp-json\/wp\/v2\/product_tag?post=34263"}],"curies":[{"name":"wp","href":"https:\/\/api.w.org\/{rel}","templated":true}]}}