 {"id":34270,"date":"2021-10-23T21:07:51","date_gmt":"2021-10-23T19:07:51","guid":{"rendered":"http:\/\/al.comoditahome.com\/?post_type=product&#038;p=34270"},"modified":"2026-05-07T09:33:56","modified_gmt":"2026-05-07T07:33:56","slug":"kuti-per-stoli-lump-finished-2","status":"publish","type":"product","link":"https:\/\/www.comoditahome.com\/al\/product\/kuti-per-stoli-lump-finished-2\/","title":{"rendered":"Kuti p\u00ebr stoli Lump Finished"},"content":{"rendered":"","protected":false},"excerpt":{"rendered":"<p style=\"text-align: left;\">Kutia p\u00ebr stoli Lump Finished, vjen n\u00eb tekstur\u00ebn p\u00ebrplot\u00eb me shk\u00eblqim t\u00eb art\u00eb. Ajo ka kapakun e art\u00eb me maje t\u00eb tejzgjatur dhe form\u00ebn e rrumbullak\u00ebt me p\u00ebrfundim t\u00eb rafinuar lirsh\u00ebm. Kjo kuti ndihmon n\u00eb organizimin dhe ruajtjen e stolive apo gj\u00ebrave t\u00eb vogla, e nj\u00ebkoh\u00ebsisht funksionon si dekor i ve\u00e7ant\u00eb.<br \/>\n<strong>Dimensioni \/ Kompozicioni:<\/strong><br \/>\n<strong>NGJYRA:<\/strong> Ari<br \/>\n<strong>MATERIALI:<\/strong> Plastik\u00eb<br \/>\n<strong>UDH\u00cbZIMET E P\u00cbRDORIMIT:<\/strong> T\u00eb pastrohet me pastruese pluhuri<br \/>\n<strong>KUSHTET E KTHIMIT \/ GARANCION:<\/strong>P\u00ebr k\u00ebt\u00eb produkt pranohet reklamacion brenda 24 or\u00ebve pasi t\u00eb pranoni porosin\u00eb.<br \/>\n<span style=\"color: #ffffff;\">3907489250124<\/span><\/p>\n","protected":false},"featured_media":32129,"template":"","meta":[],"product_cat":[183,49,51,68],"product_tag":[],"_links":{"self":[{"href":"https:\/\/www.comoditahome.com\/al\/wp-json\/wp\/v2\/product\/34270"}],"collection":[{"href":"https:\/\/www.comoditahome.com\/al\/wp-json\/wp\/v2\/product"}],"about":[{"href":"https:\/\/www.comoditahome.com\/al\/wp-json\/wp\/v2\/types\/product"}],"version-history":[{"count":0,"href":"https:\/\/www.comoditahome.com\/al\/wp-json\/wp\/v2\/product\/34270\/revisions"}],"wp:featuredmedia":[{"embeddable":true,"href":"https:\/\/www.comoditahome.com\/al\/wp-json\/wp\/v2\/media\/32129"}],"wp:attachment":[{"href":"https:\/\/www.comoditahome.com\/al\/wp-json\/wp\/v2\/media?parent=34270"}],"wp:term":[{"taxonomy":"product_cat","embeddable":true,"href":"https:\/\/www.comoditahome.com\/al\/wp-json\/wp\/v2\/product_cat?post=34270"},{"taxonomy":"product_tag","embeddable":true,"href":"https:\/\/www.comoditahome.com\/al\/wp-json\/wp\/v2\/product_tag?post=34270"}],"curies":[{"name":"wp","href":"https:\/\/api.w.org\/{rel}","templated":true}]}}