 {"id":34272,"date":"2021-10-23T21:07:52","date_gmt":"2021-10-23T19:07:52","guid":{"rendered":"http:\/\/al.comoditahome.com\/?post_type=product&#038;p=34272"},"modified":"2026-05-07T09:33:56","modified_gmt":"2026-05-07T07:33:56","slug":"tas-dekorativ-lump-finished-2","status":"publish","type":"product","link":"https:\/\/www.comoditahome.com\/al\/product\/tas-dekorativ-lump-finished-2\/","title":{"rendered":"Tas dekorativ Lump Finished"},"content":{"rendered":"","protected":false},"excerpt":{"rendered":"<p style=\"text-align: left;\">Tasi dekorativ Lump Finished, vjen n\u00eb tekstur\u00ebn p\u00ebrplot\u00eb me shk\u00eblqim t\u00eb art\u00eb. Me nj\u00eb form\u00eb t\u00eb rrumbullak\u00ebt dhe me cepe t\u00eb rafinuara n\u00eb form\u00eb t\u00eb \u00e7rregullt\u00eb, prezanton nj\u00eb pamje shum\u00eb speciale. Ky tas ndihmon n\u00eb organizimin dhe ruajtjen e gj\u00ebrave t\u00eb vogla, e nj\u00ebkoh\u00ebsisht funksionon si dekor i ve\u00e7ant\u00eb.<br \/>\n<strong>Dimensioni \/ Kompozicioni:<\/strong> 16x16x10cm<br \/>\n<strong>NGJYRA:<\/strong> Ari<br \/>\n<strong>MATERIALI:<\/strong> Plastik\u00eb<br \/>\n<strong>UDH\u00cbZIMET E P\u00cbRDORIMIT:<\/strong> T\u00eb pastrohet me pastruese pluhuri<br \/>\n<strong>KUSHTET E KTHIMIT \/ GARANCION:<\/strong>P\u00ebr k\u00ebt\u00eb produkt pranohet reklamacion brenda 24 or\u00ebve pasi t\u00eb pranoni porosin\u00eb.<br \/>\n<span style=\"color: #ffffff;\">3907489250148<\/span><\/p>\n","protected":false},"featured_media":32137,"template":"","meta":[],"product_cat":[69,49,51],"product_tag":[],"_links":{"self":[{"href":"https:\/\/www.comoditahome.com\/al\/wp-json\/wp\/v2\/product\/34272"}],"collection":[{"href":"https:\/\/www.comoditahome.com\/al\/wp-json\/wp\/v2\/product"}],"about":[{"href":"https:\/\/www.comoditahome.com\/al\/wp-json\/wp\/v2\/types\/product"}],"version-history":[{"count":0,"href":"https:\/\/www.comoditahome.com\/al\/wp-json\/wp\/v2\/product\/34272\/revisions"}],"wp:featuredmedia":[{"embeddable":true,"href":"https:\/\/www.comoditahome.com\/al\/wp-json\/wp\/v2\/media\/32137"}],"wp:attachment":[{"href":"https:\/\/www.comoditahome.com\/al\/wp-json\/wp\/v2\/media?parent=34272"}],"wp:term":[{"taxonomy":"product_cat","embeddable":true,"href":"https:\/\/www.comoditahome.com\/al\/wp-json\/wp\/v2\/product_cat?post=34272"},{"taxonomy":"product_tag","embeddable":true,"href":"https:\/\/www.comoditahome.com\/al\/wp-json\/wp\/v2\/product_tag?post=34272"}],"curies":[{"name":"wp","href":"https:\/\/api.w.org\/{rel}","templated":true}]}}