 {"id":34284,"date":"2021-10-23T21:07:53","date_gmt":"2021-10-23T19:07:53","guid":{"rendered":"http:\/\/al.comoditahome.com\/?post_type=product&#038;p=34284"},"modified":"2026-04-23T08:59:55","modified_gmt":"2026-04-23T06:59:55","slug":"kuti-per-stoli-vintage-classy","status":"publish","type":"product","link":"https:\/\/www.comoditahome.com\/al\/product\/kuti-per-stoli-vintage-classy\/","title":{"rendered":"Kuti p\u00ebr stoli Vintage Classy"},"content":{"rendered":"","protected":false},"excerpt":{"rendered":"<p style=\"text-align: left;\">Kutia p\u00ebr stoli Vintage Classy, vjen n\u00eb ngjyr\u00eb t\u00eb kalt\u00ebr me theksime t\u00eb arta. Ajo ka kapakun me maje t\u00eb tejzgjatur dhe form\u00ebn drejtk\u00ebndore. Kjo kuti ndihmon n\u00eb organizimin dhe ruajtjen e stolive apo gj\u00ebrave t\u00eb vogla, e nj\u00ebkoh\u00ebsisht funksionon si dekor i ve\u00e7ant\u00eb.<br \/>\n<strong>Dimensioni \/ Kompozicioni:<\/strong> 19x10x9cm<br \/>\n<strong>NGJYRA:<\/strong> Gjelb\u00ebr dhe Ari<br \/>\n<strong>MATERIALI:<\/strong> Xham me plastike<br \/>\n<strong>UDH\u00cbZIMET E P\u00cbRDORIMIT:<\/strong> T\u00eb pastrohet me pastruese pluhuri<br \/>\n<strong>KUSHTET E KTHIMIT \/ GARANCION:<\/strong>P\u00ebr k\u00ebt\u00eb produkt pranohet reklamacion brenda 24 or\u00ebve pasi t\u00eb pranoni porosin\u00eb.<br \/>\n<span style=\"color: #ffffff;\">3907489250285<\/span><\/p>\n","protected":false},"featured_media":32227,"template":"","meta":[],"product_cat":[49,51,68],"product_tag":[],"_links":{"self":[{"href":"https:\/\/www.comoditahome.com\/al\/wp-json\/wp\/v2\/product\/34284"}],"collection":[{"href":"https:\/\/www.comoditahome.com\/al\/wp-json\/wp\/v2\/product"}],"about":[{"href":"https:\/\/www.comoditahome.com\/al\/wp-json\/wp\/v2\/types\/product"}],"version-history":[{"count":0,"href":"https:\/\/www.comoditahome.com\/al\/wp-json\/wp\/v2\/product\/34284\/revisions"}],"wp:featuredmedia":[{"embeddable":true,"href":"https:\/\/www.comoditahome.com\/al\/wp-json\/wp\/v2\/media\/32227"}],"wp:attachment":[{"href":"https:\/\/www.comoditahome.com\/al\/wp-json\/wp\/v2\/media?parent=34284"}],"wp:term":[{"taxonomy":"product_cat","embeddable":true,"href":"https:\/\/www.comoditahome.com\/al\/wp-json\/wp\/v2\/product_cat?post=34284"},{"taxonomy":"product_tag","embeddable":true,"href":"https:\/\/www.comoditahome.com\/al\/wp-json\/wp\/v2\/product_tag?post=34284"}],"curies":[{"name":"wp","href":"https:\/\/api.w.org\/{rel}","templated":true}]}}