 {"id":34285,"date":"2021-10-23T21:07:53","date_gmt":"2021-10-23T19:07:53","guid":{"rendered":"http:\/\/al.comoditahome.com\/?post_type=product&#038;p=34285"},"modified":"2026-05-07T09:33:57","modified_gmt":"2026-05-07T07:33:57","slug":"tabak-dekorativ-vintage-classy","status":"publish","type":"product","link":"https:\/\/www.comoditahome.com\/al\/product\/tabak-dekorativ-vintage-classy\/","title":{"rendered":"Tabak dekorativ Vintage Classy"},"content":{"rendered":"","protected":false},"excerpt":{"rendered":"<p style=\"text-align: left;\">Tabaku dekorativ Vintage Classy, vjen n\u00eb ngjyr\u00eb t\u00eb kalt\u00ebr me theksime t\u00eb arta. Me form\u00ebn drejtk\u00ebndore dhe detajet speciale me k\u00ebnde t\u00eb rrumbullakosura, ky tabak \u00ebsht\u00eb ideal p\u00ebr dekorimiin e ambientit t\u00eb dhom\u00ebs s\u00eb ndenj\u00ebs duke l\u00ebn\u00eb hap\u00ebsir\u00eb p\u00ebr vendosjen e qirinj\u00ebve apo aromatizuesve t\u00eb k\u00ebndsh\u00ebm.<br \/>\n<strong>Dimensioni \/ Kompozicioni:<\/strong> 28x14x2cm<br \/>\n<strong>NGJYRA:<\/strong> Gjelb\u00ebr dhe Ari<br \/>\n<strong>MATERIALI:<\/strong> Xham me plastike<br \/>\n<strong>UDH\u00cbZIMET E P\u00cbRDORIMIT:<\/strong> T\u00eb pastrohet me pastruese pluhuri<br \/>\n<strong>KUSHTET E KTHIMIT \/ GARANCION:<\/strong>P\u00ebr k\u00ebt\u00eb produkt pranohet reklamacion brenda 24 or\u00ebve pasi t\u00eb pranoni porosin\u00eb.<br \/>\n<span style=\"color: #ffffff;\">3907489250292<\/span><\/p>\n","protected":false},"featured_media":32232,"template":"","meta":[],"product_cat":[69,183,49,51,68],"product_tag":[],"_links":{"self":[{"href":"https:\/\/www.comoditahome.com\/al\/wp-json\/wp\/v2\/product\/34285"}],"collection":[{"href":"https:\/\/www.comoditahome.com\/al\/wp-json\/wp\/v2\/product"}],"about":[{"href":"https:\/\/www.comoditahome.com\/al\/wp-json\/wp\/v2\/types\/product"}],"version-history":[{"count":0,"href":"https:\/\/www.comoditahome.com\/al\/wp-json\/wp\/v2\/product\/34285\/revisions"}],"wp:featuredmedia":[{"embeddable":true,"href":"https:\/\/www.comoditahome.com\/al\/wp-json\/wp\/v2\/media\/32232"}],"wp:attachment":[{"href":"https:\/\/www.comoditahome.com\/al\/wp-json\/wp\/v2\/media?parent=34285"}],"wp:term":[{"taxonomy":"product_cat","embeddable":true,"href":"https:\/\/www.comoditahome.com\/al\/wp-json\/wp\/v2\/product_cat?post=34285"},{"taxonomy":"product_tag","embeddable":true,"href":"https:\/\/www.comoditahome.com\/al\/wp-json\/wp\/v2\/product_tag?post=34285"}],"curies":[{"name":"wp","href":"https:\/\/api.w.org\/{rel}","templated":true}]}}