 {"id":34288,"date":"2021-10-23T21:08:01","date_gmt":"2021-10-23T19:08:01","guid":{"rendered":"http:\/\/al.comoditahome.com\/?post_type=product&#038;p=34288"},"modified":"2026-04-23T08:59:55","modified_gmt":"2026-04-23T06:59:55","slug":"objekt-dekorativ-leaf","status":"publish","type":"product","link":"https:\/\/www.comoditahome.com\/al\/product\/objekt-dekorativ-leaf\/","title":{"rendered":"Objekt dekorativ Leaf"},"content":{"rendered":"","protected":false},"excerpt":{"rendered":"<p style=\"text-align: left;\">Tabaku dekorativ Leaf me vizatime gjethesh \u00ebsht\u00eb i dizajnuar n\u00eb detaje tejet t\u00eb bukura q\u00eb transmetojn\u00eb nj\u00eb eleganc\u00eb t\u00eb pakrahasueshme. N\u00eb k\u00ebt\u00eb tabak mund t\u00eb vendosni dekore t\u00eb im\u00ebta, aroma apo qirinj\u00eb dekorativ. P\u00ebr shkak t\u00eb pamjes kaq speciale, ky objek dekorativ \u00ebsht\u00eb ai elementi tejet modern q\u00eb i jep sharm secilit ambient n\u00eb sht\u00ebpin\u00eb tuaj.<br \/>\n<strong>Dimensioni \/ Kompozicioni:<\/strong> 21x15x2cm<br \/>\n<strong>NGJYRA:<\/strong> Argjend<br \/>\n<strong>MATERIALI:<\/strong> Plastik\u00eb<br \/>\n<strong>UDH\u00cbZIMET E P\u00cbRDORIMIT:<\/strong> T\u00eb pastrohet me pastruese pluhuri<br \/>\n<strong>KUSHTET E KTHIMIT \/ GARANCION:<\/strong>P\u00ebr k\u00ebt\u00eb produkt pranohet reklamacion brenda 24 or\u00ebve pasi t\u00eb pranoni porosin\u00eb.<\/p>\n","protected":false},"featured_media":32251,"template":"","meta":[],"product_cat":[67,183,49,51],"product_tag":[],"_links":{"self":[{"href":"https:\/\/www.comoditahome.com\/al\/wp-json\/wp\/v2\/product\/34288"}],"collection":[{"href":"https:\/\/www.comoditahome.com\/al\/wp-json\/wp\/v2\/product"}],"about":[{"href":"https:\/\/www.comoditahome.com\/al\/wp-json\/wp\/v2\/types\/product"}],"version-history":[{"count":0,"href":"https:\/\/www.comoditahome.com\/al\/wp-json\/wp\/v2\/product\/34288\/revisions"}],"wp:featuredmedia":[{"embeddable":true,"href":"https:\/\/www.comoditahome.com\/al\/wp-json\/wp\/v2\/media\/32251"}],"wp:attachment":[{"href":"https:\/\/www.comoditahome.com\/al\/wp-json\/wp\/v2\/media?parent=34288"}],"wp:term":[{"taxonomy":"product_cat","embeddable":true,"href":"https:\/\/www.comoditahome.com\/al\/wp-json\/wp\/v2\/product_cat?post=34288"},{"taxonomy":"product_tag","embeddable":true,"href":"https:\/\/www.comoditahome.com\/al\/wp-json\/wp\/v2\/product_tag?post=34288"}],"curies":[{"name":"wp","href":"https:\/\/api.w.org\/{rel}","templated":true}]}}