 {"id":34289,"date":"2021-10-23T21:08:01","date_gmt":"2021-10-23T19:08:01","guid":{"rendered":"http:\/\/al.comoditahome.com\/?post_type=product&#038;p=34289"},"modified":"2026-04-09T11:54:33","modified_gmt":"2026-04-09T09:54:33","slug":"vazo-leaf","status":"publish","type":"product","link":"https:\/\/www.comoditahome.com\/al\/product\/vazo-leaf\/","title":{"rendered":"Vazo Leaf"},"content":{"rendered":"","protected":false},"excerpt":{"rendered":"<p>Vazo Leaf vjen e form\u00ebsuar me sip\u00ebrfaqe t\u00eb gjer\u00eb dhe p\u00ebrfundim t\u00eb ngusht\u00eb. P\u00ebr shkak t\u00eb materialit cil\u00ebsor dhe ngjyr\u00ebs speciale, p\u00ebrshtatet leht\u00ebsisht n\u00eb stilimin modern por edhe at\u00eb m\u00eb tradicional. \u00cbsht\u00eb e p\u00ebrkryer p\u00ebr prezantimin e lules suaj m\u00eb t\u00eb bukur.<br \/>\n<strong>Dimensioni \/ Kompozicioni:<\/strong> 21x14x14cm<br \/>\n<strong>NGJYRA:<\/strong> Argjend<br \/>\n<strong>MATERIALI:<\/strong> Plastik\u00eb<br \/>\n<strong>UDH\u00cbZIMET E P\u00cbRDORIMIT:<\/strong> T\u00eb pastrohet me pastruese pluhuri<br \/>\n<strong>KUSHTET E KTHIMIT \/ GARANCION:<\/strong>P\u00ebr k\u00ebt\u00eb produkt pranohet reklamacion brenda 24 or\u00ebve pasi t\u00eb pranoni porosin\u00eb.<\/p>\n","protected":false},"featured_media":32255,"template":"","meta":[],"product_cat":[67,49,51],"product_tag":[],"_links":{"self":[{"href":"https:\/\/www.comoditahome.com\/al\/wp-json\/wp\/v2\/product\/34289"}],"collection":[{"href":"https:\/\/www.comoditahome.com\/al\/wp-json\/wp\/v2\/product"}],"about":[{"href":"https:\/\/www.comoditahome.com\/al\/wp-json\/wp\/v2\/types\/product"}],"version-history":[{"count":0,"href":"https:\/\/www.comoditahome.com\/al\/wp-json\/wp\/v2\/product\/34289\/revisions"}],"wp:featuredmedia":[{"embeddable":true,"href":"https:\/\/www.comoditahome.com\/al\/wp-json\/wp\/v2\/media\/32255"}],"wp:attachment":[{"href":"https:\/\/www.comoditahome.com\/al\/wp-json\/wp\/v2\/media?parent=34289"}],"wp:term":[{"taxonomy":"product_cat","embeddable":true,"href":"https:\/\/www.comoditahome.com\/al\/wp-json\/wp\/v2\/product_cat?post=34289"},{"taxonomy":"product_tag","embeddable":true,"href":"https:\/\/www.comoditahome.com\/al\/wp-json\/wp\/v2\/product_tag?post=34289"}],"curies":[{"name":"wp","href":"https:\/\/api.w.org\/{rel}","templated":true}]}}