 {"id":34294,"date":"2021-10-23T21:08:01","date_gmt":"2021-10-23T19:08:01","guid":{"rendered":"http:\/\/al.comoditahome.com\/?post_type=product&#038;p=34294"},"modified":"2026-04-23T08:59:55","modified_gmt":"2026-04-23T06:59:55","slug":"objekt-dekorativ-ne-forme-leopardi","status":"publish","type":"product","link":"https:\/\/www.comoditahome.com\/al\/product\/objekt-dekorativ-ne-forme-leopardi\/","title":{"rendered":"Objekt dekorativ n\u00eb form\u00eb Leopardi"},"content":{"rendered":"","protected":false},"excerpt":{"rendered":"<p style=\"text-align: left;\">Objekti dekorativ n\u00eb pamjen e Leopardit, p\u00ebrmes pamjes s\u00eb tij t\u00eb guximshme, prezanton nj\u00eb stil unik t\u00eb stilimit t\u00eb sht\u00ebpis\u00eb. Kjo skulptur\u00eb kaq speciale, dallohet p\u00ebr shk\u00eblqimin e art\u00eb, detajet e rafinuara t\u00eb tipareve t\u00eb fytyr\u00ebs, gjymtyr\u00ebve dhe pikat n\u00eb t\u00ebr\u00eb sip\u00ebrfaqen e trupit.<br \/>\n<strong>Dimensioni \/ Kompozicioni:<\/strong> 36x17cm<br \/>\n<strong>NGJYRA:<\/strong> Ari<br \/>\n<strong>MATERIALI:<\/strong> Plastik\u00eb<br \/>\n<strong>UDH\u00cbZIMET E P\u00cbRDORIMIT:<\/strong> T\u00eb pastrohet me pastruese pluhuri<br \/>\n<strong>KUSHTET E KTHIMIT \/ GARANCION:<\/strong>P\u00ebr k\u00ebt\u00eb produkt pranohet reklamacion brenda 24 or\u00ebve pasi t\u00eb pranoni porosin\u00eb.<\/p>\n","protected":false},"featured_media":32279,"template":"","meta":[],"product_cat":[67,49,51],"product_tag":[],"_links":{"self":[{"href":"https:\/\/www.comoditahome.com\/al\/wp-json\/wp\/v2\/product\/34294"}],"collection":[{"href":"https:\/\/www.comoditahome.com\/al\/wp-json\/wp\/v2\/product"}],"about":[{"href":"https:\/\/www.comoditahome.com\/al\/wp-json\/wp\/v2\/types\/product"}],"version-history":[{"count":0,"href":"https:\/\/www.comoditahome.com\/al\/wp-json\/wp\/v2\/product\/34294\/revisions"}],"wp:featuredmedia":[{"embeddable":true,"href":"https:\/\/www.comoditahome.com\/al\/wp-json\/wp\/v2\/media\/32279"}],"wp:attachment":[{"href":"https:\/\/www.comoditahome.com\/al\/wp-json\/wp\/v2\/media?parent=34294"}],"wp:term":[{"taxonomy":"product_cat","embeddable":true,"href":"https:\/\/www.comoditahome.com\/al\/wp-json\/wp\/v2\/product_cat?post=34294"},{"taxonomy":"product_tag","embeddable":true,"href":"https:\/\/www.comoditahome.com\/al\/wp-json\/wp\/v2\/product_tag?post=34294"}],"curies":[{"name":"wp","href":"https:\/\/api.w.org\/{rel}","templated":true}]}}