 {"id":34295,"date":"2021-10-23T21:08:01","date_gmt":"2021-10-23T19:08:01","guid":{"rendered":"http:\/\/al.comoditahome.com\/?post_type=product&#038;p=34295"},"modified":"2026-05-07T09:33:57","modified_gmt":"2026-05-07T07:33:57","slug":"tas-dekorativ-bee","status":"publish","type":"product","link":"https:\/\/www.comoditahome.com\/al\/product\/tas-dekorativ-bee\/","title":{"rendered":"Tas dekorativ Bee"},"content":{"rendered":"","protected":false},"excerpt":{"rendered":"<p style=\"text-align: left;\">Tasi dekorativ Bee, vjen n\u00eb tekstur\u00ebn e vizatuar nga qelizat e blet\u00ebve tek prodhojn\u00eb mjaltin. Me nj\u00eb form\u00eb t\u00eb rrumbullak\u00ebt dhe me detajin e vizatuar t\u00eb blet\u00ebs n\u00eb nj\u00ebrin nga cepet, prezanton nj\u00eb pamje shum\u00eb speciale. Ky tas ndihmon n\u00eb organizimin dhe ruajtjen e gj\u00ebrave t\u00eb vogla, e nj\u00ebkoh\u00ebsisht funksionon si dekor i ve\u00e7ant\u00eb.<br \/>\n<strong>Dimensioni \/ Kompozicioni:<\/strong> 12x12x10cm<br \/>\n<strong>NGJYRA:<\/strong> E zez\u00eb<br \/>\n<strong>MATERIALI:<\/strong> Plastik\u00eb<br \/>\n<strong>UDH\u00cbZIMET E P\u00cbRDORIMIT:<\/strong> T\u00eb pastrohet me pastruese pluhuri<br \/>\n<strong>KUSHTET E KTHIMIT \/ GARANCION:<\/strong>P\u00ebr k\u00ebt\u00eb produkt pranohet reklamacion brenda 24 or\u00ebve pasi t\u00eb pranoni porosin\u00eb.<br \/>\n<span style=\"color: #ffffff;\">3907489250384<\/span><\/p>\n","protected":false},"featured_media":32288,"template":"","meta":[],"product_cat":[67,183,49,51,68],"product_tag":[],"_links":{"self":[{"href":"https:\/\/www.comoditahome.com\/al\/wp-json\/wp\/v2\/product\/34295"}],"collection":[{"href":"https:\/\/www.comoditahome.com\/al\/wp-json\/wp\/v2\/product"}],"about":[{"href":"https:\/\/www.comoditahome.com\/al\/wp-json\/wp\/v2\/types\/product"}],"version-history":[{"count":0,"href":"https:\/\/www.comoditahome.com\/al\/wp-json\/wp\/v2\/product\/34295\/revisions"}],"wp:featuredmedia":[{"embeddable":true,"href":"https:\/\/www.comoditahome.com\/al\/wp-json\/wp\/v2\/media\/32288"}],"wp:attachment":[{"href":"https:\/\/www.comoditahome.com\/al\/wp-json\/wp\/v2\/media?parent=34295"}],"wp:term":[{"taxonomy":"product_cat","embeddable":true,"href":"https:\/\/www.comoditahome.com\/al\/wp-json\/wp\/v2\/product_cat?post=34295"},{"taxonomy":"product_tag","embeddable":true,"href":"https:\/\/www.comoditahome.com\/al\/wp-json\/wp\/v2\/product_tag?post=34295"}],"curies":[{"name":"wp","href":"https:\/\/api.w.org\/{rel}","templated":true}]}}